{"id":350,"date":"2021-01-12T16:41:30","date_gmt":"2021-01-12T16:41:30","guid":{"rendered":"http:\/\/shop.belar.md\/product\/import-placeholder-for-364\/"},"modified":"2026-04-16T05:01:34","modified_gmt":"2026-04-16T05:01:34","slug":"gentle-cleansing-powder","status":"publish","type":"product","link":"https:\/\/shop.belar.md\/ro\/product\/gentle-cleansing-powder\/","title":{"rendered":"Pudr\u0103 delicat\u0103 pentru cur\u0103\u021barea tenului"},"content":{"rendered":"<p><span style=\"font-weight: 400;\">Gentle Cleansing Powder este un super produs de cur\u0103\u021bare, pentru toate tipurile de piele \u0219i o alegere ideal\u0103 pentru tenul mixt. \u00cendep\u0103rteaz\u0103 eficient excesul de sebum din zonele cu con\u021binut ridicat de gr\u0103sime, \u00een timp ce cur\u0103\u021b\u0103 delicat pielea \u00een zonele uscate (pe obraji, \u00een jurul ochilor). C\u00e2nd este amestecat\u0103 cu ap\u0103, cea mai fin\u0103 pudr\u0103 aromat\u0103 formeaz\u0103 o spum\u0103 bogat\u0103, cremoas\u0103, care \u00eendep\u0103rteaz\u0103 cu u\u0219urin\u021b\u0103 impurit\u0103\u021bile, l\u0103s\u00e2nd pielea impecabil curat\u0103, proasp\u0103t\u0103 \u0219i str\u0103lucitoare.<\/span><\/p>\n<p><b><i>Avantaje:<\/i><\/b><\/p>\n<ul>\n<li style=\"font-weight: 400;\" aria-level=\"1\"><span style=\"font-weight: 400;\">cur\u0103\u021bare delicat\u0103 \u0219i super eficient\u0103 a pielii;<\/span><\/li>\n<li style=\"font-weight: 400;\" aria-level=\"1\"><span style=\"font-weight: 400;\">con\u021bine componente naturale de cur\u0103\u021bare pe baz\u0103 de aminoacizi;<\/span><\/li>\n<li style=\"font-weight: 400;\" aria-level=\"1\"><span style=\"font-weight: 400;\">perfect\u0103 pentru tenul mixt \u2013 elimin\u0103 excesul de sebum f\u0103r\u0103 a usca tenul;<\/span><\/li>\n<li style=\"font-weight: 400;\" aria-level=\"1\"><span style=\"font-weight: 400;\">elimin\u0103 str\u0103lucirea uleioas\u0103, previne apari\u021bia comedoanelor \u0219i a elementelor inflamatorii;<\/span><\/li>\n<li style=\"font-weight: 400;\" aria-level=\"1\"><span style=\"font-weight: 400;\">textura \u0219i aroma pl\u0103cut\u0103 &#8211; las\u0103 pielea cu o senza\u021bie absolut curat\u0103 \u0219i confortabil\u0103;<\/span><\/li>\n<li style=\"font-weight: 400;\" aria-level=\"1\"><span style=\"font-weight: 400;\">v\u0103 permite s\u0103 \u00eendep\u0103rta\u021bi machiajul f\u0103r\u0103 demachiante speciale;<\/span><\/li>\n<li style=\"font-weight: 400;\" aria-level=\"1\"><span style=\"font-weight: 400;\">produs \u201eunisex\u201d pentru orice tip de piele, pentru orice v\u00e2rst\u0103;<\/span><\/li>\n<li style=\"font-weight: 400;\" aria-level=\"1\"><span style=\"font-weight: 400;\">ambalaj avantajos \u0219i consum minim.<\/span><\/li>\n<\/ul>\n<p><b><i>Inova\u021bii, ingrediente active<\/i><\/b><\/p>\n<ul>\n<li><b>Amidon de porumb hidrolizat<\/b><span style=\"font-weight: 400;\">: Absorbant natural, cur\u0103\u021b\u0103 \u0219i matifiaz\u0103 pielea.<\/span><\/li>\n<li><b>Silice<\/b><span style=\"font-weight: 400;\">: pudr\u0103 natural\u0103 pe baz\u0103 de siliciu, exfoliaz\u0103, stimuleaz\u0103 circula\u021bia s\u00e2ngelui.\u00a0<\/span><\/li>\n<li><b>Surfactan\u021bi pe baz\u0103 de aminoacizi<\/b><span style=\"font-weight: 400;\">: asigur\u0103 cur\u0103\u021barea delicat\u0103 a pielii \u0219i o hidratare bun\u0103.<\/span><\/li>\n<li><b>Polipeptide biosintetice:<\/b><span style=\"font-weight: 400;\"> catifeleaz\u0103 pielea, hidrateaz\u0103 \u0219i cur\u0103\u021b\u0103 eficient.<\/span><\/li>\n<\/ul>\n<p><b><i>Mod de utilizare: <\/i><\/b><span style=\"font-weight: 400;\">Utiliza\u021bi zilnic, diminea\u021ba \u0219i seara. Se toarn\u0103 pu\u021bin\u0103 pudr\u0103 \u00een palmele umede, se face spum\u0103, se aplic\u0103 pe piele, se maseaz\u0103 u\u0219or, apoi se cl\u0103te\u0219te cu mult\u0103 ap\u0103.<\/span><\/p>","protected":false},"excerpt":{"rendered":"<p>Gentle cleansing powder, 100 gr<\/p>\n","protected":false},"featured_media":380,"template":"","meta":[],"product_cat":[40,41],"product_tag":[],"_links":{"self":[{"href":"https:\/\/shop.belar.md\/ro\/wp-json\/wp\/v2\/product\/350"}],"collection":[{"href":"https:\/\/shop.belar.md\/ro\/wp-json\/wp\/v2\/product"}],"about":[{"href":"https:\/\/shop.belar.md\/ro\/wp-json\/wp\/v2\/types\/product"}],"wp:featuredmedia":[{"embeddable":true,"href":"https:\/\/shop.belar.md\/ro\/wp-json\/wp\/v2\/media\/380"}],"wp:attachment":[{"href":"https:\/\/shop.belar.md\/ro\/wp-json\/wp\/v2\/media?parent=350"}],"wp:term":[{"taxonomy":"product_cat","embeddable":true,"href":"https:\/\/shop.belar.md\/ro\/wp-json\/wp\/v2\/product_cat?post=350"},{"taxonomy":"product_tag","embeddable":true,"href":"https:\/\/shop.belar.md\/ro\/wp-json\/wp\/v2\/product_tag?post=350"}],"curies":[{"name":"wp","href":"https:\/\/api.w.org\/{rel}","templated":true}]}}