{"id":3492,"date":"2024-02-09T13:35:03","date_gmt":"2024-02-09T13:35:03","guid":{"rendered":"https:\/\/shop.belar.md\/?post_type=product&#038;p=3492"},"modified":"2026-04-15T05:03:39","modified_gmt":"2026-04-15T05:03:39","slug":"podarochnyj-sertifikat-1000","status":"publish","type":"product","link":"https:\/\/shop.belar.md\/ro\/product\/podarochnyj-sertifikat-1000\/","title":{"rendered":"CERTIFICAT CADOU 1000"},"content":{"rendered":"<p>Ofer\u0103-i persoanei dragi cadoul perfect cu un certificat de la Belar.md ! cu acest certificat, el va putea alege orice produs din sortimentul nostru.<\/p>\n<p>\u0218i asta nu e tot!<br \/>\nAtunci c\u00e2nd cump\u0103r\u0103 un certificat cadou pentru orice sum\u0103, purt\u0103torul prime\u0219te sfaturi profesionale de la noi de la un specialist cu selec\u021bia produselor cosmetice pentru caracteristicile individuale.<\/p>\n<p>Pentru a ob\u021bine sfaturi \u0219i selec\u021bie de produse cosmetice, pute\u021bi utiliza certificatul numai \u00een magazinul de pe strada Vasile Alexandri 54\/1, Chi\u0219in\u0103u.<br \/>\nCertificatul poate fi comandat cu livrare \u00een Moldova sau ridicare din acela\u0219i magazin.<\/p>\n<p>Vom crea o dispozi\u021bie festiv\u0103 \u0219i vom sublinia importan\u021ba darului t\u0103u \u0219i a iubirii tale pentru cel care \u00eel prime\u0219te!<\/p>\n<p>Ob\u021bine\u021bi un certificat, nu pierde\u021bi darul!<\/p>","protected":false},"excerpt":{"rendered":"<p>Un certificat cadou \u00een valoare de 1000 lei<\/p>\n","protected":false},"featured_media":3493,"template":"","meta":[],"product_cat":[40,509,41,60,512],"product_tag":[],"_links":{"self":[{"href":"https:\/\/shop.belar.md\/ro\/wp-json\/wp\/v2\/product\/3492"}],"collection":[{"href":"https:\/\/shop.belar.md\/ro\/wp-json\/wp\/v2\/product"}],"about":[{"href":"https:\/\/shop.belar.md\/ro\/wp-json\/wp\/v2\/types\/product"}],"wp:featuredmedia":[{"embeddable":true,"href":"https:\/\/shop.belar.md\/ro\/wp-json\/wp\/v2\/media\/3493"}],"wp:attachment":[{"href":"https:\/\/shop.belar.md\/ro\/wp-json\/wp\/v2\/media?parent=3492"}],"wp:term":[{"taxonomy":"product_cat","embeddable":true,"href":"https:\/\/shop.belar.md\/ro\/wp-json\/wp\/v2\/product_cat?post=3492"},{"taxonomy":"product_tag","embeddable":true,"href":"https:\/\/shop.belar.md\/ro\/wp-json\/wp\/v2\/product_tag?post=3492"}],"curies":[{"name":"wp","href":"https:\/\/api.w.org\/{rel}","templated":true}]}}