{"id":3476,"date":"2024-02-08T13:40:31","date_gmt":"2024-02-08T13:40:31","guid":{"rendered":"https:\/\/shop.belar.md\/?post_type=product&#038;p=3476"},"modified":"2026-04-20T05:06:36","modified_gmt":"2026-04-20T05:06:36","slug":"detoks-koncentrat-ukreplyaet-immunnuju-sistemu-kozhi","status":"publish","type":"product","link":"https:\/\/shop.belar.md\/ro\/product\/detoks-koncentrat-ukreplyaet-immunnuju-sistemu-kozhi\/","title":{"rendered":"Detox Fluid"},"content":{"rendered":"<p>Detox Fluid con\u021bine ingrediente active care sprijin\u0103 defalcarea natural\u0103 a componentelor celulare deteriorate.<br \/>\nPeptidele de avocado foarte active asigur\u0103 descompunerea proteinelor modificate \u00een fragmente mai mici, procesate. Celulele sunt eliberate de produsele metabolice, dob\u00e2ndind capacitatea de a func\u021biona normal.<br \/>\nUn extract dintr-un tip special de drojdie, bogat \u00een alfa-glucan, activeaz\u0103, de asemenea, descompunerea proteinelor \u0219i lipidelor mari oxidate, inclusiv a pigmentului lipofuscin\u0103 \u00eemb\u0103tr\u00e2nit.<br \/>\nRezultat: dup\u0103 un timp scurt, tenul este uniformizat, pielea radiaz\u0103 energie \u0219i arat\u0103 odihnit\u0103, proasp\u0103t\u0103 \u0219i t\u00e2n\u0103r\u0103. Severitatea petelor de v\u00e2rst\u0103 este redus\u0103, ridurile \u0219i liniile fine sunt netezite .<br \/>\n* Elibereaz\u0103 celula de proteinele deteriorate \u0219i alte toxine<br \/>\n* Lanseaz\u0103 sistemul natural de detoxifiere a pielii<br \/>\n* Protejeaz\u0103 celulele de deteriorarea radicalilor liberi<br \/>\n* Cre\u0219te nivelul de energie al celulelor<br \/>\n* Reface metabolismul celular<br \/>\n* \u00cent\u0103re\u0219te microcircula\u021bia<br \/>\n* \u00cent\u0103re\u0219te sistemul imunitar<br \/>\n* Hidrateaz\u0103, regenereaz\u0103 pielea<br \/>\n* Reducerea severit\u0103\u021bii petelor de v\u00e2rst\u0103<\/p>\n<p>Aplica\u021bi Detox Fluid pe pielea curat\u0103. Pentru a face acest lucru, \u00eenf\u0103\u0219ura\u021bi v\u00e2rful fiolei cu un \u0219erve\u021bel de h\u00e2rtie \u0219i rupe\u021bi-l cu o mi\u0219care ascu\u021bit\u0103. Se toarn\u0103 con\u021binutul \u00een palma m\u00e2inii \u0219i apoi se \u00eentinde pe piele folosind mi\u0219c\u0103ri u\u0219oare de presiune. Doar pentru uz extern.<\/p>","protected":false},"excerpt":{"rendered":"<p>Detox Fluid, 7 ampules<\/p>\n","protected":false},"featured_media":3491,"template":"","meta":[],"product_cat":[40,41],"product_tag":[],"_links":{"self":[{"href":"https:\/\/shop.belar.md\/ro\/wp-json\/wp\/v2\/product\/3476"}],"collection":[{"href":"https:\/\/shop.belar.md\/ro\/wp-json\/wp\/v2\/product"}],"about":[{"href":"https:\/\/shop.belar.md\/ro\/wp-json\/wp\/v2\/types\/product"}],"wp:featuredmedia":[{"embeddable":true,"href":"https:\/\/shop.belar.md\/ro\/wp-json\/wp\/v2\/media\/3491"}],"wp:attachment":[{"href":"https:\/\/shop.belar.md\/ro\/wp-json\/wp\/v2\/media?parent=3476"}],"wp:term":[{"taxonomy":"product_cat","embeddable":true,"href":"https:\/\/shop.belar.md\/ro\/wp-json\/wp\/v2\/product_cat?post=3476"},{"taxonomy":"product_tag","embeddable":true,"href":"https:\/\/shop.belar.md\/ro\/wp-json\/wp\/v2\/product_tag?post=3476"}],"curies":[{"name":"wp","href":"https:\/\/api.w.org\/{rel}","templated":true}]}}