{"id":3382,"date":"2023-11-29T14:04:00","date_gmt":"2023-11-29T14:04:00","guid":{"rendered":"https:\/\/shop.belar.md\/?post_type=product&#038;p=3382"},"modified":"2026-04-22T05:01:37","modified_gmt":"2026-04-22T05:01:37","slug":"krem-dlya-kombinirovannoj-kozhi-s-balansirujushhim-effektom","status":"publish","type":"product","link":"https:\/\/shop.belar.md\/ro\/product\/krem-dlya-kombinirovannoj-kozhi-s-balansirujushhim-effektom\/","title":{"rendered":"Crem\u0103 echilibrant\u0103, inovatoare, cu propriet\u0103\u021bi anti-age"},"content":{"rendered":"<p><span style=\"font-weight: 400;\">BALANCING CREAM este o crem\u0103 inovatoare \u201einteligent\u0103\u201d cu propriet\u0103\u021bi anti-age pentru \u00eengrijirea oric\u0103rui tip de piele.Perfect\u0103 pentru tenul mixt: are capacitatea uimitoare de a normaliza starea zonelor grase \u0219i uscate datorit\u0103 carbohidra\u021bilor complec\u0219i deriva\u021bi din t\u0103r\u00e2\u021be de orez. Se absoarbe rapid \u0219i elimin\u0103 str\u0103lucirea uleioas\u0103. Str\u00e2nge porii, hidrateaz\u0103, catifeleaz\u0103 \u0219i neteze\u0219te pielea. Are efect antibacterian. \u00cen doar 5 s\u0103pt\u0103m\u00e2ni, pielea se transform\u0103 &#8211; devine neted\u0103, elastic\u0103, f\u0103r\u0103 str\u0103lucire gras\u0103 \u0219i inflama\u021bie.<\/span><\/p>\n<p><b><i>Avantaje:<\/i><\/b><\/p>\n<ul>\n<li style=\"font-weight: 400;\" aria-level=\"1\"><span style=\"font-weight: 400;\">crem\u0103 echilibrant\u0103 cu propriet\u0103\u021bi antibacteriene;<\/span><\/li>\n<li style=\"font-weight: 400;\" aria-level=\"1\"><span style=\"font-weight: 400;\">produs \u201eunisex\u201d pentru orice tip de piele, pentru orice v\u00e2rst\u0103;<\/span><\/li>\n<li style=\"font-weight: 400;\" aria-level=\"1\"><span style=\"font-weight: 400;\">perfect\u0103 pentru tenul mixt: \u00ee\u0219i normalizeaz\u0103 rapid starea at\u00e2t \u00een \u200b\u200bzonele grase, c\u00e2t \u0219i \u00een cele uscate;<\/span><\/li>\n<li style=\"font-weight: 400;\" aria-level=\"1\"><span style=\"font-weight: 400;\">ingrediente active \u00een cea mai biodisponibil\u0103 form\u0103;<\/span><\/li>\n<li style=\"font-weight: 400;\" aria-level=\"1\"><span style=\"font-weight: 400;\">elimin\u0103 str\u0103lucirea uleioas\u0103, uniformizeaz\u0103 nuan\u021ba pielii, \u00eembun\u0103t\u0103\u021be\u0219te tenul;<\/span><\/li>\n<li style=\"font-weight: 400;\" aria-level=\"1\"><span style=\"font-weight: 400;\">previne apari\u021bia comedoanelor \u0219i a elementelor inflamatorii;<\/span><\/li>\n<li style=\"font-weight: 400;\" aria-level=\"1\"><span style=\"font-weight: 400;\">consum minim; textura u\u0219oar\u0103, pl\u0103cut\u0103 se \u00eentinde u\u0219or \u0219i se absoarbe rapid;<\/span><\/li>\n<li style=\"font-weight: 400;\" aria-level=\"1\"><span style=\"font-weight: 400;\">poate fi utilizat\u0103 drept baz\u0103 pentru machiaj.<\/span><\/li>\n<\/ul>\n<p><b><i>Inova\u021bii, componente active<\/i><\/b><\/p>\n<ul>\n<li><b>Inozitol:<\/b><span style=\"font-weight: 400;\"> carbohidra\u021bii complec\u0219i din t\u0103r\u00e2\u021be de orez, regleaz\u0103 func\u021bia glandelor sebacee, normalizeaz\u0103 nivelul lipidelor \u00een zonele uscate \u0219i grase ale pielii \u0219i uniformizeaz\u0103 nivelul de hidratare al pielii.<\/span><\/li>\n<li><b>Extract de alge ro\u0219ii Chondrus crispus:<\/b><span style=\"font-weight: 400;\"> un extract de alge ro\u0219ii bogat \u00een substan\u021be organice \u0219i minerale. Hidrateaz\u0103 intens \u0219i are efect antibacterian, satureaz\u0103 celulele cu oxigen \u0219i \u00eembun\u0103t\u0103\u021be\u0219te metabolismul.<\/span><\/li>\n<li><b>Extract de aloe vera: <\/b><span style=\"font-weight: 400;\">catifeleaz\u0103, cur\u0103\u021b\u0103 \u0219i cre\u0219te hidratarea tenului, are efecte antiinflamatorii \u0219i antibacteriene, protejeaz\u0103 tenul.<\/span><\/li>\n<li><b>Microsfere mate:<\/b><span style=\"font-weight: 400;\"> microparticule poroase, rotunjite din pulbere de poliamid\u0103; absorb excesul de sebum \u0219i ofer\u0103 pielii un finisaj mat.<\/span><\/li>\n<li><b>Vitamina C:<\/b><span style=\"font-weight: 400;\"> antioxidant, activeaz\u0103 metabolismul intercelular, stimuleaz\u0103 sinteza proteinelor, \u00een special colagenul, ajut\u0103 la uniformizarea tenului.<\/span><\/li>\n<li><b>Vitamina E<\/b><span style=\"font-weight: 400;\">: antioxidant, protejeaz\u0103 celulele pielii \u0219i stimuleaz\u0103 regenerarea, previne procesele de \u00eemb\u0103tr\u00e2nire prematur\u0103.<\/span><\/li>\n<\/ul>\n<p><b><i>Mod de utilizare: <\/i><\/b><span style=\"font-weight: 400;\">Aplica\u021bi zilnic diminea\u021ba \u0219i\/sau seara pe pielea curat\u0103. Perfect ca baz\u0103 pentru machiaj.<\/span><\/p>","protected":false},"excerpt":{"rendered":"<p>Balancing cream, 200 ml<\/p>\n","protected":false},"featured_media":3383,"template":"","meta":[],"product_cat":[40,41],"product_tag":[],"_links":{"self":[{"href":"https:\/\/shop.belar.md\/ro\/wp-json\/wp\/v2\/product\/3382"}],"collection":[{"href":"https:\/\/shop.belar.md\/ro\/wp-json\/wp\/v2\/product"}],"about":[{"href":"https:\/\/shop.belar.md\/ro\/wp-json\/wp\/v2\/types\/product"}],"wp:featuredmedia":[{"embeddable":true,"href":"https:\/\/shop.belar.md\/ro\/wp-json\/wp\/v2\/media\/3383"}],"wp:attachment":[{"href":"https:\/\/shop.belar.md\/ro\/wp-json\/wp\/v2\/media?parent=3382"}],"wp:term":[{"taxonomy":"product_cat","embeddable":true,"href":"https:\/\/shop.belar.md\/ro\/wp-json\/wp\/v2\/product_cat?post=3382"},{"taxonomy":"product_tag","embeddable":true,"href":"https:\/\/shop.belar.md\/ro\/wp-json\/wp\/v2\/product_tag?post=3382"}],"curies":[{"name":"wp","href":"https:\/\/api.w.org\/{rel}","templated":true}]}}