{"id":3232,"date":"2023-06-22T13:24:01","date_gmt":"2023-06-22T13:24:01","guid":{"rendered":"https:\/\/shop.belar.md\/?post_type=product&#038;p=3232"},"modified":"2026-04-22T05:01:11","modified_gmt":"2026-04-22T05:01:11","slug":"koncentrat-dlya-uvlazhneniya-i-vosstanovleniya-kontura-glaz","status":"publish","type":"product","link":"https:\/\/shop.belar.md\/ro\/product\/koncentrat-dlya-uvlazhneniya-i-vosstanovleniya-kontura-glaz\/","title":{"rendered":"Concentrat pentru hidratarea \u0219i restabilirea conturului ochilor"},"content":{"rendered":"<p><strong>Eye Flash Fluid<\/strong> cu acid hialuronic \u0219i complex peptidic este un produs de terapie intensiv\u0103 conceput special pentru pielea epuizat\u0103 \u0219i sensibil\u0103 din jurul ochilor. \u00cen doar c\u00e2teva minute, Eye Flash Fluid red\u0103 str\u0103lucirea \u0219i prospe\u021bimea pielii. \u00cencepe procesul de recuperare natural\u0103 a pielii epuizate din jurul ochilor.<\/p>\n<p>&#8211; Hidrateaz\u0103 instantaneu \u0219i prelungit.<br \/>\n&#8211; Restabile\u0219te hidrobalan\u021ba optim\u0103 a pielii.<br \/>\n&#8211; Neteze\u0219te ridurile.<br \/>\n&#8211; Cre\u0219te fermitatea \u0219i elasticitatea pielii.<br \/>\n&#8211; Ofer\u0103 un efect pronun\u021bat de ridicare.<br \/>\n&#8211; Activeaz\u0103 sinteza colagenului \u0219i a acidului hialuronic.<br \/>\n&#8211; \u00cencepe procesul de re\u00eennoire natural\u0103 a pielii.<br \/>\n<strong>Ingrediente Active:<\/strong><br \/>\n&#8211; Acid hialuronic cu lan\u021b lung: un agent hidratant cu con\u021binut molecular ridicat, ob\u021binut biotehnologic, cu o capacitate puternic\u0103 de a lega \u0219i re\u021bine umezeala pe suprafa\u021ba pielii.<br \/>\n&#8211; Acid hialuronic cu lan\u021b scurt: un agent hidratant cu greutate molecular\u0103 mic\u0103, ob\u021binut biotehnologic, cu o capacitate puternic\u0103 de a lega umezeala, p\u0103trunde \u00een straturile profunde ale epidermei, neteze\u0219te pielea din interior \u0219i previne pierderea de umiditate, \u00eembun\u0103t\u0103\u021be\u0219te comunicarea celular\u0103.<br \/>\n&#8211; Matrixyl 3000( complex peptidic): con\u021bine peptide speciale mesager (matrikins) implicate \u00een procesele de restaurare natural\u0103 a pielii. Cre\u0219te expresia genelor implicate \u00een restructurarea pielii, activeaz\u0103 sinteza componentelor matricei extracelulare a pielii (de exemplu, acid hialuronic, colagen), promoveaz\u0103 netezirea vizibil\u0103 a ridurilor.<br \/>\n&#8211; Glicerin\u0103: alcoolul triatomic asociat cu lipidele vegetale re\u021bine umiditatea \u0219i reduce pierderea transepidermic\u0103.<\/p>\n<p><strong>Metoda de aplicare:<\/strong><br \/>\nAplica\u021bi Eye Flash Fluid pe pielea curat\u0103 din jurul ochilor diminea\u021ba \u0219i \/ sau seara. \u00cenf\u0103\u0219ura\u021bi capul fiolei cu un \u0219erve\u021bel de h\u00e2rtie \u0219i rupe\u021bi-l. Se toarn\u0103 con\u021binutul fiolei \u00een palma m\u00e2inii, se \u00eentinde uniform pe pielea din jurul ochilor cu mi\u0219c\u0103ri u\u0219oare de b\u0103taie. Numai pentru uz extern.<\/p>","protected":false},"excerpt":{"rendered":"<p>Eye Flash Fluid 7 buc de 2 ml<\/p>\n","protected":false},"featured_media":3233,"template":"","meta":[],"product_cat":[40,41],"product_tag":[],"_links":{"self":[{"href":"https:\/\/shop.belar.md\/ro\/wp-json\/wp\/v2\/product\/3232"}],"collection":[{"href":"https:\/\/shop.belar.md\/ro\/wp-json\/wp\/v2\/product"}],"about":[{"href":"https:\/\/shop.belar.md\/ro\/wp-json\/wp\/v2\/types\/product"}],"wp:featuredmedia":[{"embeddable":true,"href":"https:\/\/shop.belar.md\/ro\/wp-json\/wp\/v2\/media\/3233"}],"wp:attachment":[{"href":"https:\/\/shop.belar.md\/ro\/wp-json\/wp\/v2\/media?parent=3232"}],"wp:term":[{"taxonomy":"product_cat","embeddable":true,"href":"https:\/\/shop.belar.md\/ro\/wp-json\/wp\/v2\/product_cat?post=3232"},{"taxonomy":"product_tag","embeddable":true,"href":"https:\/\/shop.belar.md\/ro\/wp-json\/wp\/v2\/product_tag?post=3232"}],"curies":[{"name":"wp","href":"https:\/\/api.w.org\/{rel}","templated":true}]}}