{"id":3229,"date":"2023-06-22T13:05:20","date_gmt":"2023-06-22T13:05:20","guid":{"rendered":"https:\/\/shop.belar.md\/?post_type=product&#038;p=3229"},"modified":"2026-05-01T08:03:06","modified_gmt":"2026-05-01T05:03:06","slug":"intensivno-vosstanavlivajushhij-anti-age-fljuid-s-retinolom","status":"publish","type":"product","link":"https:\/\/shop.belar.md\/ro\/product\/intensivno-vosstanavlivajushhij-anti-age-fljuid-s-retinolom\/","title":{"rendered":"Concentrat de fiole cu retinol"},"content":{"rendered":"<p>Doar 2 mililitri pentru efect maxim-concentrat de fiole cu retinol, unul dintre cele mai puternice ingrediente anti-v\u00e2rst\u0103! Este recomandat pentru utilizare \u00eencep\u00e2nd cu v\u00e2rsta de 25 de ani, deoarece are un efect r\u0103coritor \u0219i antiinflamator asupra pielii \u00een acela\u0219i timp. Accelereaz\u0103 regenerarea, \u00eembun\u0103t\u0103\u021be\u0219te tonusul pielii, textura \u0219i u\u0219urarea, ajut\u0103 la combaterea ridurilor premature, a petelor de v\u00e2rst\u0103.\u00a0 Combina\u021bia dintre retinol \u0219i complexul inovator Equal Refining \u00eembun\u0103t\u0103\u021be\u0219te starea pielii grase \u0219i problematice predispuse la acnee: normalizeaz\u0103 glandele sebacee, reduce porii m\u0103ri\u021bi \u0219i previne dezvoltarea inflama\u021biei.\u00a0 Booster de hidratare, acid hialuronic \u0219i aloe vera hidrateaz\u0103 intens pielea \u0219i \u00eei \u00eent\u0103resc bariera de protec\u021bie.<br \/>\nDatorit\u0103 ac\u021biunii complexe de rafinare a lichidului Retinol, semnele de inflama\u021bie dispar, pielea se uniformizeaz\u0103, devine mai elastic\u0103 \u0219i elastic\u0103, arat\u0103 s\u0103n\u0103toas\u0103 \u0219i t\u00e2n\u0103r\u0103.<\/p>\n<p>Piele mai fin\u0103, mai ferm\u0103, f\u0103r\u0103 semne de inflama\u021bie*<br \/>\n* Opinia a 85% dintre participan\u021bii la test (25+) dup\u0103 4 s\u0103pt\u0103m\u00e2ni de aplicare.<\/p>\n<p><strong>\u00a0Avantaje:<\/strong><\/p>\n<p>Medicament foarte eficient cu retinol pentru uz casnic sigur<br \/>\n\u00cengrijire intensiv\u0103 anti-v\u00e2rst\u0103 \u0219i lupt\u0103 \u00eempotriva elementelor inflamatorii<br \/>\nStimuleaz\u0103 produc\u021bia de colagen \u0219i re\u00eennoirea celulelor<br \/>\nPrevine hiperkeratoza, formarea de comedoane, acnee, post-acnee<br \/>\nCon\u021bine un rapel de hidratare-restabile\u0219te instantaneu hidrobalan\u021ba pielii, reduce severitatea ridurilor<br \/>\nCu o utilizare regulat\u0103, uniformizeaz\u0103 relieful \u0219i tonul pielii, lumineaz\u0103 petele pigmentate<br \/>\nFiola de sticl\u0103 este un format modern &#8220;medical&#8221;, cu un minim de conservan\u021bi<br \/>\nMonodoz\u0103 precis\u0103, siguran\u021b\u0103 a propriet\u0103\u021bilor \u0219i u\u0219urin\u021b\u0103 \u00een utilizare<br \/>\nOfer\u0103 un efect cumulativ \u0219i de durat\u0103 atunci c\u00e2nd se utilizeaz\u0103 cursul<\/p>\n<p><strong>Numai pentru uz extern!<\/strong><br \/>\nCur\u0103\u021ba\u021bi-v\u0103 pielea cu gel de cur\u0103\u021bare purificator \u0219i Tonic purificator. \u00cenf\u0103\u0219ura\u021bi v\u00e2rful fiolei cu un \u0219erve\u021bel de h\u00e2rtie, rupe\u021bi cu o mi\u0219care ascu\u021bit\u0103 \u0219i aplica\u021bi con\u021binutul pe fa\u021b\u0103, g\u00e2t \u0219i decolteu. A\u0219tepta\u021bi p\u00e2n\u0103 se absoarbe complet, apoi aplica\u021bi crem\u0103 u\u0219oar\u0103 matifiant\u0103 sau crem\u0103 de reglare a retinolului. Cursul minim este de 7 zile, cursul intensiv este de 28 de zile.<\/p>","protected":false},"excerpt":{"rendered":"<p>REFINING RETINOL FLUID 7 buc de 2 mil<\/p>\n","protected":false},"featured_media":3231,"template":"","meta":[],"product_cat":[40,41],"product_tag":[],"_links":{"self":[{"href":"https:\/\/shop.belar.md\/ro\/wp-json\/wp\/v2\/product\/3229"}],"collection":[{"href":"https:\/\/shop.belar.md\/ro\/wp-json\/wp\/v2\/product"}],"about":[{"href":"https:\/\/shop.belar.md\/ro\/wp-json\/wp\/v2\/types\/product"}],"wp:featuredmedia":[{"embeddable":true,"href":"https:\/\/shop.belar.md\/ro\/wp-json\/wp\/v2\/media\/3231"}],"wp:attachment":[{"href":"https:\/\/shop.belar.md\/ro\/wp-json\/wp\/v2\/media?parent=3229"}],"wp:term":[{"taxonomy":"product_cat","embeddable":true,"href":"https:\/\/shop.belar.md\/ro\/wp-json\/wp\/v2\/product_cat?post=3229"},{"taxonomy":"product_tag","embeddable":true,"href":"https:\/\/shop.belar.md\/ro\/wp-json\/wp\/v2\/product_tag?post=3229"}],"curies":[{"name":"wp","href":"https:\/\/api.w.org\/{rel}","templated":true}]}}