{"id":3141,"date":"2023-05-16T10:48:43","date_gmt":"2023-05-16T10:48:43","guid":{"rendered":"https:\/\/shop.belar.md\/?post_type=product&#038;p=3141"},"modified":"2026-04-20T05:06:36","modified_gmt":"2026-04-20T05:06:36","slug":"retinol-lift-serum","status":"publish","type":"product","link":"https:\/\/shop.belar.md\/ro\/product\/retinol-lift-serum\/","title":{"rendered":"Lifting serum rejuvenator, cu retinol"},"content":{"rendered":"<p><span style=\"font-weight: 400;\">Rezultate senza\u021bionale, dovedite, momentane \u0219i de lung\u0103 durat\u0103 datorit\u0103 propriet\u0103\u021bilor unice ale retinolului.<\/span><\/p>\n<p><span style=\"font-weight: 400;\">Inovatorul <\/span><i><span style=\"font-weight: 400;\">SER RETINOL LIFT<\/span><\/i><span style=\"font-weight: 400;\"> este un concentrat anti-age, restructurant, cu ac\u021biune profund\u0103 \u0219i efect de lifting instant \u0219i de lung\u0103 durat\u0103.<\/span><\/p>\n<p><span style=\"font-weight: 400;\">Con\u021bine o combina\u021bie unic\u0103 de dou\u0103 ingrediente puternice, anti-age\u00a0 &#8211; retinol \u00eencapsulat \u0219i niacinamid\u0103, care \u00ee\u0219i demonstreaz\u0103 \u00eentregul poten\u021bial \u00een ser: stimuleaz\u0103 produc\u021bia de colagen, re\u00eennoiesc \u0219i \u00eentineresc pielea, \u00eei \u00eembun\u0103t\u0103\u021besc structura, combat primele semne ale \u00eemb\u0103tr\u00e2nirii \u0219i neutralizeaz\u0103 radicalii liberi. Acidul hialuronic \u0219i uleiurile pre\u021bioase satureaz\u0103 pielea cu umiditate \u0219i lipide nutritive valoroase, iar \u00een combina\u021bie cu <\/span><i><span style=\"font-weight: 400;\">pullulanul<\/span><\/i><span style=\"font-weight: 400;\"> ofer\u0103 un efect de lifting. Serul are o textur\u0103 u\u0219oar\u0103 de emulsie \u0219i o arom\u0103 pl\u0103cut\u0103. Recomandat pentru toate tipurile de ten \u00een calitate de booster, care cre\u0219te eficien\u021ba \u00eengrijirii zilnice anti-age. Se combin\u0103 perfect cu alte produse <\/span><i><span style=\"font-weight: 400;\">JANSSEN COSMETICS<\/span><\/i><span style=\"font-weight: 400;\">.<\/span><\/p>\n<p><span style=\"font-weight: 400;\">Pielea devine ferm\u0103, neted\u0103, tonifiat\u0103, radiant\u0103 \u0219i arat\u0103 mai t\u00e2n\u0103r\u0103.<\/span><\/p>\n<p><b><i>Avantaje:<\/i><\/b><\/p>\n<ul>\n<li style=\"font-weight: 400;\" aria-level=\"1\"><span style=\"font-weight: 400;\">concentrat restructurant anti-age, cu ac\u021biune profund\u0103.<\/span><\/li>\n<li style=\"font-weight: 400;\" aria-level=\"1\"><span style=\"font-weight: 400;\">con\u021bine o combina\u021bie complet nou\u0103 \u0219i unic\u0103 de dou\u0103 ingrediente puternice anti-age &#8211; retinol \u0219i niacinamid\u0103, care \u00ee\u0219i amplific\u0103 reciproc ac\u021biunea.<\/span><\/li>\n<li style=\"font-weight: 400;\" aria-level=\"1\"><span style=\"font-weight: 400;\">efect instantaneu: piele hidratat\u0103, hr\u0103nit\u0103, neted\u0103, lifting vizibil.<\/span><\/li>\n<li style=\"font-weight: 400;\" aria-level=\"1\"><span style=\"font-weight: 400;\">efect cumulativ de rejuvenare: mai pu\u021bine riduri, pete pigmentare \u0219i pete de v\u00e2rst\u0103.<\/span><\/li>\n<li style=\"font-weight: 400;\" aria-level=\"1\"><span style=\"font-weight: 400;\">cre\u0219te fermitatea \u0219i densitatea pielii, \u00eent\u0103re\u0219te bariera sa protectoare.<\/span><\/li>\n<li style=\"font-weight: 400;\" aria-level=\"1\"><span style=\"font-weight: 400;\">potrivit pentru toate tipurile de piele, inclusiv pielea sensibil\u0103.<\/span><\/li>\n<li style=\"font-weight: 400;\" aria-level=\"1\"><span style=\"font-weight: 400;\">produs unisex.<\/span><\/li>\n<\/ul>\n<p><b><i>Inova\u021bii, componente active<\/i><\/b><\/p>\n<ul>\n<li><b>Retinol \u00eencapsulat:<\/b> <span style=\"font-weight: 400;\">are stabilitate \u0219i func\u021bionalitate ridicate; p\u0103trunde \u00een straturile profunde ale epidermei, stimuleaz\u0103 sinteza colagenului \u0219i proliferarea celular\u0103, accelereaz\u0103 regenerarea pielii, cre\u0219te turgorul \u0219i elasticitatea acesteia, reduce severitatea ridurilor de expresie \u0219i statice.<\/span><\/li>\n<li><b>Niacinamid\u0103: <\/b><span style=\"font-weight: 400;\">vitamina B3 hidrosolubil\u0103, ingredient activ multifunc\u021bional; stabilizeaz\u0103 func\u021bia de barier\u0103 a pielii, reduce pierderea transepidermic\u0103 de ap\u0103, cre\u0219te nivelul de hidratare; are propriet\u0103\u021bi antiinflamatorii, calmeaz\u0103 pielea; are efect anti-age.<\/span><\/li>\n<li><b>Pullulanul <\/b><span style=\"font-weight: 400;\">este un polizaharid natural produs prin fermentare, folosind ciuperca Aureobasidium Pullulans. Este alc\u0103tuit din unit\u0103\u021bi glicozidice \u0219i este foarte solubil \u00een ap\u0103. Formeaz\u0103 o pelicul\u0103 durabil\u0103, elastic\u0103 \u0219i respirabil\u0103 pe piele, pentru un efect de lifting pronun\u021bat. Efect instantaneu: cu 130% mai mult\u0103 elasticitate a pielii; efect prelungit: cre\u0219tere semnificativ\u0103 a elasticit\u0103\u021bii pielii la 70% dintre participan\u021bii la testul de grup.<\/span><\/li>\n<li><b>Ulei de c\u0103tin\u0103:<\/b> <span style=\"font-weight: 400;\">bogat \u00een vitaminele A, E, C, precum \u0219i vitaminele din grupa B, K, P, caroteni, carotenoizi, steroli, acizi palmitic, palmitoleic, oleic \u0219i linoleic, omega-3 \u0219i fosfolipide. Are efecte antiinflamatorii, regenerante \u0219i antioxidante.\u00a0<\/span><\/li>\n<li><b>Acid hialuronic cu greutate molecular\u0103 mare:<\/b> <span style=\"font-weight: 400;\">formeaz\u0103 o pelicul\u0103 de re\u021binere a umidit\u0103\u021bii pe suprafa\u021ba pielii, previne pierderea transepidermic\u0103 de ap\u0103 (TEWL). Umple ridurile cauzate de usc\u0103ciune.<\/span><\/li>\n<li><b>Ulei de nuci de macadamia:<\/b> <span style=\"font-weight: 400;\">catifeleaz\u0103, hidrateaz\u0103, restaureaz\u0103 \u0219i \u00eentinere\u0219te pielea. Accelereaz\u0103 procesul de regenerare. Se absoarbe bine.<\/span><\/li>\n<li><b>Unt de shea:<\/b> <span style=\"font-weight: 400;\">are propriet\u0103\u021bi antioxidante pronun\u021bate. Stimuleaz\u0103 re\u00eennoirea \u0219i regenerarea celular\u0103, \u00eent\u0103re\u0219te pielea \u0219i neteze\u0219te ridurile.<\/span><\/li>\n<\/ul>\n<p><b><i>Mod de utilizare:\u00a0<\/i><\/b><span style=\"font-weight: 400;\">Zilnic, de preferin\u021b\u0103 seara, aplica\u021bi serul pe fa\u021b\u0103, g\u00e2t \u0219i decolteu, evit\u00e2nd zona ochilor. Aplica\u021bi\u00a0 deasupra crema, \u00een func\u021bie de tipul pielii. Pentru o protec\u021bie suplimentar\u0103 a pielii \u00eempotriva radia\u021biilor UV diminea\u021ba, v\u0103 recomand\u0103m s\u0103 utiliza\u021bi <a href=\"https:\/\/shop.belar.md\/product\/face-guard-advanced-2\/\">Face Guard Advanced<\/a> SPF30.<\/span><\/p>\n<p>&nbsp;<\/p>","protected":false},"excerpt":{"rendered":"<p>SER DE RIDICARE CU RETINOL, 30 ml<\/p>\n","protected":false},"featured_media":3142,"template":"","meta":[],"product_cat":[40,41],"product_tag":[],"_links":{"self":[{"href":"https:\/\/shop.belar.md\/ro\/wp-json\/wp\/v2\/product\/3141"}],"collection":[{"href":"https:\/\/shop.belar.md\/ro\/wp-json\/wp\/v2\/product"}],"about":[{"href":"https:\/\/shop.belar.md\/ro\/wp-json\/wp\/v2\/types\/product"}],"wp:featuredmedia":[{"embeddable":true,"href":"https:\/\/shop.belar.md\/ro\/wp-json\/wp\/v2\/media\/3142"}],"wp:attachment":[{"href":"https:\/\/shop.belar.md\/ro\/wp-json\/wp\/v2\/media?parent=3141"}],"wp:term":[{"taxonomy":"product_cat","embeddable":true,"href":"https:\/\/shop.belar.md\/ro\/wp-json\/wp\/v2\/product_cat?post=3141"},{"taxonomy":"product_tag","embeddable":true,"href":"https:\/\/shop.belar.md\/ro\/wp-json\/wp\/v2\/product_tag?post=3141"}],"curies":[{"name":"wp","href":"https:\/\/api.w.org\/{rel}","templated":true}]}}