{"id":3137,"date":"2023-06-13T12:26:17","date_gmt":"2023-06-13T12:26:17","guid":{"rendered":"https:\/\/shop.belar.md\/?post_type=product&#038;p=3137"},"modified":"2026-04-17T05:01:22","modified_gmt":"2026-04-17T05:01:22","slug":"tonizirujushhij-gel-dlya-dusha-dlya-muzhchin","status":"publish","type":"product","link":"https:\/\/shop.belar.md\/ro\/product\/tonizirujushhij-gel-dlya-dusha-dlya-muzhchin\/","title":{"rendered":"Gel de du\u0219 tonifiant, cu  parfum revigorant cu note citrice, care cur\u0103\u021b\u0103 \u0219i energizeaz\u0103"},"content":{"rendered":"<p><span style=\"font-weight: 400;\">Gel de du\u0219 activ \u2013 un gel de du\u0219 revigorant, potrivit pentru cur\u0103\u021barea zilnic\u0103 a corpului \u0219i a p\u0103rului.<\/span><\/p>\n<p><span style=\"font-weight: 400;\">Formula revitalizant\u0103, pe baz\u0103 de surfactan\u021bi bl\u00e2nzi din nuc\u0103 de cocos \u0219i zaharuri, cur\u0103\u021b\u0103 \u00een profunzime \u0219i deosebit de delicat, oferind o senza\u021bie fantastic\u0103 de prospe\u021bime pe tot parcursul zilei.<\/span><\/p>\n<p><span style=\"font-weight: 400;\">\u00cen contact cu apa, gelul formeaz\u0103 o spum\u0103 fin\u0103 care se \u00eentinde bine \u0219i se spal\u0103 u\u0219or, l\u0103s\u00e2nd pielea curat\u0103, hidratat\u0103 \u0219i \u00eengrijit\u0103. O compozi\u021bie aromat\u0103 de floare de portocal, l\u0103m\u00e2ie, iasomie \u0219i lemn de santal picant energizeaz\u0103 \u0219i \u00eembun\u0103t\u0103\u021be\u0219te starea de spirit.<\/span><\/p>\n<p><b><i>Avantaje:<\/i><\/b><\/p>\n<ul>\n<li style=\"font-weight: 400;\" aria-level=\"1\"><span style=\"font-weight: 400;\">gel de du\u0219 tonifiant cu surfactan\u021bi naturali moi<\/span><\/li>\n<li style=\"font-weight: 400;\" aria-level=\"1\"><span style=\"font-weight: 400;\">potrivit pentru cur\u0103\u021barea pielii \u0219i a p\u0103rului<\/span><\/li>\n<li style=\"font-weight: 400;\" aria-level=\"1\"><span style=\"font-weight: 400;\">nu usuc\u0103 \u0219i nu modific\u0103 pH-ul pielii<\/span><\/li>\n<li style=\"font-weight: 400;\" aria-level=\"1\"><span style=\"font-weight: 400;\">un parfum revigorant cu note citrice, care energizeaz\u0103<\/span><\/li>\n<li style=\"font-weight: 400;\" aria-level=\"1\"><span style=\"font-weight: 400;\">ideal pentru utilizare zilnic\u0103.<\/span><\/li>\n<\/ul>\n<p><b><i>Inova\u021bii, componente active<\/i><\/b><\/p>\n<ul>\n<li><b>Coco Glucoside: <\/b><span style=\"font-weight: 400;\">un surfactant u\u0219or, pe baz\u0103 de ulei de cocos \u0219i glucoz\u0103; este 100% pe baz\u0103 de plante, bine tolerat de piele \u0219i se descompune u\u0219or.<\/span><\/li>\n<li><b>Oleat de gliceril:<\/b><span style=\"font-weight: 400;\"> confer\u0103 pielii netezime \u0219i elasticitate.<\/span><\/li>\n<\/ul>\n<p><b><i>Mod de utilizare:\u00a0<\/i><\/b><span style=\"font-weight: 400;\">Face\u021bi spum\u0103 cu o cantitate mic\u0103 de produs \u00een palme, distribui\u021bi pe piele \u0219i p\u0103r, cl\u0103ti\u021bi bine.<\/span><\/p>","protected":false},"excerpt":{"rendered":"<p>Active Shower Gel, 200 ml<\/p>\n","protected":false},"featured_media":3138,"template":"","meta":[],"product_cat":[60,511],"product_tag":[],"_links":{"self":[{"href":"https:\/\/shop.belar.md\/ro\/wp-json\/wp\/v2\/product\/3137"}],"collection":[{"href":"https:\/\/shop.belar.md\/ro\/wp-json\/wp\/v2\/product"}],"about":[{"href":"https:\/\/shop.belar.md\/ro\/wp-json\/wp\/v2\/types\/product"}],"wp:featuredmedia":[{"embeddable":true,"href":"https:\/\/shop.belar.md\/ro\/wp-json\/wp\/v2\/media\/3138"}],"wp:attachment":[{"href":"https:\/\/shop.belar.md\/ro\/wp-json\/wp\/v2\/media?parent=3137"}],"wp:term":[{"taxonomy":"product_cat","embeddable":true,"href":"https:\/\/shop.belar.md\/ro\/wp-json\/wp\/v2\/product_cat?post=3137"},{"taxonomy":"product_tag","embeddable":true,"href":"https:\/\/shop.belar.md\/ro\/wp-json\/wp\/v2\/product_tag?post=3137"}],"curies":[{"name":"wp","href":"https:\/\/api.w.org\/{rel}","templated":true}]}}