{"id":3124,"date":"2023-05-05T08:33:15","date_gmt":"2023-05-05T08:33:15","guid":{"rendered":"https:\/\/shop.belar.md\/?post_type=product&#038;p=3124"},"modified":"2026-05-02T08:02:27","modified_gmt":"2026-05-02T05:02:27","slug":"bio-phyto-ultimate-defense-day-cream-spf-20","status":"publish","type":"product","link":"https:\/\/shop.belar.md\/ro\/product\/bio-phyto-ultimate-defense-day-cream-spf-20\/","title":{"rendered":"Crem\u0103 SPF 20 pentru ten mixt"},"content":{"rendered":"<p><\/p>\n<p class=\"text\">Crem\u0103 universal\u0103 pentru orice tip de piele, are o densitate medie \u0219i o arom\u0103 pl\u0103cut\u0103. Hidrateaz\u0103, hr\u0103ne\u0219te, \u00eenmoaie, restabile\u0219te rapid \u0219i calmeaz\u0103 pielea. Ofer\u0103 un efect de mat\u0103 u\u0219oar\u0103.<\/p>\n<p class=\"text\">Protec\u021bia mixt\u0103 \u00eempotriva razelor UV (filtre foto fizice \u0219i chimice), vitamine \u0219i antioxidan\u021bi garanteaz\u0103 prevenirea fiabil\u0103 a deterior\u0103rii fotografiilor \u0219i a \u00eemb\u0103tr\u00e2nirii premature a pielii.<\/p>\n<p><strong>V\u00e2rsta<\/strong>: f\u0103r\u0103 restric\u021bii<\/p>\n<p><strong>Tipul De Piele<\/strong>: Combina\u021bie, Normal\u0103;<\/p>\n<p><strong>Problem\u0103 estetic\u0103<\/strong>: rozacee, usc\u0103ciune, peeling, piele sensibil\u0103;<\/p>\n<p><strong>Efectul produsului<\/strong>: Protec\u021bie \u00eempotriva razelor UV, nutri\u021bie, hidratare;<\/p>\n<p><strong>Aplicare<\/strong>: Aplica\u021bi o cantitate mic\u0103 de medicament pe pielea fe\u021bei. Introduce\u021bi cu mi\u0219c\u0103ri u\u0219oare de masaj.<\/p>\n<p><strong>Ingrediente Active<\/strong>: ciclopentasiloxan; etilhexil trianon; bis-etilhexiloxifenol metoxifenil triazin\u0103; dioxid de titan; clorfenezin\u0103; acetat de tocoferil; etilhexilglicerin\u0103; hialuronat de sodiu (acid hialuronic cu greutate molecular\u0103 mare); extract de frunze de ceai verde; acid folic; cianocobalamin\u0103 (vitamina B12).<\/p>","protected":false},"excerpt":{"rendered":"<p>Bio Phyto Ultimate Defense Day Cream SPF 20, 75 ml<\/p>\n","protected":false},"featured_media":3125,"template":"","meta":[],"product_cat":[40,41],"product_tag":[],"_links":{"self":[{"href":"https:\/\/shop.belar.md\/ro\/wp-json\/wp\/v2\/product\/3124"}],"collection":[{"href":"https:\/\/shop.belar.md\/ro\/wp-json\/wp\/v2\/product"}],"about":[{"href":"https:\/\/shop.belar.md\/ro\/wp-json\/wp\/v2\/types\/product"}],"wp:featuredmedia":[{"embeddable":true,"href":"https:\/\/shop.belar.md\/ro\/wp-json\/wp\/v2\/media\/3125"}],"wp:attachment":[{"href":"https:\/\/shop.belar.md\/ro\/wp-json\/wp\/v2\/media?parent=3124"}],"wp:term":[{"taxonomy":"product_cat","embeddable":true,"href":"https:\/\/shop.belar.md\/ro\/wp-json\/wp\/v2\/product_cat?post=3124"},{"taxonomy":"product_tag","embeddable":true,"href":"https:\/\/shop.belar.md\/ro\/wp-json\/wp\/v2\/product_tag?post=3124"}],"curies":[{"name":"wp","href":"https:\/\/api.w.org\/{rel}","templated":true}]}}