{"id":306,"date":"2021-01-12T16:41:18","date_gmt":"2021-01-12T16:41:18","guid":{"rendered":"http:\/\/shop.belar.md\/product\/import-placeholder-for-336\/"},"modified":"2026-04-21T05:04:45","modified_gmt":"2026-04-21T05:04:45","slug":"calming-sensitive-cream","status":"publish","type":"product","link":"https:\/\/shop.belar.md\/ro\/product\/calming-sensitive-cream\/","title":{"rendered":"Crem\u0103 intens calmant\u0103, cu ac\u021biune 24 ore \u0219i efect instantaneu"},"content":{"rendered":"<p><span style=\"font-weight: 400;\">O crem\u0103 calmant\u0103, cu efect imediat, care ac\u021bioneaz\u0103 24 de ore. Datorit\u0103 fitocomplexului inovator \u0219i calmant <\/span><i><span style=\"font-weight: 400;\">Skin Defence+<\/span><\/i><span style=\"font-weight: 400;\">, reduce imediat irita\u021bia, ro\u0219ea\u021ba, pruritul \u0219i senza\u021bia de \u201cpiele str\u00e2ns\u0103\u201d dup\u0103 aplicare. Protejeaz\u0103 pielea sensibil\u0103 pe tot parcursul zilei \u0219i o regenereaz\u0103 noaptea. Accelereaz\u0103 regenerarea, \u00eent\u0103re\u0219te bariera protectoare a pielii \u0219i previne reac\u021biile alergice. Textura delicat\u0103 a cremei se absoarbe bine, catifeleaz\u0103 pielea, ofer\u0103 o hidratare profund\u0103 \u0219i de lung\u0103 durat\u0103. Ideal pentru \u00eengrijirea regulat\u0103 a pielii sensibile de toate tipurile \u0219i recomandat \u00een special persoanelor predispuse la atopie, dermatit\u0103 \u0219i rozacee.<\/span><\/p>\n<p><b><i>Avantaje:<\/i><\/b><\/p>\n<ul>\n<li style=\"font-weight: 400;\" aria-level=\"1\"><span style=\"font-weight: 400;\">eficient imediat dup\u0103 aplicare \u2013 amelioreaz\u0103 semnele de hipersensibilitate, ofer\u0103 rapid o senza\u021bie de confort;<\/span><\/li>\n<li style=\"font-weight: 400;\" aria-level=\"1\"><span style=\"font-weight: 400;\">efect cumulativ \u2013 prin utilizare regulat\u0103, elimin\u0103 dezvoltarea sensibilit\u0103\u021bii;<\/span><\/li>\n<li style=\"font-weight: 400;\" aria-level=\"1\"><span style=\"font-weight: 400;\">potrivit\u0103 pentru \u00eengrijirea complex\u0103 a pielii hipersensibile (alergii, rozacee, afec\u021biuni \u00een urma bolilor \u0219i \u00een timpul tratamentului);<\/span><\/li>\n<li style=\"font-weight: 400;\" aria-level=\"1\"><span style=\"font-weight: 400;\">produs\u00a0 hipoalergenic \u0219i sigur, dovedit clinic de Derma Consult GmbH;<\/span><\/li>\n<li style=\"font-weight: 400;\" aria-level=\"1\"><span style=\"font-weight: 400;\">utilizare universal\u0103 \u2013 potrivit pentru \u00eengrijirea de diminea\u021b\u0103 \u0219i de sear\u0103.<\/span><\/li>\n<\/ul>\n<p><b><i>Inova\u021bii, componente active<\/i><\/b><\/p>\n<ul>\n<li><b>Complex Skin Defence+: <\/b><span style=\"font-weight: 400;\">un fitocomplex activ din ulei de semin\u021be de coac\u0103ze negre, bogat \u00een acizi gra\u0219i omega-3 \u0219i -6, extract de plant\u0103 medicinal\u0103 Cardiospermum cu un con\u021binut ridicat de fitosteroli \u0219i ac\u021biune similar\u0103 hidrocortizonului \u0219i frac\u021biune nesaponificabil\u0103 de ulei de floarea-soarelui. Amelioreaz\u0103 inflama\u021bia, restabile\u0219te \u0219i \u00eent\u0103re\u0219te bariera epidermic\u0103, reduce hiperreactivitatea pielii \u0219i reduce riscul reac\u021biilor alergice.<\/span><\/li>\n<li><b>Acid hialuronic (cu greutate molecular\u0103 mare \u0219i mic\u0103): <\/b><span style=\"font-weight: 400;\">hidrateaz\u0103 intens, protejeaz\u0103 \u0219i neteze\u0219te pielea.<\/span><\/li>\n<li><b>Unt de shea: <\/b><span style=\"font-weight: 400;\">hr\u0103ne\u0219te pielea \u0219i protejeaz\u0103 bariera epidermic\u0103 de deteriorare; ISIS: emolient de origine vegetal\u0103; se integreaz\u0103 \u00een lipidele intercelulare, restabile\u0219te \u0219i \u00eent\u0103re\u0219te func\u021bia de barier\u0103 a pielii.<\/span><\/li>\n<li><b>Squalan: <\/b><span style=\"font-weight: 400;\">Previne TEWL (pierderea transepidermic\u0103 de ap\u0103), calmeaz\u0103, catifeleaz\u0103 \u0219i neteze\u0219te pielea.<\/span><\/li>\n<li><b>Izomerat de zaharid\u0103: <\/b><span style=\"font-weight: 400;\">ofer\u0103 hidratare suplimentar\u0103 pielii timp de 72 de ore.<\/span><\/li>\n<li><b>\u03b1-bisabolol: <\/b><span style=\"font-weight: 400;\">calmeaz\u0103, amelioreaz\u0103 inflama\u021bia, irita\u021bia \u0219i pruritul.<\/span><\/li>\n<li><b>Alantoin\u0103: <\/b><span style=\"font-weight: 400;\">calmeaz\u0103, catifeleaz\u0103, hidrateaz\u0103, promoveaz\u0103 regenerarea pielii, \u00eei restabile\u0219te propriet\u0103\u021bile de barier\u0103. Adesea utilizat \u00een cosmetice pentru \u00eengrijirea pielii cu dermatit\u0103.<\/span><\/li>\n<li><b>Vitamina E: <\/b><span style=\"font-weight: 400;\">are efect puternic antioxidant.<\/span><\/li>\n<\/ul>\n<p><b><i>Mod de utilizare: <\/i><\/b><span style=\"font-weight: 400;\">Diminea\u021ba \u0219i\/sau seara, aplica\u021bi o cantitate mic\u0103 de crem\u0103 pe pielea fe\u021bei, g\u00e2tului \u0219i decolteului. Pentru rezultate maxime, utiliza\u021bi crema \u00een combina\u021bie cu <\/span><a href=\"https:\/\/shop.belar.md\/ro\/product\/intense-calming-serum\/\"><i><span style=\"font-weight: 400;\">Instant Calming Serum <\/span><\/i><\/a><span style=\"font-weight: 400;\">\u2013 aplica\u021bi mai \u00eent\u00e2i serul, apoi crema deasupra.<\/span><\/p>","protected":false},"excerpt":{"rendered":"<p>INTENSE CALMING CREAM, 50 ML<\/p>\n","protected":false},"featured_media":2894,"template":"","meta":[],"product_cat":[40,41],"product_tag":[],"_links":{"self":[{"href":"https:\/\/shop.belar.md\/ro\/wp-json\/wp\/v2\/product\/306"}],"collection":[{"href":"https:\/\/shop.belar.md\/ro\/wp-json\/wp\/v2\/product"}],"about":[{"href":"https:\/\/shop.belar.md\/ro\/wp-json\/wp\/v2\/types\/product"}],"wp:featuredmedia":[{"embeddable":true,"href":"https:\/\/shop.belar.md\/ro\/wp-json\/wp\/v2\/media\/2894"}],"wp:attachment":[{"href":"https:\/\/shop.belar.md\/ro\/wp-json\/wp\/v2\/media?parent=306"}],"wp:term":[{"taxonomy":"product_cat","embeddable":true,"href":"https:\/\/shop.belar.md\/ro\/wp-json\/wp\/v2\/product_cat?post=306"},{"taxonomy":"product_tag","embeddable":true,"href":"https:\/\/shop.belar.md\/ro\/wp-json\/wp\/v2\/product_tag?post=306"}],"curies":[{"name":"wp","href":"https:\/\/api.w.org\/{rel}","templated":true}]}}