{"id":305,"date":"2021-01-12T16:41:18","date_gmt":"2021-01-12T16:41:18","guid":{"rendered":"http:\/\/shop.belar.md\/product\/import-placeholder-for-334\/"},"modified":"2026-04-22T05:00:45","modified_gmt":"2026-04-22T05:00:45","slug":"soothing-gel-toner","status":"publish","type":"product","link":"https:\/\/shop.belar.md\/ro\/product\/soothing-gel-toner\/","title":{"rendered":"Lo\u021biune tonic\u0103 delicat\u0103 \u0219i calmant\u0103"},"content":{"rendered":"<p><span style=\"font-weight: 400;\">Lo\u021biunea tonic\u0103 calmant\u0103 este un produs indispensabil pentru pielea reactiv\u0103 \u0219i foarte sensibil\u0103. Formula nu con\u021bine alcool, ceea ce o face deosebit de bl\u00e2nd\u0103. Calmeaz\u0103 vizibil pielea \u00eenc\u0103 \u00een faza de cur\u0103\u021bare, preg\u0103tind-o pentru \u00eengrijire ulterioar\u0103. Hidrateaz\u0103, r\u0103core\u0219te u\u0219or \u0219i revigoreaz\u0103. Reduce rapid irita\u021bia, ro\u0219ea\u021ba, edemul \u0219i senza\u021bia de \u201cpiele str\u00eens\u0103\u201d. Ingredientele special selectate ofer\u0103 hidratare suplimentar\u0103, netezesc ridurile, elimin\u0103 usc\u0103ciunea \u0219i descuamarea \u0219i \u00eembun\u0103t\u0103\u021besc tenul.<\/span><\/p>\n<p><b><i>Avantaje:<\/i><\/b><\/p>\n<ul>\n<li style=\"font-weight: 400;\" aria-level=\"1\"><span style=\"font-weight: 400;\">elimin\u0103 instantaneu toate semnele irita\u021biei;<\/span><\/li>\n<li style=\"font-weight: 400;\" aria-level=\"1\"><span style=\"font-weight: 400;\">restabile\u0219te pH-ul natural al pielii;<\/span><\/li>\n<li style=\"font-weight: 400;\" aria-level=\"1\"><span style=\"font-weight: 400;\">poate fi utilizat pentru comprese pe zona din jurul ochilor;<\/span><\/li>\n<li style=\"font-weight: 400;\" aria-level=\"1\"><span style=\"font-weight: 400;\">nu con\u021bine alcool sau coloran\u021bi;<\/span><\/li>\n<li style=\"font-weight: 400;\" aria-level=\"1\"><span style=\"font-weight: 400;\">potrivit\u0103 pentru \u00eentreaga familie, o lo\u021biune excelent\u0103 dup\u0103 ras pentru b\u0103rba\u021bi.<\/span><\/li>\n<\/ul>\n<p><b><i>Inova\u021bii, componente active<\/i><\/b><\/p>\n<ul>\n<li><b>Complex inovator Sensitive<\/b><span style=\"font-weight: 400;\">: complex extrem de activ pe baz\u0103 de plante. Compozi\u021bia include extracte de stercorarius, m\u0103tura m\u0103celarului, g\u0103lbenele, castan s\u0103lbatic \u0219i r\u0103d\u0103cin\u0103 de lemn dulce, care amelioreaz\u0103 toate semnele de irita\u021bie a pielii (ro\u0219ea\u021b\u0103, edeme, senza\u021bie de \u201cpiele str\u00e2ns\u0103\u201d).<\/span><\/li>\n<li><b>Alantoin\u0103:<\/b><span style=\"font-weight: 400;\"> calmeaz\u0103, catifeleaz\u0103, hidrateaz\u0103, promoveaz\u0103 regenerarea pielii, \u00eei restabile\u0219te propriet\u0103\u021bile de barier\u0103. Adesea folosit \u00een cosmetice pentru \u00eengrijirea pielii \u00een caz de dermatit\u0103.<\/span><\/li>\n<\/ul>\n<p><b><i>Mod de utilizare: <\/i><\/b><span style=\"font-weight: 400;\">\u00cen fiecare diminea\u021b\u0103 \u0219i sear\u0103, \u0219terge\u021bi pielea fe\u021bei, g\u00e2tului \u0219i decolteului cu o dischet\u0103 demachiant\u0103 \u00eembibat\u0103 \u00een lo\u021biune tonic\u0103. Aplica\u021bi sub form\u0103 de compres\u0103 pe zona din jurul ochilor.<\/span><\/p>","protected":false},"excerpt":{"rendered":"<p>Soft Soothing Tonic, 200 ml<\/p>\n","protected":false},"featured_media":2601,"template":"","meta":[],"product_cat":[40,41],"product_tag":[],"_links":{"self":[{"href":"https:\/\/shop.belar.md\/ro\/wp-json\/wp\/v2\/product\/305"}],"collection":[{"href":"https:\/\/shop.belar.md\/ro\/wp-json\/wp\/v2\/product"}],"about":[{"href":"https:\/\/shop.belar.md\/ro\/wp-json\/wp\/v2\/types\/product"}],"wp:featuredmedia":[{"embeddable":true,"href":"https:\/\/shop.belar.md\/ro\/wp-json\/wp\/v2\/media\/2601"}],"wp:attachment":[{"href":"https:\/\/shop.belar.md\/ro\/wp-json\/wp\/v2\/media?parent=305"}],"wp:term":[{"taxonomy":"product_cat","embeddable":true,"href":"https:\/\/shop.belar.md\/ro\/wp-json\/wp\/v2\/product_cat?post=305"},{"taxonomy":"product_tag","embeddable":true,"href":"https:\/\/shop.belar.md\/ro\/wp-json\/wp\/v2\/product_tag?post=305"}],"curies":[{"name":"wp","href":"https:\/\/api.w.org\/{rel}","templated":true}]}}