{"id":300,"date":"2021-01-12T16:41:18","date_gmt":"2021-01-12T16:41:18","guid":{"rendered":"http:\/\/shop.belar.md\/product\/import-placeholder-for-324\/"},"modified":"2026-04-19T05:01:45","modified_gmt":"2026-04-19T05:01:45","slug":"hyaluron-impulse","status":"publish","type":"product","link":"https:\/\/shop.belar.md\/ro\/product\/hyaluron-impulse\/","title":{"rendered":"Capsule intens hidratante cu acid hialuronic \u0219i peptide"},"content":{"rendered":"<p><span style=\"font-weight: 400;\">Lipogelul delicat, \u00eencapsulat \u00een capsule mici, sidefate, este o singur\u0103 doz\u0103 de ser intensiv hidratant pentru \u00eengrijirea activ\u0103 a pielii deshidratate de orice tip. Datorit\u0103 formei biodisponibile, concentra\u021biei mari de acid hialuronic \u0219i sistemului dual de peptide, imediat dup\u0103 aplicarea serului, pielea devine perfect neted\u0103 \u0219i ferm\u0103. Textura unic\u0103 este u\u0219or de \u00eentins \u0219i se \u00eembin\u0103 literalmente cu pielea, netezind textura \u0219i ridurile, red\u00e2ndu-i o str\u0103lucire s\u0103n\u0103toas\u0103. Cu utilizare regulat\u0103, efectul este amplificat; dup\u0103 doar 28 de zile, pielea arat\u0103 vizibil mai t\u00e2n\u0103r\u0103. Rezultat: pielea prime\u0219te instantaneu cantitatea necesar\u0103 de umiditate \u2013 deshidratarea \u0219i descuamarea dispar, re\u021beaua de riduri se reduce, iar culoarea fe\u021bei se \u00eembun\u0103t\u0103\u021be\u0219te.<\/span><\/p>\n<p><b><i>Avantaje:<\/i><\/b><\/p>\n<ul>\n<li style=\"font-weight: 400;\" aria-level=\"1\"><span style=\"font-weight: 400;\">se absoarbe rapid, hidrateaz\u0103 \u00een profunzime \u0219i re\u021bine umiditatea \u00een piele;<\/span><\/li>\n<li style=\"font-weight: 400;\" aria-level=\"1\"><span style=\"font-weight: 400;\">efect instant \u201esatinat\u201d al pielii \u2013 pielea devine moale \u0219i ferm\u0103;<\/span><\/li>\n<li style=\"font-weight: 400;\" aria-level=\"1\"><span style=\"font-weight: 400;\">\u00eengrijire intens hidratant\u0103, anti-age pentru toate tipurile de piele;<\/span><\/li>\n<li style=\"font-weight: 400;\" aria-level=\"1\"><span style=\"font-weight: 400;\">protec\u021bie suplimentar\u0103 \u00eempotriva influen\u021belor negative ale mediului;<\/span><\/li>\n<li style=\"font-weight: 400;\" aria-level=\"1\"><span style=\"font-weight: 400;\">ambalaj ermetic avantajos \u2013 p\u0103streaz\u0103 propriet\u0103\u021bile serului cu o cantitate minim\u0103 de conservan\u021bi;<\/span><\/li>\n<li style=\"font-weight: 400;\" aria-level=\"1\"><span style=\"font-weight: 400;\">o capsul\u0103 \u2013 o doz\u0103, suficient\u0103 pentru aplicare pe fa\u021b\u0103, g\u00e2t, decolteu;<\/span><\/li>\n<li style=\"font-weight: 400;\" aria-level=\"1\"><span style=\"font-weight: 400;\">poate fi folosit \u00een calitate de produs independent de \u00eengrijire activ\u0103 sau \u00een combina\u021bie cu o crem\u0103, \u00een func\u021bie de tipul pielii;<\/span><\/li>\n<li style=\"font-weight: 400;\" aria-level=\"1\"><span style=\"font-weight: 400;\">indispensabil ca remediu expres pentru \u201eie\u0219irea \u00een ora\u0219\u201d;<\/span><\/li>\n<li style=\"font-weight: 400;\" aria-level=\"1\"><span style=\"font-weight: 400;\">format comod pentru c\u0103l\u0103torii &#8211; capsulele \u00eencap \u00een cea mai mic\u0103 geant\u0103 cosmetic\u0103;<\/span><\/li>\n<li style=\"font-weight: 400;\" aria-level=\"1\"><span style=\"font-weight: 400;\">baz\u0103 de machiaj perfect\u0103 pentru o aplicare impecabil\u0103 \u0219i o rezisten\u021b\u0103 de lung\u0103 durat\u0103.<\/span><\/li>\n<\/ul>\n<p><b><i>Inova\u021bii, componente active<\/i><\/b><\/p>\n<ul>\n<li><b>Acid hialuronic cu greutate molecular\u0103 mare:<\/b><span style=\"font-weight: 400;\"> un agent hidratant ob\u021binut biotehnologic, cu o capacitate puternic\u0103 de a lega \u0219i re\u021bine umiditatea la suprafa\u021ba pielii: formeaz\u0103 o pelicul\u0103 de re\u021binere a umidit\u0103\u021bii la suprafa\u021ba pielii, previne pierderea transepidermic\u0103 de ap\u0103 (TEWL). Umple ridurile cauzate de deshidratare.<\/span><\/li>\n<li><b>Sistem dual de peptide: <\/b><span style=\"font-weight: 400;\">miristil pentapeptida-8 \u0219i miristil tetrapeptida sunt peptide cutanate care p\u0103trund bine prin stratul cornos \u0219i restructureaz\u0103 matricea dermal\u0103.<\/span><\/li>\n<li><b>\u03b1-Bisabolol<\/b><span style=\"font-weight: 400;\">: un ingredient antiinflamator puternic, care calmeaz\u0103 orice irita\u021bie a pielii, indiferent de originea acesteia, catifeleaz\u0103 pielea.<\/span><\/li>\n<\/ul>\n<p><b><i>Mod de utilizare:\u00a0<\/i><\/b><span style=\"font-weight: 400;\">Deschide\u021bi capsula rotind partea superioar\u0103 \u00een jurul axei sale sau t\u0103ind-o cu o foarfec\u0103. Stoarce\u021bi con\u021binutul \u0219i aplica\u021bi cu v\u00e2rful degetelor pe pielea fe\u021bei, cur\u0103\u021bat\u0103 \u00een prealabil, evit\u00e2nd zona din jurul ochilor. Pentru un efect maxim de rejuvenare, utiliza\u021bi regulat diminea\u021ba \u0219i\/sau seara, \u00eenainte de aplicarea cremei, timp de 4-6 s\u0103pt\u0103m\u00e2ni.<\/span><\/p>","protected":false},"excerpt":{"rendered":"<p>Hyaluron impulse. 50 cap<\/p>\n","protected":false},"featured_media":330,"template":"","meta":[],"product_cat":[40,41],"product_tag":[],"_links":{"self":[{"href":"https:\/\/shop.belar.md\/ro\/wp-json\/wp\/v2\/product\/300"}],"collection":[{"href":"https:\/\/shop.belar.md\/ro\/wp-json\/wp\/v2\/product"}],"about":[{"href":"https:\/\/shop.belar.md\/ro\/wp-json\/wp\/v2\/types\/product"}],"wp:featuredmedia":[{"embeddable":true,"href":"https:\/\/shop.belar.md\/ro\/wp-json\/wp\/v2\/media\/330"}],"wp:attachment":[{"href":"https:\/\/shop.belar.md\/ro\/wp-json\/wp\/v2\/media?parent=300"}],"wp:term":[{"taxonomy":"product_cat","embeddable":true,"href":"https:\/\/shop.belar.md\/ro\/wp-json\/wp\/v2\/product_cat?post=300"},{"taxonomy":"product_tag","embeddable":true,"href":"https:\/\/shop.belar.md\/ro\/wp-json\/wp\/v2\/product_tag?post=300"}],"curies":[{"name":"wp","href":"https:\/\/api.w.org\/{rel}","templated":true}]}}