{"id":297,"date":"2021-01-12T16:41:18","date_gmt":"2021-01-12T16:41:18","guid":{"rendered":"http:\/\/shop.belar.md\/product\/import-placeholder-for-318\/"},"modified":"2026-04-21T05:04:55","modified_gmt":"2026-04-21T05:04:55","slug":"mild-face-rub","status":"publish","type":"product","link":"https:\/\/shop.belar.md\/ro\/product\/mild-face-rub\/","title":{"rendered":"Exfoliant delicat cu granule de jojoba"},"content":{"rendered":"<p><span style=\"font-weight: 400;\">O crem\u0103 delicat\u0103 de exfoliere, special conceput\u0103 pentru pielea deshidratat\u0103*, care se simte adesea tern\u0103, lipsit\u0103 de vitalitate \u0219i aspr\u0103 la atingere. De asemenea, potrivit pentru tenul care necesit\u0103 cur\u0103\u021bare \u0219i exfoliere suplimentar\u0103. Gelul delicat pentru fa\u021b\u0103 cu granule naturale de cear\u0103 de jojoba \u00eendep\u0103rteaz\u0103 \u00een profunzime \u0219i foarte delicat celulele moarte ale pielii, iar baza sa cremoas\u0103, \u00eembog\u0103\u021bit\u0103 cu ulei de avocado, catifeleaz\u0103, neteze\u0219te, restaureaz\u0103 \u0219i protejeaz\u0103 pielea. Imediat dup\u0103 utilizare, pielea este moale, perfect neted\u0103, radiant\u0103 \u0219i preg\u0103tit\u0103 pentru \u00eengrijirea ulterioar\u0103. *Potrivit pentru pielea sensibil\u0103, inclusiv \u00een jurul ochilor \u0219i pe buze. Nu este recomandat pentru pielea deteriorat\u0103 sau inflamat\u0103.<\/span><\/p>\n<p><b><i>Avantaje:<\/i><\/b><\/p>\n<ul>\n<li style=\"font-weight: 400;\" aria-level=\"1\"><span style=\"font-weight: 400;\">ac\u021biune exfoliant\u0103 delicat\u0103 \u0219i rezultate excelente \u2013 piele neted\u0103, moale \u0219i re\u00eennoit\u0103;<\/span><\/li>\n<li style=\"font-weight: 400;\" aria-level=\"1\"><span style=\"font-weight: 400;\">potrivit\u0103 pentru toate tipurile de piele, inclusiv pielea sensibil\u0103 cu semne de rozacee;<\/span><\/li>\n<li style=\"font-weight: 400;\" aria-level=\"1\"><span style=\"font-weight: 400;\">poate fi folosit pe pielea din buzelor \u0219i \u00een jurul ochilor;<\/span><\/li>\n<li style=\"font-weight: 400;\" aria-level=\"1\"><span style=\"font-weight: 400;\">restabile\u0219te bariera protectoare a pielii datorit\u0103 uleiului de avocado;<\/span><\/li>\n<li style=\"font-weight: 400;\" aria-level=\"1\"><span style=\"font-weight: 400;\">stimuleaz\u0103 regenerarea pielii, uniformizeaz\u0103 textura acesteia \u0219i neteze\u0219te ridurile;<\/span><\/li>\n<li style=\"font-weight: 400;\" aria-level=\"1\"><span style=\"font-weight: 400;\">activeaz\u0103 microcircula\u021bia, \u00eembun\u0103t\u0103\u021be\u0219te culoarea fe\u021bei, confer\u0103 pielii o str\u0103lucire juvenil\u0103 \u0219i s\u0103n\u0103toas\u0103;<\/span><\/li>\n<li style=\"font-weight: 400;\" aria-level=\"1\"><span style=\"font-weight: 400;\">u\u0219or de aplicat \u0219i de sp\u0103lat;<\/span><\/li>\n<li style=\"font-weight: 400;\" aria-level=\"1\"><span style=\"font-weight: 400;\">preg\u0103tire express pentru aplicarea machiajului;<\/span><\/li>\n<li style=\"font-weight: 400;\" aria-level=\"1\"><span style=\"font-weight: 400;\">potrivit\u0103 pentru utilizare anul \u00eemprejur;<\/span><\/li>\n<li style=\"font-weight: 400;\" aria-level=\"1\"><span style=\"font-weight: 400;\">nu con\u021bine parabeni.<\/span><\/li>\n<\/ul>\n<p><b><i>Inova\u021bii, componente active:<\/i><\/b><\/p>\n<p><b>Granule de peeling din cear\u0103 de jojoba:<\/b><span style=\"font-weight: 400;\"> exfoliaz\u0103 eficient celulele moarte f\u0103r\u0103 a irita pielea. Pielea r\u0103m\u00e2ne moale \u0219i neted\u0103.<\/span><\/p>\n<p><b>Ulei de avocado:<\/b><span style=\"font-weight: 400;\"> bogat \u00een acizi gra\u0219i naturali polinesatura\u021bi (omega-3, omega-6, omega-9) \u0219i vitamine antioxidante A, E \u0219i D; hr\u0103ne\u0219te \u0219i protejeaz\u0103 pielea \u00een timpul cur\u0103\u021b\u0103rii. Stimuleaz\u0103 sinteza colagenului \u0219i a elastinei, \u00eembun\u0103t\u0103\u021be\u0219te structura \u0219i calitatea pielii. Are propriet\u0103\u021bi reparatoare \u0219i antiinflamatorii.<\/span><\/p>\n<p><b><i>Mod de utilizare: <\/i><\/b><span style=\"font-weight: 400;\">Dup\u0103 sp\u0103larea fe\u021bei cu <\/span><i><span style=\"font-weight: 400;\">Mild Creamy Cleanser<\/span><\/i><span style=\"font-weight: 400;\">, aplica\u021bi o cantitate mic\u0103 de <\/span><i><span style=\"font-weight: 400;\">Mild Face Rub<\/span><\/i><span style=\"font-weight: 400;\"> pe pielea fe\u021bei, g\u00e2tului \u0219i decolteului, masa\u021bi cu m\u00e2inile umede, apoi cl\u0103ti\u021bi cu mult\u0103 ap\u0103 sau \u00eendep\u0103rta\u021bi cu comprese calde \u0219i umede<\/span><\/p>","protected":false},"excerpt":{"rendered":"<p>Mild face rub, 50 ml<\/p>\n","protected":false},"featured_media":327,"template":"","meta":[],"product_cat":[40,41],"product_tag":[],"_links":{"self":[{"href":"https:\/\/shop.belar.md\/ro\/wp-json\/wp\/v2\/product\/297"}],"collection":[{"href":"https:\/\/shop.belar.md\/ro\/wp-json\/wp\/v2\/product"}],"about":[{"href":"https:\/\/shop.belar.md\/ro\/wp-json\/wp\/v2\/types\/product"}],"wp:featuredmedia":[{"embeddable":true,"href":"https:\/\/shop.belar.md\/ro\/wp-json\/wp\/v2\/media\/327"}],"wp:attachment":[{"href":"https:\/\/shop.belar.md\/ro\/wp-json\/wp\/v2\/media?parent=297"}],"wp:term":[{"taxonomy":"product_cat","embeddable":true,"href":"https:\/\/shop.belar.md\/ro\/wp-json\/wp\/v2\/product_cat?post=297"},{"taxonomy":"product_tag","embeddable":true,"href":"https:\/\/shop.belar.md\/ro\/wp-json\/wp\/v2\/product_tag?post=297"}],"curies":[{"name":"wp","href":"https:\/\/api.w.org\/{rel}","templated":true}]}}