{"id":2901,"date":"2022-12-12T12:41:10","date_gmt":"2022-12-12T12:41:10","guid":{"rendered":"https:\/\/shop.belar.md\/?post_type=product&#038;p=2901"},"modified":"2026-04-18T05:03:14","modified_gmt":"2026-04-18T05:03:14","slug":"line-repair-firm-allday-eye-rescue","status":"publish","type":"product","link":"https:\/\/shop.belar.md\/ro\/product\/line-repair-firm-allday-eye-rescue\/","title":{"rendered":"Line Repair Firm Allday Eye Rescue"},"content":{"rendered":"<p><span style=\"color: #800080;\"><strong>NEW!<\/strong><\/span> Fluidul u\u0219or calmeaz\u0103 \u0219i protejeaz\u0103 pielea delicat\u0103 din jurul ochilor. Ofer\u0103 hidratare, protec\u021bie antioxidant\u0103, minimizeaz\u0103 umfl\u0103turile \u0219i cearc\u0103nele. Neteze\u0219te ridurile existente \u0219i previne formarea altora noi.<\/p>\n<p>Acidul Gilalronic cre\u0219te hidratarea \u0219i restabile\u0219te elasticitatea pielii. Complexul de \u00eenfrumuse\u021bare a ochilor stimuleaz\u0103 circula\u021bia s\u00e2ngelui, \u00eembun\u0103t\u0103\u021be\u0219te nutri\u021bia \u0219i amelioreaz\u0103 umfl\u0103turile. Palmitatul de Retinol promoveaz\u0103 re\u00eennoirea celulelor, activeaz\u0103 produc\u021bia de colagen \u0219i \u00eembun\u0103t\u0103\u021be\u0219te tonusul. Complexul calmant plant blend amelioreaz\u0103 ro\u0219ea\u021ba \u0219i iritarea, previne stresul cauzat de radia\u021biile UV.<\/p>\n<p>Pielea arat\u0103 mai t\u00e2n\u0103r\u0103, mai proasp\u0103t\u0103 \u0219i mai str\u0103lucitoare.<\/p>\n<p><strong>V\u00e2rst\u0103<\/strong>: 30-45, 45+<\/p>\n<p><strong>Ingrediente Active<\/strong>: Acid hialuronic, complex Eye beautifier, palmitat de retinil (0,12%), complex Soothing plant blend, pantenol, dimeticon\u0103, acetat de tocoferol<\/p>\n<p><strong>Aplica\u021bie<\/strong>: Aplica\u021bi o cantitate mic\u0103 de produs pe pielea din jurul ochilor. Aplica\u021bi cu mi\u0219c\u0103ri u\u0219oare de masaj \u0219i b\u0103t\u0103i p\u00e2n\u0103 la absorb\u021bia complet\u0103. Utiliza\u021bi \u00een timpul \u00eengrijirii de sear\u0103.<\/p>\n<p><strong>Tipul De Piele<\/strong>: orice tip de piele<\/p>\n<p><strong>Rezolv\u0103 problema<\/strong>: Modific\u0103ri legate de v\u00e2rst\u0103, deshidratare, umfl\u0103turi \u00een jurul ochilor, semne de \u00eemb\u0103tr\u00e2nire, elasticitate sc\u0103zut\u0103, cearc\u0103ne<\/p>\n<p><strong>Efectul remedierii<\/strong>: \u00centinerire, iluminare, nutri\u021bie, cre\u0219terea elasticit\u0103\u021bii, hidratare, reducerea Puffiness<\/p>","protected":false},"excerpt":{"rendered":"<p>Crem\u0103 ferm\u0103 pentru pielea din jurul ochilor, 30 ml<\/p>\n","protected":false},"featured_media":2902,"template":"","meta":[],"product_cat":[41],"product_tag":[],"_links":{"self":[{"href":"https:\/\/shop.belar.md\/ro\/wp-json\/wp\/v2\/product\/2901"}],"collection":[{"href":"https:\/\/shop.belar.md\/ro\/wp-json\/wp\/v2\/product"}],"about":[{"href":"https:\/\/shop.belar.md\/ro\/wp-json\/wp\/v2\/types\/product"}],"wp:featuredmedia":[{"embeddable":true,"href":"https:\/\/shop.belar.md\/ro\/wp-json\/wp\/v2\/media\/2902"}],"wp:attachment":[{"href":"https:\/\/shop.belar.md\/ro\/wp-json\/wp\/v2\/media?parent=2901"}],"wp:term":[{"taxonomy":"product_cat","embeddable":true,"href":"https:\/\/shop.belar.md\/ro\/wp-json\/wp\/v2\/product_cat?post=2901"},{"taxonomy":"product_tag","embeddable":true,"href":"https:\/\/shop.belar.md\/ro\/wp-json\/wp\/v2\/product_tag?post=2901"}],"curies":[{"name":"wp","href":"https:\/\/api.w.org\/{rel}","templated":true}]}}