{"id":2898,"date":"2022-12-12T12:34:16","date_gmt":"2022-12-12T12:34:16","guid":{"rendered":"https:\/\/shop.belar.md\/?post_type=product&#038;p=2898"},"modified":"2026-04-17T05:01:11","modified_gmt":"2026-04-17T05:01:11","slug":"line-repair-firm-collagen-boost-mask","status":"publish","type":"product","link":"https:\/\/shop.belar.md\/ro\/product\/line-repair-firm-collagen-boost-mask\/","title":{"rendered":"Line Repair Firm Collagen Boost Mask"},"content":{"rendered":"<p><span style=\"color: #800080;\"><b>NOU <\/b><\/span>O masc\u0103 bogat\u0103 \u00een nutrien\u021bi pentru a restabili s\u0103n\u0103tatea pielii. \u00cembun\u0103t\u0103\u021be\u0219te stabilitatea colagenului \u0219i elastinei, restabile\u0219te elasticitatea.<\/p>\n<p class=\"text\">Con\u021bine o combina\u021bie de 3 tipuri de acid hialuronic. High-molecular-pentru hidratarea \u0219i refacerea barierei, mediu\u2013molecular &#8211; pentru reten\u021bia de umiditate pe termen lung \u00een epiderm\u0103, low-molecular-ca umplutur\u0103 a ridurilor \u00een straturile superioare ale dermei.<\/p>\n<p class=\"text\">Extractul de hamamelis amelioreaz\u0103 ro\u0219ea\u021ba \u0219i inflama\u021bia, promoveaz\u0103 vindecarea daunelor. Dermochlorella microalgae cu puternice propriet\u0103\u021bi antioxidante \u0219i anti-\u00eemb\u0103tr\u00e2nire neutralizeaz\u0103 radicalii liberi, \u00eent\u0103rind bariera protectoare a pielii.<\/p>\n<p><strong>V\u00e2rst\u0103<\/strong>: 30-45, 45+<\/p>\n<p><strong>Ingrediente Active<\/strong>: 3-acid hialuronic, extract de hamamelis, extract de Chlorella vulgaris, semin\u021be de quinoa hidrolizate, ulei de avocado, acetat de tocoferol, ulei de m\u0103sline, ascorbil glucozid, extract de camelie Chinez\u0103, ulei de frunze de ment\u0103<\/p>\n<p><strong>Aplicare<\/strong>: Aplica\u021bi un strat uniform pe zona fe\u021bei, g\u00e2tului \u0219i decolteului, l\u0103sa\u021bi timp de 10 minute. \u00cendep\u0103rta\u021bi cu grij\u0103 cu \u0219erve\u021bele \u00eenmuiate \u00een ap\u0103 cald\u0103 sau cl\u0103ti\u021bi.<\/p>\n<p><strong>Tipul de piele<\/strong>: orice tip<\/p>\n<p><strong>Rezolv\u0103 problema<\/strong>: modific\u0103ri legate de v\u00e2rst\u0103, deshidratare, semne de \u00eemb\u0103tr\u00e2nire, elasticitate sc\u0103zut\u0103, usc\u0103ciune, Peeling, piele deteriorat\u0103<\/p>\n<p><strong>Efectul produsului<\/strong>: combaterea inflama\u021biei, alinierea pielii, \u00eentinerirea, cre\u0219terea elasticit\u0103\u021bii, ameliorarea irita\u021biei, hidratarea<\/p>","protected":false},"excerpt":{"rendered":"<p>Masc\u0103 de rapel hialuronic pentru refacerea colagenului, 60 ml<\/p>\n","protected":false},"featured_media":2899,"template":"","meta":[],"product_cat":[40,41],"product_tag":[],"_links":{"self":[{"href":"https:\/\/shop.belar.md\/ro\/wp-json\/wp\/v2\/product\/2898"}],"collection":[{"href":"https:\/\/shop.belar.md\/ro\/wp-json\/wp\/v2\/product"}],"about":[{"href":"https:\/\/shop.belar.md\/ro\/wp-json\/wp\/v2\/types\/product"}],"wp:featuredmedia":[{"embeddable":true,"href":"https:\/\/shop.belar.md\/ro\/wp-json\/wp\/v2\/media\/2899"}],"wp:attachment":[{"href":"https:\/\/shop.belar.md\/ro\/wp-json\/wp\/v2\/media?parent=2898"}],"wp:term":[{"taxonomy":"product_cat","embeddable":true,"href":"https:\/\/shop.belar.md\/ro\/wp-json\/wp\/v2\/product_cat?post=2898"},{"taxonomy":"product_tag","embeddable":true,"href":"https:\/\/shop.belar.md\/ro\/wp-json\/wp\/v2\/product_tag?post=2898"}],"curies":[{"name":"wp","href":"https:\/\/api.w.org\/{rel}","templated":true}]}}