{"id":2891,"date":"2022-12-09T15:09:04","date_gmt":"2022-12-09T15:09:04","guid":{"rendered":"https:\/\/shop.belar.md\/?post_type=product&#038;p=2891"},"modified":"2026-04-23T08:01:04","modified_gmt":"2026-04-23T05:01:04","slug":"line-repair-firm-daytime-guard-spf50","status":"publish","type":"product","link":"https:\/\/shop.belar.md\/ro\/product\/line-repair-firm-daytime-guard-spf50\/","title":{"rendered":"SPF 50 crem\u0103 de protec\u021bie u\u0219oar\u0103 cu acid hialuronic"},"content":{"rendered":"<p><span style=\"color: #800080;\"><b>NOU <\/b><\/span>Crema u\u0219oar\u0103 hidrateaz\u0103 \u0219i protejeaz\u0103 \u00een mod fiabil pielea de efectele nocive ale luminii solare \u0219i ale \u00eemb\u0103tr\u00e2nirii premature datorit\u0103 unei combina\u021bii de filtre UV cu spectru larg.<\/p>\n<p class=\"text\">Ingredientele din plante amelioreaz\u0103 ro\u0219ea\u021ba \u0219i previn efectele negative ale radicalilor liberi. Acidul hialuronic este responsabil pentru hidratare: cre\u0219te gradul de hidratare \u0219i restabile\u0219te elasticitatea. Resveratrolul, un puternic antioxidant din vinul ro\u0219u, \u00eent\u0103re\u0219te sistemul natural de ap\u0103rare \u0219i ajut\u0103 la neutralizarea radicalilor liberi. Extractul de castan de cal amelioreaz\u0103 ro\u0219ea\u021ba \u0219i inflama\u021bia, corecteaz\u0103 semnele de rozacee.<\/p>\n<p><strong>V\u00e2rsta<\/strong>: f\u0103r\u0103 restric\u021bii<\/p>\n<p><strong>Ingrediente Active<\/strong>: acid hialuronic, resveratrol, extract de castan de cal, triazin\u0103, triazin\u0103, dioxid de titan, metoxicinamat, glicerin\u0103, gum\u0103 xantan, arginin\u0103, acid citric<\/p>\n<p><strong>Aplicare<\/strong>: aplica\u021bi medicamentul pe pielea fe\u021bei, g\u00e2tului \u0219i decolteului, distribui\u021bi uniform \u0219i masa\u021bi p\u00e2n\u0103 la absorb\u021bia complet\u0103.<\/p>\n<p><strong>Tipul De Piele<\/strong>: Combina\u021bie, Normal\u0103, Uscat\u0103<\/p>\n<p><strong>Rezolv\u0103 problema<\/strong>: modific\u0103ri legate de v\u00e2rst\u0103, rozacee, deshidratare, semne de \u00eemb\u0103tr\u00e2nire, elasticitate sc\u0103zut\u0103, usc\u0103ciune, Peeling, piele sensibil\u0103, piele deteriorat\u0103<\/p>\n<p><strong>Efectul produsului<\/strong>: Protec\u021bie \u00eempotriva razelor UV, \u00eentinerire, iluminare, nutri\u021bie, \u00eembun\u0103t\u0103\u021bire a elasticit\u0103\u021bii, hidratare<\/p>","protected":false},"excerpt":{"rendered":"<p>Line Repair Firm Daytime Guard SPF50, 60 ml<\/p>\n","protected":false},"featured_media":2892,"template":"","meta":[],"product_cat":[41],"product_tag":[],"_links":{"self":[{"href":"https:\/\/shop.belar.md\/ro\/wp-json\/wp\/v2\/product\/2891"}],"collection":[{"href":"https:\/\/shop.belar.md\/ro\/wp-json\/wp\/v2\/product"}],"about":[{"href":"https:\/\/shop.belar.md\/ro\/wp-json\/wp\/v2\/types\/product"}],"wp:featuredmedia":[{"embeddable":true,"href":"https:\/\/shop.belar.md\/ro\/wp-json\/wp\/v2\/media\/2892"}],"wp:attachment":[{"href":"https:\/\/shop.belar.md\/ro\/wp-json\/wp\/v2\/media?parent=2891"}],"wp:term":[{"taxonomy":"product_cat","embeddable":true,"href":"https:\/\/shop.belar.md\/ro\/wp-json\/wp\/v2\/product_cat?post=2891"},{"taxonomy":"product_tag","embeddable":true,"href":"https:\/\/shop.belar.md\/ro\/wp-json\/wp\/v2\/product_tag?post=2891"}],"curies":[{"name":"wp","href":"https:\/\/api.w.org\/{rel}","templated":true}]}}