{"id":289,"date":"2021-01-12T16:41:17","date_gmt":"2021-01-12T16:41:17","guid":{"rendered":"http:\/\/shop.belar.md\/product\/import-placeholder-for-302\/"},"modified":"2026-04-21T05:02:36","modified_gmt":"2026-04-21T05:02:36","slug":"age-perfecting-serum","status":"publish","type":"product","link":"https:\/\/shop.belar.md\/ro\/product\/age-perfecting-serum\/","title":{"rendered":"Ser concentrat anti-age cu complex de regenerare celular\u0103"},"content":{"rendered":"<p><span style=\"font-weight: 400;\">Un concentrat de regenerare intens\u0103, cu o textur\u0103 de emulsie u\u0219oar\u0103, delicat\u0103 \u0219i arom\u0103 floral\u0103 pentru \u00eengrijirea activ\u0103 a oric\u0103rui tip de piele, cu modific\u0103ri pronun\u021bate legate de \u00eenaintare \u00een v\u00e2rst\u0103: riduri fine \u0219i profunde, pierderea tonusului \u0219i elasticit\u0103\u021bii, culoare neuniform\u0103 \u0219i pigmentare. Are propriet\u0103\u021bi unice anti-age, datorit\u0103 complexului inovator de regenerare celular\u0103 pe baz\u0103 de trifoi ro\u0219u \u0219i kombucha. <\/span><i><span style=\"font-weight: 400;\">Extractul de trifoi ro\u0219u<\/span><\/i><span style=\"font-weight: 400;\"> reduce ridurile,face pielea mai ferm\u0103 \u0219i mai hidratat\u0103. <\/span><i><span style=\"font-weight: 400;\">Kombucha<\/span><\/i><span style=\"font-weight: 400;\"> umple ridurile ca un lipofiller, neteze\u0219te pielea \u0219i \u00eei \u00eembun\u0103t\u0103\u021be\u0219te culoarea. Dou\u0103 tipuri de acid hialuronic men\u021bin un nivel ridicat de hidratare. Vitaminele \u2013 antioxidan\u021bi \u00eentr-o form\u0103 biodisponibil\u0103 stabil\u0103 neutralizeaz\u0103 radicalii liberi, protej\u00e2nd pielea de \u00eemb\u0103tr\u00e2nirea prematur\u0103.<\/span><i><span style=\"font-weight: 400;\"> Celulele stem de trandafir alpin <\/span><\/i><span style=\"font-weight: 400;\">stimuleaz\u0103 re\u00eennoirea celulelor pielii, \u00eei restabilesc func\u021bia de barier\u0103 \u0219i cresc rezisten\u021ba la factorii externi de stres. Cu fiecare utilizare, efectul de \u00eentinerire cre\u0219te \u0219i devine mai vizibil.<\/span><\/p>\n<p><b>Avantaje:<\/b><\/p>\n<ul>\n<li style=\"font-weight: 400;\" aria-level=\"1\"><span style=\"font-weight: 400;\">ser anti-age, extrem de eficient pentru orice tip de piele cu modific\u0103ri legate de \u00eenaintarea \u00een v\u00e2rst\u0103;<\/span><\/li>\n<li style=\"font-weight: 400;\" aria-level=\"1\"><span style=\"font-weight: 400;\">poate fi utilizat ca produs de sine st\u0103t\u0103tor sau \u00een combina\u021bie cu crema preferat\u0103;<\/span><\/li>\n<li style=\"font-weight: 400;\" aria-level=\"1\"><span style=\"font-weight: 400;\">un complex inovator pe baz\u0103 de fitoestrogeni \u0219i ingrediente active biomimetice cu efect intens de \u00eentinerire;<\/span><\/li>\n<li style=\"font-weight: 400;\" aria-level=\"1\"><span style=\"font-weight: 400;\">datorit\u0103 biostimulan\u021bilor naturali, red\u0103 elasticitatea \u0219i tonusul pielii, \u00eembun\u0103t\u0103\u021bind instantaneu calitatea tenului. Efect instantaneu de lifting \u0219i hidratare de durat\u0103 a pielii;<\/span><\/li>\n<li style=\"font-weight: 400;\" aria-level=\"1\"><span style=\"font-weight: 400;\">textur\u0103 u\u0219oar\u0103, nu suprasolicit\u0103 pielea \u2013 se absoarbe rapid;<\/span><\/li>\n<li style=\"font-weight: 400;\" aria-level=\"1\"><span style=\"font-weight: 400;\">intensific\u0103 efectul cremelor din linia <\/span><i><span style=\"font-weight: 400;\">Mature Skin<\/span><\/i><span style=\"font-weight: 400;\">, completeaz\u0103 perfect orice \u00eengrijire anti-age;<\/span><\/li>\n<li style=\"font-weight: 400;\" aria-level=\"1\"><span style=\"font-weight: 400;\">ambalaj avantajos cu un dozator econom (o singur\u0103 ap\u0103sare);<\/span><\/li>\n<li style=\"font-weight: 400;\" aria-level=\"1\"><span style=\"font-weight: 400;\">utilizare pe parcursul \u00eentregului an.<\/span><\/li>\n<\/ul>\n<p><b><i>Inova\u021bii, componente active:<\/i><\/b><\/p>\n<ul>\n<li><b>CRC (Cellular Regeneration Complex):<\/b><span style=\"font-weight: 400;\"> din extracte de trifoi ro\u0219u \u0219i kombucha.<\/span><\/li>\n<li><b>Extract de trifoi ro\u0219u:<\/b><span style=\"font-weight: 400;\"> con\u021bine fitoestrogeni; stimuleaz\u0103 sinteza proteinelor, restabile\u0219te \u021besutul conjunctiv \u0219i face pielea mai dens\u0103 \u0219i mai neted\u0103. Reduce aspectul ridurilor, \u00eent\u0103re\u0219te \u0219i hidrateaz\u0103 pielea.<\/span><\/li>\n<li><b>Kombucha:<\/b><span style=\"font-weight: 400;\"> ceai negru fermentat; neteze\u0219te pielea datorit\u0103 efectului de lipofilling, confer\u0103 pielii str\u0103lucire \u0219i \u00eei \u00eembun\u0103t\u0103\u021be\u0219te culoarea.<\/span><\/li>\n<li><b>Acid hialuronic cu lan\u021b scurt \u0219i lung:<\/b><span style=\"font-weight: 400;\"> asigur\u0103 o hidratare intens\u0103 \u0219i ajut\u0103 la re\u021binerea umidit\u0103\u021bii pielii.<\/span><\/li>\n<li><b>Acetat de vitamina E:<\/b><span style=\"font-weight: 400;\"> se transform\u0103 \u00een piele \u00een vitamina E liber\u0103, un antioxidant. Stimuleaz\u0103 procesele de regenerare \u0219i re\u00eennoire celular\u0103, previne \u00eemb\u0103tr\u00e2nirea pielii.<\/span><\/li>\n<li><b>Vitamina C Fosfat:<\/b><span style=\"font-weight: 400;\"> O form\u0103 stabilizat\u0103 a vitaminei C. Un antioxidant, sus\u021bine ac\u021biunea vitaminei E \u0219i promoveaz\u0103 formarea de colagen nou.<\/span><\/li>\n<li><b>Celulele stem de trandafir alpin:<\/b><span style=\"font-weight: 400;\"> biostimulatori activi ai celulelor pielii. Factorii de cre\u0219tere con\u021binu\u021bi \u00een celulele stem vegetale activeaz\u0103 diviziunea celulelor epidermice, promov\u00e2nd astfel o re\u00eennoire mai intens\u0103 \u0219i o stimulare eficient\u0103 a sintezei de elastin\u0103, colagen \u0219i glicozaminoglicani.<\/span><\/li>\n<\/ul>\n<p><b><i>Mod de utilizare: <\/i><\/b><span style=\"font-weight: 400;\">Diminea\u021ba \u0219i seara, aplica\u021bi o cantitate mic\u0103 de ser pe pielea curat\u0103 a fe\u021bei, g\u00e2tului \u0219i decolteului, iar deasupra aplica\u021bi crema din <a href=\"https:\/\/shop.belar.md\/ro\/product-category\/kosmetika\/dlya-lica\/?filter_liniya=mature-skin&amp;query_type_liniya=or\">linia <\/a><\/span><a href=\"https:\/\/shop.belar.md\/ro\/product-category\/kosmetika\/dlya-lica\/?filter_liniya=mature-skin&amp;query_type_liniya=or\"><i><span style=\"font-weight: 400;\">Mature Skin<\/span><\/i><\/a><span style=\"font-weight: 400;\"> sau crema \u00een func\u021bie de tipul dumneavoastr\u0103 de ten. Potrivit \u0219i pentru conturul ochilor.<\/span><\/p>","protected":false},"excerpt":{"rendered":"<p>Age Perfecting Serum, 30 ml<\/p>\n","protected":false},"featured_media":319,"template":"","meta":[],"product_cat":[40,41],"product_tag":[],"_links":{"self":[{"href":"https:\/\/shop.belar.md\/ro\/wp-json\/wp\/v2\/product\/289"}],"collection":[{"href":"https:\/\/shop.belar.md\/ro\/wp-json\/wp\/v2\/product"}],"about":[{"href":"https:\/\/shop.belar.md\/ro\/wp-json\/wp\/v2\/types\/product"}],"wp:featuredmedia":[{"embeddable":true,"href":"https:\/\/shop.belar.md\/ro\/wp-json\/wp\/v2\/media\/319"}],"wp:attachment":[{"href":"https:\/\/shop.belar.md\/ro\/wp-json\/wp\/v2\/media?parent=289"}],"wp:term":[{"taxonomy":"product_cat","embeddable":true,"href":"https:\/\/shop.belar.md\/ro\/wp-json\/wp\/v2\/product_cat?post=289"},{"taxonomy":"product_tag","embeddable":true,"href":"https:\/\/shop.belar.md\/ro\/wp-json\/wp\/v2\/product_tag?post=289"}],"curies":[{"name":"wp","href":"https:\/\/api.w.org\/{rel}","templated":true}]}}