{"id":288,"date":"2021-01-12T16:41:17","date_gmt":"2021-01-12T16:41:17","guid":{"rendered":"http:\/\/shop.belar.md\/product\/import-placeholder-for-300\/"},"modified":"2026-04-20T05:02:12","modified_gmt":"2026-04-20T05:02:12","slug":"rich-recovery-crea","status":"publish","type":"product","link":"https:\/\/shop.belar.md\/ro\/product\/rich-recovery-crea\/","title":{"rendered":"Crem\u0103 regenerant\u0103 anti-age, \u00eembog\u0103\u021bit\u0103 cu complex de regenerare celular\u0103"},"content":{"rendered":"<p><span style=\"font-weight: 400;\">Crem\u0103 intensiv\u0103 de \u00eentinerire, pentru regenerarea complex\u0103 \u0219i \u00eent\u0103rirea structurii pielii mature. Are o textur\u0103 bogat\u0103 \u0219i combate eficient toate semnele vizibile ale \u00eemb\u0103tr\u00e2nirii: reduce profunzimea \u0219i severitatea ridurilor, previne modific\u0103rile gravita\u021bionale ale ovalului fe\u021bei, cre\u0219te elasticitatea \u0219i fermitatea pielii \u0219i uniformizeaz\u0103 textura acesteia. Con\u021bine complexul inovator de regenerare celular\u0103 din extracte de trifoi ro\u0219u \u0219i kombucha. Extractul de trifoi ro\u0219u, bogat \u00een izoflavone, reduce profunzimea ridurilor \u0219i \u00eent\u0103re\u0219te pielea. Kombucha \u2013 \u201eciuperca longevit\u0103\u021bii\u201d spore\u0219te str\u0103lucirea natural\u0103 a pielii \u0219i, ca lipofiller, umple ridurile din interior. Dou\u0103 tipuri de acid hialuronic hidrateaz\u0103 intens \u0219i re\u021bin umiditatea \u00een piele. Palmitatul de vitamina A \u00eentr-o form\u0103 biodisponibil\u0103 promoveaz\u0103 re\u00eennoirea natural\u0103 a celulelor. Dup\u0103 o lun\u0103 de utilizare regulat\u0103, fa\u021ba arat\u0103 vizibil mai t\u00e2n\u0103r\u0103.<\/span><\/p>\n<p><b><i>Avantaje:<\/i><\/b><\/p>\n<ul>\n<li style=\"font-weight: 400;\" aria-level=\"1\"><span style=\"font-weight: 400;\">reface instantaneu chiar \u0219i pielea foarte uscat\u0103;<\/span><\/li>\n<li style=\"font-weight: 400;\" aria-level=\"1\"><span style=\"font-weight: 400;\">neteze\u0219te eficient ridurile fine, reduce profunzimea \u0219i suprafa\u021ba ridurilor profunde ale pielii;<\/span><\/li>\n<li style=\"font-weight: 400;\" aria-level=\"1\"><span style=\"font-weight: 400;\">un complex inovator pe baz\u0103 de fitoestrogeni \u0219i ingrediente active biomimetice cu efect intensiv de \u00eentinerire;<\/span><\/li>\n<li style=\"font-weight: 400;\" aria-level=\"1\"><span style=\"font-weight: 400;\">protejeaz\u0103 pielea de deshidratare, asigur\u0103 o hidratare prelungit\u0103;<\/span><\/li>\n<li style=\"font-weight: 400;\" aria-level=\"1\"><span style=\"font-weight: 400;\">utilizare universal\u0103, ac\u021biune 24 de ore;<\/span><\/li>\n<li style=\"font-weight: 400;\" aria-level=\"1\"><span style=\"font-weight: 400;\">poate fi utilizat \u00een calitate de crem\u0103 de noapte;<\/span><\/li>\n<li style=\"font-weight: 400;\" aria-level=\"1\"><span style=\"font-weight: 400;\">must-have pentru pielea foarte uscat\u0103 cu modific\u0103ri legate de v\u00e2rst\u0103;<\/span><\/li>\n<li style=\"font-weight: 400;\" aria-level=\"1\"><span style=\"font-weight: 400;\">cea mai bun\u0103 baz\u0103 pentru masaj;<\/span><\/li>\n<li style=\"font-weight: 400;\" aria-level=\"1\"><span style=\"font-weight: 400;\">utilizare anul \u00eemprejur;<\/span><\/li>\n<li style=\"font-weight: 400;\" aria-level=\"1\"><span style=\"font-weight: 400;\">consum econom (un bob de maz\u0103re).<\/span><\/li>\n<\/ul>\n<p><b><i>Inova\u021bii, componente active<\/i><\/b><\/p>\n<ul>\n<li><b>CRC (Cellular Regeneration Complex):<\/b><span style=\"font-weight: 400;\"> din extracte de trifoi ro\u0219u \u0219i kombucha.<\/span><\/li>\n<li><b>Extract de trifoi ro\u0219u:<\/b><span style=\"font-weight: 400;\"> con\u021bine fitoestrogeni; stimuleaz\u0103 sinteza proteinelor, restabile\u0219te \u021besutul conjunctiv \u0219i cre\u0219te densitatea \u0219i aspectul neted al pielii. Reduce profunzimea ridurilor, \u00eent\u0103re\u0219te \u0219i hidrateaz\u0103 pielea.<\/span><\/li>\n<li><b>Kombucha:<\/b><span style=\"font-weight: 400;\"> ceai negru fermentat; netezeste pielea datorit\u0103 efectului de lipofilling, confer\u0103 pielii str\u0103lucire \u0219i \u00eei ofer\u0103 o culoare mai s\u0103n\u0103toas\u0103.<\/span><\/li>\n<li><b>Palmitat de vitamina A:<\/b><span style=\"font-weight: 400;\"> stimuleaz\u0103 activitatea celular\u0103 \u0219i regenerarea pielii.<\/span><\/li>\n<li><b>Izomerat de zaharide:<\/b><span style=\"font-weight: 400;\"> component\u0103 de hidratare \u0219i care re\u021bine apa, derivat\u0103 din zaharuri naturale. Se leag\u0103 puternic de keratina pielii, oferind o hidratare profund\u0103 \u0219i prelungit\u0103.<\/span><\/li>\n<li><b>Unt de Shea:<\/b><span style=\"font-weight: 400;\"> protejeaz\u0103 pielea de deshidratare, satureaz\u0103 pielea cu lipide, neteze\u0219te \u0219i catifeleaz\u0103, ofer\u0103 o senza\u021bie de confort.<\/span><\/li>\n<li><b>Squalane:<\/b><span style=\"font-weight: 400;\"> hr\u0103ne\u0219te pielea \u0219i o protejeaz\u0103 de deshidratare.<\/span><\/li>\n<li><b>Ulei de nuc\u0103 de macadamia:<\/b><span style=\"font-weight: 400;\"> bogat \u00een acid palmitoleic, care spore\u0219te capacitatea uleiului de a p\u0103trunde \u00een piele. Hr\u0103ne\u0219te, hidrateaz\u0103, neteze\u0219te, protejeaz\u0103, cre\u0219te fermitatea \u0219i elasticitatea pielii.<\/span><\/li>\n<\/ul>\n<p><b>Mod de utilizare: <\/b><span style=\"font-weight: 400;\">Diminea\u021ba \u0219i\/sau seara, aplica\u021bi o cantitate mic\u0103 de crem\u0103 pe pielea curat\u0103 a fe\u021bei, g\u00e2tului \u0219i decolteului.<\/span><\/p>","protected":false},"excerpt":{"rendered":"<p>Rich Recovery Cream. 50 ml<\/p>\n","protected":false},"featured_media":318,"template":"","meta":[],"product_cat":[40,41],"product_tag":[],"_links":{"self":[{"href":"https:\/\/shop.belar.md\/ro\/wp-json\/wp\/v2\/product\/288"}],"collection":[{"href":"https:\/\/shop.belar.md\/ro\/wp-json\/wp\/v2\/product"}],"about":[{"href":"https:\/\/shop.belar.md\/ro\/wp-json\/wp\/v2\/types\/product"}],"wp:featuredmedia":[{"embeddable":true,"href":"https:\/\/shop.belar.md\/ro\/wp-json\/wp\/v2\/media\/318"}],"wp:attachment":[{"href":"https:\/\/shop.belar.md\/ro\/wp-json\/wp\/v2\/media?parent=288"}],"wp:term":[{"taxonomy":"product_cat","embeddable":true,"href":"https:\/\/shop.belar.md\/ro\/wp-json\/wp\/v2\/product_cat?post=288"},{"taxonomy":"product_tag","embeddable":true,"href":"https:\/\/shop.belar.md\/ro\/wp-json\/wp\/v2\/product_tag?post=288"}],"curies":[{"name":"wp","href":"https:\/\/api.w.org\/{rel}","templated":true}]}}