{"id":2878,"date":"2022-12-09T14:36:42","date_gmt":"2022-12-09T14:36:42","guid":{"rendered":"https:\/\/shop.belar.md\/?post_type=product&#038;p=2878"},"modified":"2026-04-20T05:06:38","modified_gmt":"2026-04-20T05:06:38","slug":"line-repair-firm-blue-daisy-cleanser","status":"publish","type":"product","link":"https:\/\/shop.belar.md\/ro\/product\/line-repair-firm-blue-daisy-cleanser\/","title":{"rendered":"Line Repair Firm Blue Daisy Cleanser"},"content":{"rendered":"<p><span style=\"color: #800080;\"><b>NOU <\/b><\/span>Demachiant hidrofil cu extract de margaret\u0103 albastr\u0103. \u00cendep\u0103rteaz\u0103 eficient reziduurile de machiaj \u0219i alte impurit\u0103\u021bi f\u0103r\u0103 a perturba nivelul natural de umiditate.<\/p>\n<p class=\"text\">Datorit\u0103 decil glucozidei, se ob\u021bine o cur\u0103\u021bare temeinic\u0103, dar bl\u00e2nd\u0103. Complexul Aquaderm cre\u0219te hidratarea \u0219i men\u021bine pielea neted\u0103. Iar extractul de margaret\u0103 albastr\u0103 elimin\u0103 disconfortul \u0219i iritarea, amelioreaz\u0103 inflama\u021bia, reduce reactivitatea pielii.<\/p>\n<p><strong>V\u00e2rsta<\/strong>: f\u0103r\u0103 restric\u021bii<\/p>\n<p><strong>Ingrediente Active<\/strong>: complex Aquaderm, decil glucozid, extract de margaret\u0103 albastr\u0103, extract de melissa, acid citric, extract de magnolie, uree<\/p>\n<p><strong>Aplicare<\/strong>: Aplica\u021bi o cantitate mic\u0103 pe pielea umed\u0103 a fe\u021bei, g\u00e2tului \u0219i decolteului. Lucra\u021bi pielea cu mi\u0219c\u0103ri u\u0219oare de masaj. Cl\u0103ti\u021bi cu ap\u0103 cald\u0103 sau \u00eendep\u0103rta\u021bi produsul cu o c\u00e2rp\u0103 umed\u0103.<\/p>\n<p><strong>Tipul De Piele<\/strong>: Combina\u021bie, Normal\u0103, Uscat\u0103<\/p>\n<p><strong>Rezolv\u0103 problema<\/strong>: piele aspr\u0103, deshidratare, usc\u0103ciune, Peeling, piele sensibil\u0103<\/p>\n<p><strong>Efectul produsului<\/strong>: cur\u0103\u021bare, nutri\u021bie, regenerare, ameliorarea irita\u021biei, hidratare<\/p>","protected":false},"excerpt":{"rendered":"<p>Gel hidrofil &#8220;Blue daisy&#8221;, 300 ml<\/p>\n","protected":false},"featured_media":2879,"template":"","meta":[],"product_cat":[41],"product_tag":[],"_links":{"self":[{"href":"https:\/\/shop.belar.md\/ro\/wp-json\/wp\/v2\/product\/2878"}],"collection":[{"href":"https:\/\/shop.belar.md\/ro\/wp-json\/wp\/v2\/product"}],"about":[{"href":"https:\/\/shop.belar.md\/ro\/wp-json\/wp\/v2\/types\/product"}],"wp:featuredmedia":[{"embeddable":true,"href":"https:\/\/shop.belar.md\/ro\/wp-json\/wp\/v2\/media\/2879"}],"wp:attachment":[{"href":"https:\/\/shop.belar.md\/ro\/wp-json\/wp\/v2\/media?parent=2878"}],"wp:term":[{"taxonomy":"product_cat","embeddable":true,"href":"https:\/\/shop.belar.md\/ro\/wp-json\/wp\/v2\/product_cat?post=2878"},{"taxonomy":"product_tag","embeddable":true,"href":"https:\/\/shop.belar.md\/ro\/wp-json\/wp\/v2\/product_tag?post=2878"}],"curies":[{"name":"wp","href":"https:\/\/api.w.org\/{rel}","templated":true}]}}