{"id":2872,"date":"2022-12-09T14:07:35","date_gmt":"2022-12-09T14:07:35","guid":{"rendered":"https:\/\/shop.belar.md\/?post_type=product&#038;p=2872"},"modified":"2026-04-18T05:03:16","modified_gmt":"2026-04-18T05:03:16","slug":"line-repair-glow-satin-smooth-night-cream","status":"publish","type":"product","link":"https:\/\/shop.belar.md\/ro\/product\/line-repair-glow-satin-smooth-night-cream\/","title":{"rendered":"Line Repair Glow Satin Smooth Night Cream"},"content":{"rendered":"<p><span style=\"color: #800080;\"><strong>NOU<\/strong><\/span> crem\u0103 de noapte cu o textur\u0103 catifelat\u0103 uniformizeaz\u0103 relieful, cre\u0219te elasticitatea \u0219i restabile\u0219te echilibrul de umiditate.<\/p>\n<p>Complexul Energetic Energy booster cre\u0219te con\u021binutul \u0219i consumul de oxigen pentru a umple energia \u0219i vitalitatea pielii. Complexul Pore minimizer uniformizeaz\u0103 relieful, \u00eengust\u00e2nd porii \u0219i compact\u00e2nd pielea, red\u0103 elasticitatea \u0219i red\u0103 o culoare s\u0103n\u0103toas\u0103. Extractul de alge gigant previne \u00eemb\u0103tr\u00e2nirea pielii: optimizeaz\u0103 sinteza colagenului \u0219i elastinei, f\u0103c\u00e2ndu-l mai fin \u0219i mai ferm. Uleiul de Cupuacu este un emolient excelent, red\u0103 elasticitatea, ofer\u0103 antioxidan\u021bi \u0219i hidrateaz\u0103 pielea.<\/p>\n<p><strong>V\u00e2rsta<\/strong>: f\u0103r\u0103 restric\u021bii<\/p>\n<p><strong>Ingrediente Active<\/strong>: complex de stimulare a energiei, complex de minimizare a porilor, extract de alge gigant, ulei de Cupuacu, glicerin\u0103, vitamina E, lecitin\u0103, extract de aloe Barbadian, extract de Hibiscus, aminoacizi (treonin\u0103, valin\u0103), extract de semin\u021be de in<\/p>\n<p><strong>Aplicare<\/strong>: Aplica\u021bi produsul uniform pe pielea fe\u021bei, g\u00e2tului \u0219i decolteului, aplica\u021bi cu mi\u0219c\u0103ri de masaj p\u00e2n\u0103 la absorb\u021bia complet\u0103. Aplica\u021bi seara.<\/p>\n<p><strong>Tipul De Piele<\/strong>: Uleios, Combinat, Normal<\/p>\n<p><strong>Rezolv\u0103 problema<\/strong>: str\u0103lucire gras\u0103, deshidratare, sc\u0103derea elasticit\u0103\u021bii. Usc\u0103ciune<\/p>\n<p><strong>Efectul produsului<\/strong>: alinierea pielii, nutri\u021bie, elasticitate crescut\u0103, regenerare, hidratare<\/p>","protected":false},"excerpt":{"rendered":"<p>Crem\u0103 de noapte netezitoare &#8220;Satin&#8221;, 50 ml<\/p>\n","protected":false},"featured_media":2873,"template":"","meta":[],"product_cat":[41],"product_tag":[],"_links":{"self":[{"href":"https:\/\/shop.belar.md\/ro\/wp-json\/wp\/v2\/product\/2872"}],"collection":[{"href":"https:\/\/shop.belar.md\/ro\/wp-json\/wp\/v2\/product"}],"about":[{"href":"https:\/\/shop.belar.md\/ro\/wp-json\/wp\/v2\/types\/product"}],"wp:featuredmedia":[{"embeddable":true,"href":"https:\/\/shop.belar.md\/ro\/wp-json\/wp\/v2\/media\/2873"}],"wp:attachment":[{"href":"https:\/\/shop.belar.md\/ro\/wp-json\/wp\/v2\/media?parent=2872"}],"wp:term":[{"taxonomy":"product_cat","embeddable":true,"href":"https:\/\/shop.belar.md\/ro\/wp-json\/wp\/v2\/product_cat?post=2872"},{"taxonomy":"product_tag","embeddable":true,"href":"https:\/\/shop.belar.md\/ro\/wp-json\/wp\/v2\/product_tag?post=2872"}],"curies":[{"name":"wp","href":"https:\/\/api.w.org\/{rel}","templated":true}]}}