{"id":287,"date":"2021-01-12T16:41:17","date_gmt":"2021-01-12T16:41:17","guid":{"rendered":"http:\/\/shop.belar.md\/product\/import-placeholder-for-298\/"},"modified":"2026-04-15T05:02:10","modified_gmt":"2026-04-15T05:02:10","slug":"skin-contour-cream","status":"publish","type":"product","link":"https:\/\/shop.belar.md\/ro\/product\/skin-contour-cream\/","title":{"rendered":"Crem\u0103 \u00eembog\u0103\u021bit\u0103, cu efect de lifting \u0219i anti-age"},"content":{"rendered":"<p><span style=\"font-weight: 400;\">Crem\u0103 \u00eembog\u0103\u021bit\u0103 anti-age, cu efect de ameliorare a conturului fe\u021bei. Con\u021bine 27% lipide \u0219i este perfect\u0103 pentru oricine prefer\u0103 texturi bogate. \u00cent\u0103re\u0219te pielea matur\u0103 \u00een straturile sale profunde, oferind instantaneu un efect de lifting de durat\u0103. Pielea prime\u0219te sprijin \u00een stadiul \u00een care \u00eemb\u0103tr\u00e2nirea este abia la \u00eenceput. ESP (peptide care stimuleaz\u0103 sinteza elastinei) \u00eent\u0103resc structura pielii \u0219i reduc ridurile. Complexul de plante <\/span><i><span style=\"font-weight: 400;\">SORR<\/span><\/i><span style=\"font-weight: 400;\"> uniformizeaz\u0103 nuan\u021ba pielii, combate pigmentarea \u0219i ro\u0219ea\u021ba \u0219i are un efect antiinflamator \u0219i antioxidant. Ingrediente prietenoase cu pielea \u2013 uleiul pre\u021bios de macadamia \u0219i m\u0103tasea veritabil\u0103 japonez\u0103 \u00eent\u0103resc bariera epidermic\u0103. Vitaminele A \u0219i E protejeaz\u0103 pielea de \u00eemb\u0103tr\u00e2nirea prematur\u0103. Dup\u0103 28 de zile, conturul fe\u021bei devine mai definit, pielea devine elastic\u0103, ferm\u0103 \u0219i str\u0103lucitoare, iar fa\u021ba arat\u0103 vizibil mai t\u00e2n\u0103r\u0103.<\/span><\/p>\n<p><b><i>Avantaje:<\/i><\/b><\/p>\n<ul>\n<li style=\"font-weight: 400;\" aria-level=\"1\"><span style=\"font-weight: 400;\">lifting vizibil, piele mai dens\u0103 \u0219i un contur al fe\u021bei mai conturat datorit\u0103 peptidelor biomimetice anti-age;<\/span><\/li>\n<li style=\"font-weight: 400;\" aria-level=\"1\"><span style=\"font-weight: 400;\">efect instantaneu: pielea este moale, neted\u0103, elastic\u0103, o senza\u021bie de neegalat de confort \u0219i \u00eengrijire;<\/span><\/li>\n<li style=\"font-weight: 400;\" aria-level=\"1\"><span style=\"font-weight: 400;\">efect cumulativ: reducerea ridurilor, \u00eembun\u0103t\u0103\u021birea structurii \u0219i calit\u0103\u021bii pielii, contururi ale fe\u021bei mai clare;<\/span><\/li>\n<li style=\"font-weight: 400;\" aria-level=\"1\"><span style=\"font-weight: 400;\">se absoarbe rapid \u00een ciuda texturii sale \u00eembog\u0103\u021bite;<\/span><\/li>\n<li style=\"font-weight: 400;\" aria-level=\"1\"><span style=\"font-weight: 400;\">utilizare universal\u0103 &#8211; diminea\u021ba \u0219i seara;<\/span><\/li>\n<li style=\"font-weight: 400;\" aria-level=\"1\"><span style=\"font-weight: 400;\">poate fi utilizat la primele semne ale modific\u0103rilor legate de v\u00e2rst\u0103;<\/span><\/li>\n<li style=\"font-weight: 400;\" aria-level=\"1\"><span style=\"font-weight: 400;\">indispensabil pentru men\u021binerea elasticit\u0103\u021bii pielii \u0219i prevenirea ptozei \u00een timpul dietelor &#8211; pentru ca fa\u021ba s\u0103 nu \u201epluteasc\u0103\u201d atunci c\u00e2nd sl\u0103be\u0219te.<\/span><\/li>\n<\/ul>\n<p><b><i>Inova\u021bii, componente active<\/i><\/b><\/p>\n<ul>\n<li><b>ESP: peptide care stimuleaz\u0103 sinteza elastinei;<\/b><span style=\"font-weight: 400;\"> stimuleaz\u0103 sinteza elastinei \u00een fibroblaste, \u00eent\u0103re\u0219te structura \u021besutului conjunctiv \u0219i stabilizeaz\u0103 contururile fe\u021bei.<\/span><\/li>\n<li><b>Complexul de extracte de plante SORR:<\/b><span style=\"font-weight: 400;\"> extracte foarte active de <\/span><i><span style=\"font-weight: 400;\">Siegesbeckia orientalis<\/span><\/i><span style=\"font-weight: 400;\"> \u0219i<\/span><i><span style=\"font-weight: 400;\"> Rabdosia rubescens<\/span><\/i><span style=\"font-weight: 400;\">; au propriet\u0103\u021bi antiinflamatorii \u0219i antioxidante, uniformizeaz\u0103 nuan\u021ba pielii \u0219i \u00eei confer\u0103 str\u0103lucire.<\/span><\/li>\n<li><b>Acid hialuronic (greutate molecular\u0103 mare \u0219i mic\u0103)<\/b><span style=\"font-weight: 400;\">: asigur\u0103 o hidratare intens\u0103 \u0219i ajut\u0103 la re\u021binerea umidit\u0103\u021bii \u00een piele.<\/span><\/li>\n<li><b>M\u0103tase japonez\u0103 veritabil\u0103:<\/b><span style=\"font-weight: 400;\"> are o structur\u0103 asem\u0103n\u0103toare cu pielea; se absoarbe rapid, protejeaz\u0103 pielea de deshidratare, \u00eei confer\u0103 elasticitate \u0219i catifelare.<\/span><\/li>\n<li><b>Ulei de nuc\u0103 de macadamia:<\/b><span style=\"font-weight: 400;\"> bogat \u00een acid palmitoleic, care spore\u0219te capacitatea uleiului de a p\u0103trunde \u00een piele. Hidrateaz\u0103 perfect, neteze\u0219te, \u00eembun\u0103t\u0103\u021be\u0219te elasticitatea pielii.<\/span><\/li>\n<li><b>ISIS:<\/b><span style=\"font-weight: 400;\"> emolient de origine vegetal\u0103; \u00eembun\u0103t\u0103\u021be\u0219te aderen\u021ba lipidelor \u00een stratul cornos \u0219i reduce pierderea transepidermic\u0103 de ap\u0103.<\/span><\/li>\n<li><b>Vitamina A: <\/b><span style=\"font-weight: 400;\">antioxidant, \u00eent\u0103re\u0219te vasele sanguine, stimuleaz\u0103 procesele naturale de regenerare, \u00eembun\u0103t\u0103\u021be\u0219te structura pielii.<\/span><\/li>\n<li><b>Vitamina E:<\/b><span style=\"font-weight: 400;\"> antioxidant, protejeaz\u0103 celulele pielii \u0219i \u00eembun\u0103t\u0103\u021be\u0219te nutri\u021bia acestora, prevenind procesele de \u00eemb\u0103tr\u00e2nire prematur\u0103.<\/span><\/li>\n<\/ul>\n<p><b>Mod de utilizare: <\/b><span style=\"font-weight: 400;\">Aplica\u021bi diminea\u021ba \u0219i\/sau seara pe pielea cur\u0103\u021bat\u0103 a fe\u021bei, g\u00e2tului \u0219i decolteului. Pentru un efect sporit, aplica\u021bi concentratul de fiole <\/span><a href=\"https:\/\/shop.belar.md\/ro\/product\/lifting-koncentrat-s-peptidami-aktiviruet-sintez-elastina-i-kollagena\/\"><i><span style=\"font-weight: 400;\">Skin Contour Fluid<\/span><\/i><\/a><span style=\"font-weight: 400;\">, apoi crema.<\/span><\/p>","protected":false},"excerpt":{"rendered":"<p>Skin Contour Cream, 50 ml<\/p>\n","protected":false},"featured_media":3437,"template":"","meta":[],"product_cat":[40,41],"product_tag":[],"_links":{"self":[{"href":"https:\/\/shop.belar.md\/ro\/wp-json\/wp\/v2\/product\/287"}],"collection":[{"href":"https:\/\/shop.belar.md\/ro\/wp-json\/wp\/v2\/product"}],"about":[{"href":"https:\/\/shop.belar.md\/ro\/wp-json\/wp\/v2\/types\/product"}],"wp:featuredmedia":[{"embeddable":true,"href":"https:\/\/shop.belar.md\/ro\/wp-json\/wp\/v2\/media\/3437"}],"wp:attachment":[{"href":"https:\/\/shop.belar.md\/ro\/wp-json\/wp\/v2\/media?parent=287"}],"wp:term":[{"taxonomy":"product_cat","embeddable":true,"href":"https:\/\/shop.belar.md\/ro\/wp-json\/wp\/v2\/product_cat?post=287"},{"taxonomy":"product_tag","embeddable":true,"href":"https:\/\/shop.belar.md\/ro\/wp-json\/wp\/v2\/product_tag?post=287"}],"curies":[{"name":"wp","href":"https:\/\/api.w.org\/{rel}","templated":true}]}}