{"id":2862,"date":"2022-12-09T13:23:26","date_gmt":"2022-12-09T13:23:26","guid":{"rendered":"https:\/\/shop.belar.md\/?post_type=product&#038;p=2862"},"modified":"2026-04-22T05:01:14","modified_gmt":"2026-04-22T05:01:14","slug":"line-repair-glow-hydra-fusion-concentrate","status":"publish","type":"product","link":"https:\/\/shop.belar.md\/ro\/product\/line-repair-glow-hydra-fusion-concentrate\/","title":{"rendered":"Line Repair Glow Hydra Fusion Concentrate"},"content":{"rendered":"<p><span style=\"color: #800080;\"><strong>Noul<\/strong><\/span> ser inovator cu o textur\u0103 m\u0103t\u0103soas\u0103 stimuleaz\u0103 metabolismul celular, amelioreaz\u0103 inflama\u021bia, lumineaz\u0103 \u0219i revitalizeaz\u0103 pielea, confer\u0103 str\u0103lucire, tinere\u021be \u0219i confort.<\/p>\n<p>Vitamina B3 reduce aspectul ridurilor fine, uniformizeaz\u0103 tonul, \u00eengusteaz\u0103 porii, cre\u0219te elasticitatea, \u00eent\u0103re\u0219te bariera de protec\u021bie. Vitamina B5 calmeaz\u0103 \u0219i restabile\u0219te. Extractul de dud are propriet\u0103\u021bi antiinflamatorii, protejeaz\u0103 \u00eempotriva efectelor negative ale mediului. Vitamina C, de asemenea, lumineaz\u0103 pu\u021bin tonul pielii. Complexul Botanic hydrator asigur\u0103 hidratarea rapid\u0103 a pielii, reduce pierderea de umiditate, restabile\u0219te func\u021bia de protec\u021bie a pielii. Acidul hialuronic cre\u0219te hidratarea \u0219i restabile\u0219te tonusul.<\/p>\n<p><strong>V\u00e2rsta<\/strong>: f\u0103r\u0103 restric\u021bii<\/p>\n<p><strong>Ingrediente Active<\/strong>: niacinamid\u0103 (vitamina B3), Vitamina B5, complex Hidrator Botanic, acid hialuronic, ap\u0103 deionizat\u0103, glicerin\u0103, pantenol, lecitin\u0103, vitamina E, Aloe barbadensis, extract de Evodia rutabaga, acid hialuronic, extract de dud, extract de hibiscus, extract de semin\u021be de \u021belin\u0103<\/p>\n<p><strong>Aplicare<\/strong>: Aplica\u021bi produsul pe zona fe\u021bei, g\u00e2tului \u0219i decolteului. Aplica\u021bi cu mi\u0219c\u0103ri u\u0219oare de masaj p\u00e2n\u0103 la absorb\u021bia complet\u0103.<\/p>\n<p><strong>Tipul de piele<\/strong>: orice tip<\/p>\n<p><strong>Rezolv\u0103 problema<\/strong>: modific\u0103ri legate de v\u00e2rst\u0103, piele aspr\u0103, deshidratare, semne de \u00eemb\u0103tr\u00e2nire, elasticitate sc\u0103zut\u0103, usc\u0103ciune, Peeling, piele deteriorat\u0103<\/p>\n<p><strong>Efectul produsului<\/strong>: antiinflamator, alinierea pielii, \u00eentinerire, elasticitate crescut\u0103, regenerare, hidratare<\/p>","protected":false},"excerpt":{"rendered":"<p>Concentrat seric hidratant, 30 ml<\/p>\n","protected":false},"featured_media":2863,"template":"","meta":[],"product_cat":[41],"product_tag":[],"_links":{"self":[{"href":"https:\/\/shop.belar.md\/ro\/wp-json\/wp\/v2\/product\/2862"}],"collection":[{"href":"https:\/\/shop.belar.md\/ro\/wp-json\/wp\/v2\/product"}],"about":[{"href":"https:\/\/shop.belar.md\/ro\/wp-json\/wp\/v2\/types\/product"}],"wp:featuredmedia":[{"embeddable":true,"href":"https:\/\/shop.belar.md\/ro\/wp-json\/wp\/v2\/media\/2863"}],"wp:attachment":[{"href":"https:\/\/shop.belar.md\/ro\/wp-json\/wp\/v2\/media?parent=2862"}],"wp:term":[{"taxonomy":"product_cat","embeddable":true,"href":"https:\/\/shop.belar.md\/ro\/wp-json\/wp\/v2\/product_cat?post=2862"},{"taxonomy":"product_tag","embeddable":true,"href":"https:\/\/shop.belar.md\/ro\/wp-json\/wp\/v2\/product_tag?post=2862"}],"curies":[{"name":"wp","href":"https:\/\/api.w.org\/{rel}","templated":true}]}}