{"id":286,"date":"2021-01-12T16:41:17","date_gmt":"2021-01-12T16:41:17","guid":{"rendered":"http:\/\/shop.belar.md\/product\/import-placeholder-for-296\/"},"modified":"2026-04-16T05:00:18","modified_gmt":"2026-04-16T05:00:18","slug":"perfect-lift-cream","status":"publish","type":"product","link":"https:\/\/shop.belar.md\/ro\/product\/perfect-lift-cream\/","title":{"rendered":"Crem\u0103 lifting anti-age, cu complex Cellular Regeneration"},"content":{"rendered":"<p><span style=\"font-weight: 400;\">O crem\u0103 bestseller, cu efect de lifting, formul\u0103 luxoas\u0103, cu un complex inovator <\/span><i><span style=\"font-weight: 400;\">Cellular Regeneration<\/span><\/i><span style=\"font-weight: 400;\"> din extracte de trifoi ro\u0219u \u0219i kombucha. Are un efect puternic anti-age: \u00eencetine\u0219te \u00eemb\u0103tr\u00e2nirea celulelor pielii, restabile\u0219te mecanismele sale naturale de protec\u021bie \u00eempotriva stresului oxidativ \u0219i regleaz\u0103 echilibrul hormonal local. Extractul de trifoi ro\u0219u, bogat \u00een izoflavone, reduce profunzimea ridurilor \u0219i \u00eent\u0103re\u0219te pielea. Kombucha \u2013 \u201eciuperca longevit\u0103\u021bii\u201d spore\u0219te str\u0103lucirea natural\u0103 a pielii \u0219i, ca lipofiller, umple ridurile din interior. Dou\u0103 tipuri de acid hialuronic hidrateaz\u0103 intens \u0219i re\u021bin umiditatea \u00een piele. Un complex biomimetic natural de unt de Shea, squalan \u0219i ulei de nuc\u0103 de macadamia \u00eent\u0103re\u0219te bariera epidermic\u0103, satur\u00e2nd-o cu lipide. Dup\u0103 doar o lun\u0103 de utilizare, pielea devine mai elastic\u0103 \u0219i mai dens\u0103, ridurile sunt netezite, iar fa\u021ba arat\u0103 mai t\u00e2n\u0103r\u0103.<\/span><\/p>\n<p><b><i>Avantaje:<\/i><\/b><\/p>\n<ul>\n<li style=\"font-weight: 400;\" aria-level=\"1\"><span style=\"font-weight: 400;\">lifting instant \u0219i str\u0103lucire s\u0103n\u0103toas\u0103 a pielii imediat dup\u0103 utilizare;<\/span><\/li>\n<li style=\"font-weight: 400;\" aria-level=\"1\"><span style=\"font-weight: 400;\">un complex inovator pe baz\u0103 de fitoestrogeni \u0219i ingrediente biomimetice active\u00a0 cu efect intens de \u00eentinerire;<\/span><\/li>\n<li style=\"font-weight: 400;\" aria-level=\"1\"><span style=\"font-weight: 400;\">efect de \u00eentinerire cumulativ: ridurile sunt netezite \u0219i devin mai pu\u021bin vizibile, pielea devine mai elastic\u0103;<\/span><\/li>\n<li style=\"font-weight: 400;\" aria-level=\"1\"><span style=\"font-weight: 400;\">utilizare universal\u0103 \u2013 diminea\u021ba\/seara;<\/span><\/li>\n<li style=\"font-weight: 400;\" aria-level=\"1\"><span style=\"font-weight: 400;\">textur\u0103 confortabil\u0103 \u0219i arom\u0103 pl\u0103cut\u0103;<\/span><\/li>\n<li style=\"font-weight: 400;\" aria-level=\"1\"><span style=\"font-weight: 400;\">potrivit pentru toate tipurile de piele;<\/span><\/li>\n<li style=\"font-weight: 400;\" aria-level=\"1\"><span style=\"font-weight: 400;\">o baz\u0103 excelent\u0103 pentru machiaj \u2013 u\u0219ureaz\u0103 aplicarea \u0219i cre\u0219te durabilitatea;<\/span><\/li>\n<li style=\"font-weight: 400;\" aria-level=\"1\"><span style=\"font-weight: 400;\">consum econom (un bob de maz\u0103re).<\/span><\/li>\n<\/ul>\n<p><b><i>Inova\u021bii, componente active<\/i><\/b><\/p>\n<ul>\n<li><b>CRC (Complex de regenerare celular\u0103):<\/b> <b>Extract de trifoi ro\u0219u<\/b><span style=\"font-weight: 400;\">: Con\u021bine fitoestrogeni; stimuleaz\u0103 sinteza proteinelor, restabile\u0219te \u021besutul conjunctiv \u0219i ofer\u0103 pielii densitate \u0219i o neteze\u0219te. Reduce profunzimea ridurilor, \u00eent\u0103re\u0219te \u0219i hidrateaz\u0103 pielea.<\/span><\/li>\n<li><b>Kombucha:<\/b><span style=\"font-weight: 400;\"> ceai negru fermentat; neteze\u0219te pielea, datorit\u0103 efectului de lipofilling, confer\u0103 pielii str\u0103lucire \u0219i \u00eei \u00eembun\u0103t\u0103\u021be\u0219te culoarea.\u00a0<\/span><\/li>\n<li><b>Palmitat de vitamina A:<\/b><span style=\"font-weight: 400;\"> stimuleaz\u0103 activitatea celular\u0103 \u0219i regenerarea pielii.<\/span><\/li>\n<li><b>Acid hialuronic (greutate molecular\u0103 mare \u0219i mic\u0103):<\/b><span style=\"font-weight: 400;\"> asigur\u0103 o hidratare intens\u0103 \u0219i ajut\u0103 la re\u021binerea umidit\u0103\u021bii \u00een piele.<\/span><\/li>\n<li><b>Izomerat de zaharide:<\/b><span style=\"font-weight: 400;\"> component\u0103 care hidrateaz\u0103 \u0219i re\u021bine apa derivat\u0103 din zaharuri naturale. Se leag\u0103 puternic de keratina pielii, oferind o hidratare profund\u0103 \u0219i prelungit\u0103.<\/span><\/li>\n<li><b>Squalane: <\/b><span style=\"font-weight: 400;\">hr\u0103ne\u0219te pielea \u0219i o protejeaz\u0103 de deshidratare.<\/span><\/li>\n<li><b>Ulei de nuc\u0103 de macadamia:<\/b><span style=\"font-weight: 400;\"> bogat \u00een acid palmitoleic, care spore\u0219te capacitatea uleiului de a p\u0103trunde \u00een piele. Hr\u0103ne\u0219te, hidrateaz\u0103, neteze\u0219te, protejeaz\u0103, cre\u0219te fermitatea \u0219i elasticitatea pielii.<\/span><\/li>\n<\/ul>\n<p><b>Mod de utilizare:\u00a0<\/b><span style=\"font-weight: 400;\">Diminea\u021ba \u0219i\/sau seara, aplica\u021bi o cantitate mic\u0103 pe pielea curat\u0103 a fe\u021bei, g\u00e2tului \u0219i decolteului. Poate fi folosit ca baz\u0103 pentru machiaj.<\/span><\/p>","protected":false},"excerpt":{"rendered":"<p>Perfect Lift Cream, 50 \u043c\u043b<\/p>\n","protected":false},"featured_media":316,"template":"","meta":[],"product_cat":[40,41],"product_tag":[],"_links":{"self":[{"href":"https:\/\/shop.belar.md\/ro\/wp-json\/wp\/v2\/product\/286"}],"collection":[{"href":"https:\/\/shop.belar.md\/ro\/wp-json\/wp\/v2\/product"}],"about":[{"href":"https:\/\/shop.belar.md\/ro\/wp-json\/wp\/v2\/types\/product"}],"wp:featuredmedia":[{"embeddable":true,"href":"https:\/\/shop.belar.md\/ro\/wp-json\/wp\/v2\/media\/316"}],"wp:attachment":[{"href":"https:\/\/shop.belar.md\/ro\/wp-json\/wp\/v2\/media?parent=286"}],"wp:term":[{"taxonomy":"product_cat","embeddable":true,"href":"https:\/\/shop.belar.md\/ro\/wp-json\/wp\/v2\/product_cat?post=286"},{"taxonomy":"product_tag","embeddable":true,"href":"https:\/\/shop.belar.md\/ro\/wp-json\/wp\/v2\/product_tag?post=286"}],"curies":[{"name":"wp","href":"https:\/\/api.w.org\/{rel}","templated":true}]}}