{"id":2856,"date":"2022-12-09T09:27:52","date_gmt":"2022-12-09T09:27:52","guid":{"rendered":"https:\/\/shop.belar.md\/?post_type=product&#038;p=2856"},"modified":"2026-05-02T08:03:05","modified_gmt":"2026-05-02T05:03:05","slug":"line-repair-glow-moisturizing-micellar-milk","status":"publish","type":"product","link":"https:\/\/shop.belar.md\/ro\/product\/line-repair-glow-moisturizing-micellar-milk\/","title":{"rendered":"Line Repair Glow Moisturizing Micellar Milk"},"content":{"rendered":"<p><span style=\"color: #800080;\"><strong>NEW!<\/strong><\/span> Un instrument pentru \u00eendep\u0103rtarea delicat\u0103 a machiajului \u0219i a oric\u0103ror alte impurit\u0103\u021bi. Protejeaz\u0103, calmeaz\u0103 \u0219i hidrateaz\u0103 pielea.<\/p>\n<p>Capsulele micelare func\u021bioneaz\u0103 ca un magnet, atr\u0103g\u00e2nd \u0219i \u00eendep\u0103rt\u00e2nd murd\u0103ria \u0219i machiajul. Extractul de saponaria are propriet\u0103\u021bi de cur\u0103\u021bare \u0219i calmare.<\/p>\n<p>Flavonoidele \u0219i vitamina C combate petele de pigmentare. Extractul de mu\u0219e\u021bel calmeaz\u0103, re\u00eemprosp\u0103teaz\u0103 \u0219i cur\u0103\u021b\u0103, neutralizeaz\u0103 irita\u021biile pielii. Complexul brevetat Hydrator shield pe baz\u0103 de deriva\u021bi naturali de zah\u0103rasigur\u0103 o hidratare de lung\u0103 durat\u0103. Reface pielea deshidratat\u0103, \u00eent\u0103re\u0219te bariera pielii, optimizeaz\u0103 reten\u021bia de umiditate.<\/p>\n<p><strong>V\u00e2rst\u0103<\/strong>: f\u0103r\u0103 restric\u021bii<\/p>\n<p><strong>Ingrediente Active<\/strong>: Capsule micelare, extract de saponaria, flavonoide, vitamina C, Extract de mu\u0219e\u021bel, complex Hydrator shield, glicerin\u0103, acid Lactic, extract de dud, Bisabolol<\/p>\n<p><strong>Aplica\u021bie<\/strong>: Aplica\u021bi pe fa\u021b\u0103 \u0219i g\u00e2t, distribui\u021bi cu mi\u0219c\u0103ri de masaj, dup\u0103 ce a\u021bi umezit u\u0219or degetele cu ap\u0103 cald\u0103. \u00cendep\u0103rta\u021bi cu o c\u00e2rp\u0103 umed\u0103. Poate fi aplicat pe pielea buzelor \u0219i pe zona din jurul ochilor.<\/p>\n<p><strong>Tipul De Piele<\/strong>: Orice tip<\/p>\n<p><strong>Rezolv\u0103 problema<\/strong>: Piele Aspr\u0103, Usc\u0103ciune, Peeling, Piele Sensibil\u0103<\/p>\n<p><strong>Efectul remedierii<\/strong>: Cur\u0103\u021bare, Nutri\u021bie, Ameliorarea Irita\u021biilor, Hidratare<\/p>","protected":false},"excerpt":{"rendered":"<p>Lapte micelar hidratant, 300 ml<\/p>\n","protected":false},"featured_media":2857,"template":"","meta":[],"product_cat":[41],"product_tag":[],"_links":{"self":[{"href":"https:\/\/shop.belar.md\/ro\/wp-json\/wp\/v2\/product\/2856"}],"collection":[{"href":"https:\/\/shop.belar.md\/ro\/wp-json\/wp\/v2\/product"}],"about":[{"href":"https:\/\/shop.belar.md\/ro\/wp-json\/wp\/v2\/types\/product"}],"wp:featuredmedia":[{"embeddable":true,"href":"https:\/\/shop.belar.md\/ro\/wp-json\/wp\/v2\/media\/2857"}],"wp:attachment":[{"href":"https:\/\/shop.belar.md\/ro\/wp-json\/wp\/v2\/media?parent=2856"}],"wp:term":[{"taxonomy":"product_cat","embeddable":true,"href":"https:\/\/shop.belar.md\/ro\/wp-json\/wp\/v2\/product_cat?post=2856"},{"taxonomy":"product_tag","embeddable":true,"href":"https:\/\/shop.belar.md\/ro\/wp-json\/wp\/v2\/product_tag?post=2856"}],"curies":[{"name":"wp","href":"https:\/\/api.w.org\/{rel}","templated":true}]}}