{"id":285,"date":"2021-01-12T16:41:17","date_gmt":"2021-01-12T16:41:17","guid":{"rendered":"http:\/\/shop.belar.md\/product\/import-placeholder-for-294\/"},"modified":"2026-04-23T08:00:11","modified_gmt":"2026-04-23T05:00:11","slug":"skin-refining-enzyme-peel","status":"publish","type":"product","link":"https:\/\/shop.belar.md\/ro\/product\/skin-refining-enzyme-peel\/","title":{"rendered":"Peeling gel enzimatic delicat \u0219i regenerant"},"content":{"rendered":"<p><span style=\"font-weight: 400;\">Un must-have pentru locuitorii metropolei. Un peeling gel delicat, a c\u0103rui component\u0103 principal\u0103 este enzima subtilizina. Conceput pentru cur\u0103\u021bare profund\u0103, re\u00eennoirea \u0219i regenerarea oric\u0103rui tip de piele, inclusiv a pielii sensibile. \u00cendep\u0103rteaz\u0103 eficient celulele moarte ale pielii, \u00eembun\u0103t\u0103\u021be\u0219te starea porilor, previne formarea comedoanelor \u0219i elementelor inflamatorii, elimin\u0103 str\u0103lucirea uleioas\u0103. \u00cendep\u0103rteaz\u0103 rapid semnele de oboseal\u0103 ale pielii \u0219i ilumineaz\u0103 tenul. Potrivit pentru cur\u0103\u021barea \u00een profunzime a zonei ochilor. Reduce aspectul de pigmentare nedorit\u0103. Pielea devine mai fin\u0103, mai ferm\u0103 \u0219i cap\u0103t\u0103 o str\u0103lucire s\u0103n\u0103toas\u0103.<\/span><\/p>\n<p><b><i>Avantaje:<\/i><\/b><\/p>\n<ul>\n<li style=\"font-weight: 400;\" aria-level=\"1\"><span style=\"font-weight: 400;\">cur\u0103\u021b\u0103 neagresiv pielea \u00een profunzime;<\/span><\/li>\n<li style=\"font-weight: 400;\" aria-level=\"1\"><span style=\"font-weight: 400;\">stimuleaz\u0103 re\u00eennoirea \u0219i regenerarea celular\u0103;<\/span><\/li>\n<li style=\"font-weight: 400;\" aria-level=\"1\"><span style=\"font-weight: 400;\">poate fi utilizat pe tot parcursul anului ca peeling pentru rutina de domiciliu;<\/span><\/li>\n<li style=\"font-weight: 400;\" aria-level=\"1\"><span style=\"font-weight: 400;\">potrivit pentru orice tip \u0219i condi\u021bie a pielii, inclusiv pentru pielea sensibil\u0103;<\/span><\/li>\n<li style=\"font-weight: 400;\" aria-level=\"1\"><span style=\"font-weight: 400;\">u\u0219or de aplicat \u0219i de sp\u0103lat cu ap\u0103;<\/span><\/li>\n<li style=\"font-weight: 400;\" aria-level=\"1\"><span style=\"font-weight: 400;\">cur\u0103\u021bare perfect\u0103 \u00eenainte de aplicarea machiajului pentru a uniformiza microrelieful pielii;<\/span><\/li>\n<li style=\"font-weight: 400;\" aria-level=\"1\"><span style=\"font-weight: 400;\">efect expres pentru o ie\u0219ire, ofer\u0103 o str\u0103lucire special\u0103 pielii;<\/span><\/li>\n<li style=\"font-weight: 400;\" aria-level=\"1\"><span style=\"font-weight: 400;\">prezint\u0103 propriet\u0103\u021bile unui ser cu efect de lifting;<\/span><\/li>\n<li style=\"font-weight: 400;\" aria-level=\"1\"><span style=\"font-weight: 400;\">ambalaj avantajos cu dozator econom.<\/span><\/li>\n<li style=\"font-weight: 400;\" aria-level=\"1\"><span style=\"font-weight: 400;\">siguran\u021ba \u0219i eficien\u021ba produsului confirmate de Institutul de Cercetare \u0218tiin\u021bific\u0103 Dermatest GmbH, Germania.<\/span><\/li>\n<\/ul>\n<p><b><i>Inova\u021bii, componente active:<\/i><\/b><\/p>\n<ul>\n<li><b>Subtilizin\u0103:<\/b><span style=\"font-weight: 400;\"> o enzim\u0103 produs\u0103 de biotehnologie; dizolv\u0103 leg\u0103turile proteice dintre celulele superioare ale stratului cornos al pielii \u0219i faciliteaz\u0103 semnificativ procesul de exfoliere.<\/span><\/li>\n<\/ul>\n<p><b><i>Mod de utilizare:<\/i><\/b><\/p>\n<p><span style=\"font-weight: 400;\">Aplica\u021bi de 1-2 ori pe s\u0103pt\u0103m\u00e2n\u0103.\u00a0<\/span><\/p>\n<p><span style=\"font-weight: 400;\">Metoda 1. Aplica\u021bi o cantitate mic\u0103 de gel pe toat\u0103 fa\u021ba, masa\u021bi, l\u0103sa\u021bi timp de 15 minute. Cl\u0103ti\u021bi apoi cu ap\u0103 cald\u0103 \u0219i aplica\u021bi crema \u00een func\u021bie de tipul dvs. de piele.<\/span><\/p>\n<p><span style=\"font-weight: 400;\">Metoda 2. Seara, aplica\u021bi o cantitate mic\u0103 de gel pe pielea curat\u0103. Nu cl\u0103ti\u021bi, l\u0103sa\u021bi s\u0103 ac\u021bioneze peste noapte. Pentru un efect de restabilire \u0219i regenerare, aplica\u021bi deasupra o\u00a0 crem\u0103 \u00een func\u021bie de tipul pielii. Diminea\u021ba, cl\u0103ti\u021bi orice reziduu \u0219i aplica\u021bi produsul obi\u0219nuit de \u00eengrijire.<\/span><\/p>","protected":false},"excerpt":{"rendered":"<p>Skin Refining Enzyme Peel, 50 ml<\/p>\n","protected":false},"featured_media":315,"template":"","meta":[],"product_cat":[40,41],"product_tag":[],"_links":{"self":[{"href":"https:\/\/shop.belar.md\/ro\/wp-json\/wp\/v2\/product\/285"}],"collection":[{"href":"https:\/\/shop.belar.md\/ro\/wp-json\/wp\/v2\/product"}],"about":[{"href":"https:\/\/shop.belar.md\/ro\/wp-json\/wp\/v2\/types\/product"}],"wp:featuredmedia":[{"embeddable":true,"href":"https:\/\/shop.belar.md\/ro\/wp-json\/wp\/v2\/media\/315"}],"wp:attachment":[{"href":"https:\/\/shop.belar.md\/ro\/wp-json\/wp\/v2\/media?parent=285"}],"wp:term":[{"taxonomy":"product_cat","embeddable":true,"href":"https:\/\/shop.belar.md\/ro\/wp-json\/wp\/v2\/product_cat?post=285"},{"taxonomy":"product_tag","embeddable":true,"href":"https:\/\/shop.belar.md\/ro\/wp-json\/wp\/v2\/product_tag?post=285"}],"curies":[{"name":"wp","href":"https:\/\/api.w.org\/{rel}","templated":true}]}}