{"id":2848,"date":"2022-12-08T14:41:50","date_gmt":"2022-12-08T14:41:50","guid":{"rendered":"https:\/\/shop.belar.md\/?post_type=product&#038;p=2848"},"modified":"2026-04-22T05:01:14","modified_gmt":"2026-04-22T05:01:14","slug":"line-repair-hydra-elastin-collagen","status":"publish","type":"product","link":"https:\/\/shop.belar.md\/ro\/product\/line-repair-hydra-elastin-collagen\/","title":{"rendered":"Line Repair Hydra Elastin Collagen"},"content":{"rendered":"<p><span style=\"color: #800080;\"><strong>NEW!<\/strong><\/span> crem\u0103 hidratant\u0103 u\u0219oar\u0103 cu ingrediente active marine \u0219i o combina\u021bie de extracte de plante reduce aspectul ridurilor \u0219i cutelor. Face pielea mai moale \u0219i mai fin\u0103, nu las\u0103 o str\u0103lucire gras\u0103.<\/p>\n<p>Complexul de regenerare anti-\u00eemb\u0103tr\u00e2nire Marine restore complex cre\u0219te elasticitatea \u0219i moliciunea pielii datorit\u0103 con\u021binutului ridicat de aminoacizi. Complexul Marine barrier reset stimuleaz\u0103 producerea de lipide \u0219i proteine, \u00eent\u0103rind bariera pielii. Con\u021bine o combina\u021bie de 3 tipuri de acid hialuronic: high\u2013molecular &#8211; pentru hidratarea \u0219i refacerea barierei, mediu\u2013molecular &#8211; pentru reten\u021bia de umiditate pe termen lung \u00een epiderm\u0103, low\u2013molecular-ca &#8220;umplutur\u0103&#8221; pentru riduri.<\/p>\n<p><strong>V\u00e2rsta<\/strong>: nelimitat<\/p>\n<p><strong>Ingrediente Active<\/strong>: complex de restaurare marin\u0103, complex de resetare a barierei Marine, acid 3-hialuronic, extract de mu\u0219e\u021bel, extract de urs, extract de miere, vitamina E, pantenol, colagen hidrolizat, elastin\u0103 hidrolizat\u0103, ulei de soia, palmitat de retinil (0,0015%), glicogen<\/p>\n<p><strong>Aplicare<\/strong>: Aplica\u021bi uniform pe pielea fe\u021bei, g\u00e2tului \u0219i decolteului, masa\u021bi p\u00e2n\u0103 se absoarbe complet.<\/p>\n<p><strong>Tipul De Piele<\/strong>: Uleios, Combinat, Normal<\/p>\n<p><strong>Rezolv\u0103 problema<\/strong>: elemente inflamatorii, piele aspr\u0103, deshidratare, pierderea elasticit\u0103\u021bii, usc\u0103ciune, Peeling, piele sensibil\u0103, piele deteriorat\u0103<\/p>\n<p><strong>Efectul produsului<\/strong>: combaterea inflama\u021biei, alinierea pielii, \u00eentinerire, nutri\u021bie, \u00eembun\u0103t\u0103\u021birea elasticit\u0103\u021bii, regenerare, ameliorarea irita\u021biei, hidratare<\/p>","protected":false},"excerpt":{"rendered":"<p>Crem\u0103 hidratant\u0103 &#8220;elastin\u0103, colagen&#8221;, 60 ml<\/p>\n","protected":false},"featured_media":2849,"template":"","meta":[],"product_cat":[41],"product_tag":[],"_links":{"self":[{"href":"https:\/\/shop.belar.md\/ro\/wp-json\/wp\/v2\/product\/2848"}],"collection":[{"href":"https:\/\/shop.belar.md\/ro\/wp-json\/wp\/v2\/product"}],"about":[{"href":"https:\/\/shop.belar.md\/ro\/wp-json\/wp\/v2\/types\/product"}],"wp:featuredmedia":[{"embeddable":true,"href":"https:\/\/shop.belar.md\/ro\/wp-json\/wp\/v2\/media\/2849"}],"wp:attachment":[{"href":"https:\/\/shop.belar.md\/ro\/wp-json\/wp\/v2\/media?parent=2848"}],"wp:term":[{"taxonomy":"product_cat","embeddable":true,"href":"https:\/\/shop.belar.md\/ro\/wp-json\/wp\/v2\/product_cat?post=2848"},{"taxonomy":"product_tag","embeddable":true,"href":"https:\/\/shop.belar.md\/ro\/wp-json\/wp\/v2\/product_tag?post=2848"}],"curies":[{"name":"wp","href":"https:\/\/api.w.org\/{rel}","templated":true}]}}