{"id":2842,"date":"2022-12-08T14:10:31","date_gmt":"2022-12-08T14:10:31","guid":{"rendered":"https:\/\/shop.belar.md\/?post_type=product&#038;p=2842"},"modified":"2026-04-18T05:03:18","modified_gmt":"2026-04-18T05:03:18","slug":"line-repair-hydra-lactic-night-repair","status":"publish","type":"product","link":"https:\/\/shop.belar.md\/ro\/product\/line-repair-hydra-lactic-night-repair\/","title":{"rendered":"Line Repair Hydra Lactic Night Repair"},"content":{"rendered":"<p><span style=\"color: #800080;\"><strong>NEW!<\/strong><\/span> crem\u0103 de noapte cu acid lactic \u0219i ingrediente hidratante neteze\u0219te relieful, uniformizeaz\u0103 tonul pielii, cre\u0219te elasticitatea, red\u0103 str\u0103lucirea.<\/p>\n<p>Acidul Lactic stimuleaz\u0103 re\u00eennoirea celulelor \u0219i are un efect de \u00eentinerire, reduc\u00e2nd aspectul ridurilor. Complexul Hydraviton este un amestec hidratant de componente ale unui factor natural de hidratare, inclusiv lactat de sodiu. Uleiul de Cupuacu regleaz\u0103 reten\u021bia de umiditate \u0219i activitatea lipidelor. Extractul de lemn dulce reduce hiperpigmentarea, f\u0103c\u00e2nd tenul mai uniform.<\/p>\n<p>Crema este potrivit\u0103 \u00een special pentru pielea uscat\u0103 \u0219i deteriorat\u0103, deoarece asigur\u0103 o hidratare activ\u0103 \u0219i de lung\u0103 durat\u0103.<\/p>\n<p><strong>V\u00e2rsta<\/strong>: nelimitat<\/p>\n<p><strong>Ingrediente Active<\/strong>: acid Lactic (10%), complex Hidraviton, ulei de cupuacu, extract de lemn dulce, glicerin\u0103, squalan, vitamina E, uree, serin\u0103, alantoin\u0103<\/p>\n<p><strong>Aplicare<\/strong>: Aplica\u021bi produsul uniform pe pielea fe\u021bei, g\u00e2tului \u0219i decolteului, aplica\u021bi cu mi\u0219c\u0103ri de masaj.<\/p>\n<p><strong>Tip de piele<\/strong>: Normal, uscat<\/p>\n<p><strong>Rezolv\u0103 problema<\/strong>: modific\u0103ri legate de v\u00e2rst\u0103, piele aspr\u0103, pigmentare, semne de \u00eemb\u0103tr\u00e2nire, elasticitate sc\u0103zut\u0103, usc\u0103ciune, peeling<\/p>\n<p><strong>Efectul produsului<\/strong>: nivelarea pielii, \u00eentinerire, iluminare, nutri\u021bie, \u00eembun\u0103t\u0103\u021birea elasticit\u0103\u021bii, hidratare<\/p>","protected":false},"excerpt":{"rendered":"<p>Crem\u0103 de noapte regenerant\u0103 cu acid lactic, 60 ml<\/p>\n","protected":false},"featured_media":2843,"template":"","meta":[],"product_cat":[41],"product_tag":[],"_links":{"self":[{"href":"https:\/\/shop.belar.md\/ro\/wp-json\/wp\/v2\/product\/2842"}],"collection":[{"href":"https:\/\/shop.belar.md\/ro\/wp-json\/wp\/v2\/product"}],"about":[{"href":"https:\/\/shop.belar.md\/ro\/wp-json\/wp\/v2\/types\/product"}],"wp:featuredmedia":[{"embeddable":true,"href":"https:\/\/shop.belar.md\/ro\/wp-json\/wp\/v2\/media\/2843"}],"wp:attachment":[{"href":"https:\/\/shop.belar.md\/ro\/wp-json\/wp\/v2\/media?parent=2842"}],"wp:term":[{"taxonomy":"product_cat","embeddable":true,"href":"https:\/\/shop.belar.md\/ro\/wp-json\/wp\/v2\/product_cat?post=2842"},{"taxonomy":"product_tag","embeddable":true,"href":"https:\/\/shop.belar.md\/ro\/wp-json\/wp\/v2\/product_tag?post=2842"}],"curies":[{"name":"wp","href":"https:\/\/api.w.org\/{rel}","templated":true}]}}