{"id":2839,"date":"2022-12-08T13:36:05","date_gmt":"2022-12-08T13:36:05","guid":{"rendered":"https:\/\/shop.belar.md\/?post_type=product&#038;p=2839"},"modified":"2026-04-16T05:01:18","modified_gmt":"2026-04-16T05:01:18","slug":"line-repair-hydra-theraskin-ha","status":"publish","type":"product","link":"https:\/\/shop.belar.md\/ro\/product\/line-repair-hydra-theraskin-ha\/","title":{"rendered":"Line Repair Hydra Theraskin+HA"},"content":{"rendered":"<p><span style=\"color: #800080;\"><strong>NEW!<\/strong><\/span> ser puternic anti-\u00eemb\u0103tr\u00e2nire pe baz\u0103 de acid hialuronic \u0219i componente ale unui factor natural de hidratare satureaz\u0103 cu umiditate, neteze\u0219te pielea, \u00eei red\u0103 elasticitatea.<\/p>\n<p>Con\u021bine un complex unic Hygroplex-un hidratant fiziologic similar cu sistemul de re\u021binere a umidit\u0103\u021bii epidermei, precum \u0219i complexul Wrinkle smoother, care reduce aspectul ridurilor \u0219i previne apari\u021bia altora noi.<\/p>\n<p><strong>V\u00e2rsta<\/strong>: nelimitat<\/p>\n<p><strong>Ingrediente Active<\/strong>: acid hialuronic, glucoz\u0103, fructoz\u0103, extract de salc\u00e2m Lankaran, acid lactic, extract de mu\u0219e\u021bel, extract de acmella, uree, zaharoz\u0103, acid aspartic, bisabolol, hexilnicotinat, acid glutamic<\/p>\n<p><strong>Aplicare<\/strong>: Aplica\u021bi pe zona fe\u021bei, g\u00e2tului \u0219i decolteului. Aplica\u021bi cu mi\u0219c\u0103ri u\u0219oare de masaj p\u00e2n\u0103 la absorb\u021bia complet\u0103.<\/p>\n<p><strong>Tipul De Piele<\/strong>: Orice<\/p>\n<p><strong>Rezolv\u0103 problema<\/strong>: piele aspr\u0103, deshidratare, sc\u0103derea elasticit\u0103\u021bii, usc\u0103ciune, peeling, piele sensibil\u0103, piele deteriorat\u0103<\/p>\n<p><strong>Efectul produsului<\/strong>: combaterea inflama\u021biei, \u00eentinerirea, cre\u0219terea elasticit\u0103\u021bii, regenerarea, ameliorarea irita\u021biei, hidratarea<\/p>","protected":false},"excerpt":{"rendered":"<p>Regenerare pic\u0103turi hidratante cu acid hialuronic&#8221; Teraskin&#8221;, 30 ml<\/p>\n","protected":false},"featured_media":2840,"template":"","meta":[],"product_cat":[41],"product_tag":[],"_links":{"self":[{"href":"https:\/\/shop.belar.md\/ro\/wp-json\/wp\/v2\/product\/2839"}],"collection":[{"href":"https:\/\/shop.belar.md\/ro\/wp-json\/wp\/v2\/product"}],"about":[{"href":"https:\/\/shop.belar.md\/ro\/wp-json\/wp\/v2\/types\/product"}],"wp:featuredmedia":[{"embeddable":true,"href":"https:\/\/shop.belar.md\/ro\/wp-json\/wp\/v2\/media\/2840"}],"wp:attachment":[{"href":"https:\/\/shop.belar.md\/ro\/wp-json\/wp\/v2\/media?parent=2839"}],"wp:term":[{"taxonomy":"product_cat","embeddable":true,"href":"https:\/\/shop.belar.md\/ro\/wp-json\/wp\/v2\/product_cat?post=2839"},{"taxonomy":"product_tag","embeddable":true,"href":"https:\/\/shop.belar.md\/ro\/wp-json\/wp\/v2\/product_tag?post=2839"}],"curies":[{"name":"wp","href":"https:\/\/api.w.org\/{rel}","templated":true}]}}