{"id":2830,"date":"2022-12-08T12:57:00","date_gmt":"2022-12-08T12:57:00","guid":{"rendered":"https:\/\/shop.belar.md\/?post_type=product&#038;p=2830"},"modified":"2026-04-18T05:03:16","modified_gmt":"2026-04-18T05:03:16","slug":"line-repair-hydra-aha-bha-active-cleanser","status":"publish","type":"product","link":"https:\/\/shop.belar.md\/ro\/product\/line-repair-hydra-aha-bha-active-cleanser\/","title":{"rendered":"Line Repair Hydra AHA-BHA Active Cleanser"},"content":{"rendered":"<p><span style=\"color: #800080;\"><strong>NEW!<\/strong><\/span> Gel cu acizi AHA-BHA este conceput pentru cur\u0103\u021barea \u0219i exfolierea temeinic\u0103 a celulelor moarte ale stratului cornos. \u00cembun\u0103t\u0103\u021be\u0219te textura pielii \u0219i elimin\u0103 excesul de sebum din pori.<\/p>\n<p>Acizii glicolici, citrici \u0219i salicilici promoveaz\u0103 re\u00eennoirea celulelor. Reduce\u021bi aspectul ridurilor \u0219i uniformiza\u021bi relieful. Extractul de ceai verde este un puternic antioxidant. Are efect astringent \u0219i antiinflamator, elimin\u0103 toxinele. Extractele de plante amelioreaz\u0103 iritarea, au ac\u021biune antimicrobian\u0103, hidrateaz\u0103, protejeaz\u0103 \u0219i calmeaz\u0103.<\/p>\n<p><strong>V\u00e2rsta<\/strong>: nelimitat<\/p>\n<p><strong>Ingrediente Active<\/strong>: acid glicolic, acid Acetic, acid citric, acid de cocos, acid salicilic, extract de ceai verde (Camellia sinensis), extracte de o\u021bet de mere, extract de castrave\u021bi<\/p>\n<p><strong>Aplicare<\/strong>: Aplica\u021bi gelul pe palmele umezite \u0219i spum\u0103, \u00eentins pe fa\u021b\u0103 \u0219i g\u00e2t, lucra\u021bi bine pielea cu mi\u0219c\u0103ri de masaj. Cl\u0103ti\u021bi cu ap\u0103 cald\u0103. Nu se recomand\u0103 utilizarea \u00een zona din jurul ochilor.<\/p>\n<p><strong>Tipul De Piele<\/strong>: Uleios, Combinat, Normal<\/p>\n<p><strong>Rezolv\u0103 urm\u0103toarele probleme<\/strong>: acnee, elemente inflamatorii, piele aspr\u0103, str\u0103lucire gras\u0103, pigmentare, puncte negre<\/p>\n<p><strong>Efectul produsului<\/strong>: combaterea inflama\u021biei, alinierea pielii, luminarea<\/p>","protected":false},"excerpt":{"rendered":"<p>Gel activ de cur\u0103\u021bare cu acizi AHA-BHA, 250 ml<\/p>\n","protected":false},"featured_media":2831,"template":"","meta":[],"product_cat":[41],"product_tag":[],"_links":{"self":[{"href":"https:\/\/shop.belar.md\/ro\/wp-json\/wp\/v2\/product\/2830"}],"collection":[{"href":"https:\/\/shop.belar.md\/ro\/wp-json\/wp\/v2\/product"}],"about":[{"href":"https:\/\/shop.belar.md\/ro\/wp-json\/wp\/v2\/types\/product"}],"wp:featuredmedia":[{"embeddable":true,"href":"https:\/\/shop.belar.md\/ro\/wp-json\/wp\/v2\/media\/2831"}],"wp:attachment":[{"href":"https:\/\/shop.belar.md\/ro\/wp-json\/wp\/v2\/media?parent=2830"}],"wp:term":[{"taxonomy":"product_cat","embeddable":true,"href":"https:\/\/shop.belar.md\/ro\/wp-json\/wp\/v2\/product_cat?post=2830"},{"taxonomy":"product_tag","embeddable":true,"href":"https:\/\/shop.belar.md\/ro\/wp-json\/wp\/v2\/product_tag?post=2830"}],"curies":[{"name":"wp","href":"https:\/\/api.w.org\/{rel}","templated":true}]}}