{"id":283,"date":"2021-01-12T16:41:17","date_gmt":"2021-01-12T16:41:17","guid":{"rendered":"http:\/\/shop.belar.md\/product\/import-placeholder-for-290\/"},"modified":"2026-04-23T08:00:10","modified_gmt":"2026-04-23T05:00:10","slug":"multi-action-cleansing-balm","status":"publish","type":"product","link":"https:\/\/shop.belar.md\/ro\/product\/multi-action-cleansing-balm\/","title":{"rendered":"Balsam multifunc\u021bional pentru cur\u0103\u021barea pielii \u201e3 \u00een 1\u201d: balsam-ulei-l\u0103pti\u0219or"},"content":{"rendered":"<p><span style=\"font-weight: 400;\">Un balsam transformator, inovator, pentru o cur\u0103\u021bare temeinic\u0103, extrem de bl\u00e2nd\u0103 \u0219i pl\u0103cut\u0103. C\u00e2nd se aplic\u0103 pe pielea uscat\u0103, \u00ee\u0219i schimb\u0103 textura: dintr-un gel-crem\u0103 delicat se transform\u0103 mai \u00eent\u00e2i \u00een ulei, iar c\u00e2nd se spal\u0103 cu ap\u0103, \u00eentr-un l\u0103pti\u0219or. \u00cen timpul cur\u0103\u021b\u0103rii, \u00eenmoaie \u0219i neteze\u0219te pielea, \u00eei cre\u0219te fermitatea \u0219i elasticitatea \u0219i o preg\u0103te\u0219te pentru absorb\u021bia componentelor active din \u00eengrijirea ulterioar\u0103. Absolut confortabil pentru orice tip de piele. Poate fi folosit ca masc\u0103 hr\u0103nitoare \u0219i \u00een calitate de ajutor SOS pentru pielea sensibil\u0103. Balsamul are la baz\u0103\u00a0 uleiuri pre\u021bioase, prietenoase cu pielea, ulei de murumuru, de primul\u0103 \u0219i ulei de s\u00e2mburi de caise, care ofer\u0103 pielii o \u00eengrijire complex\u0103 \u2013 cur\u0103\u021b\u0103 perfect, hidrateaz\u0103, hr\u0103ne\u0219te, catifeleaz\u0103 \u0219i \u00eei \u00eent\u0103re\u0219te func\u021bia de barier\u0103. Extractul de celule stem de zmeur\u0103 \u0219i vitamina E au un efect antioxidant puternic \u0219i protejeaz\u0103 pielea de \u00eemb\u0103tr\u00e2nirea prematur\u0103.<\/span><\/p>\n<p><b><i>Avantaje:<\/i><\/b><\/p>\n<ul>\n<li style=\"font-weight: 400;\" aria-level=\"1\"><span style=\"font-weight: 400;\">un produs de cur\u0103\u021bare \u0219i \u00eengrijire pentru orice tip de piele cu semne legate de \u00eenaintarea \u00een v\u00e2rst\u0103, care necesit\u0103 hr\u0103nire \u0219i regenerare;<\/span><\/li>\n<li style=\"font-weight: 400;\" aria-level=\"1\"><span style=\"font-weight: 400;\">\u00eendep\u0103rteaz\u0103 machiajul \u0219i impurit\u0103\u021bile f\u0103r\u0103 a l\u0103sa reziduuri \u2013 este suficient\u0103 o singur\u0103 aplicare;<\/span><\/li>\n<li style=\"font-weight: 400;\" aria-level=\"1\"><span style=\"font-weight: 400;\">produs multifunc\u021bional: demachiant, masc\u0103, balsam, textur\u0103 unic\u0103 3 \u00een 1\u201d: balsam-ulei-l\u0103pti\u0219or;<\/span><\/li>\n<li style=\"font-weight: 400;\" aria-level=\"1\"><span style=\"font-weight: 400;\">restabile\u0219te \u0219i \u00eent\u0103re\u0219te bariera protectoare a pielii, satur\u00e2nd-o cu lipide;<\/span><\/li>\n<li style=\"font-weight: 400;\" aria-level=\"1\"><span style=\"font-weight: 400;\">\u00eengrije\u0219te pielea \u00een timpul cur\u0103\u021b\u0103rii \u2013 ofer\u0103 un efect instantaneu de piele neted\u0103 \u0219i elastic\u0103;<\/span><\/li>\n<li style=\"font-weight: 400;\" aria-level=\"1\"><span style=\"font-weight: 400;\">permite adaptarea tenului la apa dur\u0103;<\/span><\/li>\n<li style=\"font-weight: 400;\" aria-level=\"1\"><span style=\"font-weight: 400;\">poate fi utilizat ca masc\u0103 hr\u0103nitoare, reparatoare \u0219i ca balsam regenerant;<\/span><\/li>\n<li style=\"font-weight: 400;\" aria-level=\"1\"><span style=\"font-weight: 400;\">ambalaj avantajos, cu dozator econom (o ap\u0103sare).<\/span><\/li>\n<\/ul>\n<p><b><i>Inova\u021bii, ingrediente active<\/i><\/b><\/p>\n<ul>\n<li><b>Untul de Murumuru: <\/b><span style=\"font-weight: 400;\">Untul este ob\u021binut din semin\u021bele fructului palmierului Murumuru (Astrocaryum murumuru) din p\u0103durea tropical\u0103 amazonian\u0103. Are o compozi\u021bie unic\u0103 de acizi gra\u0219i esen\u021biali. Are propriet\u0103\u021bi bactericide \u0219i antiinflamatorii, restabile\u0219te bariera lipidic\u0103 protectoare, hidrateaz\u0103 \u0219i catifeleaz\u0103 pielea.<\/span><\/li>\n<li><b>Ulei de s\u00e2mburi de caise:<\/b><span style=\"font-weight: 400;\"> un ulei hr\u0103nitor ob\u021binut din s\u00e2mburi de caise (Prunus armeniaca) \u0219i bogat \u00een acizi gra\u0219i nesatura\u021bi, este perfect absorbit de piele, prevenind deshidratarea acesteia.<\/span><\/li>\n<li><b>Ulei de primul\u0103<\/b><span style=\"font-weight: 400;\">: con\u021bine un procent foarte mare de acid gamma-linolenic; \u00eent\u0103re\u0219te func\u021bia de barier\u0103 a pielii.<\/span><\/li>\n<li><b>Extract de celule stem de zmeur\u0103:<\/b><span style=\"font-weight: 400;\"> un extract solubil \u00een gr\u0103simi din celule stem de zmeur\u0103, produs folosind o tehnologie celular\u0103 unic\u0103. Con\u021bine cantit\u0103\u021bi mari de carotenoizi, lipide, acizi fenolici \u0219i elagitanine, care sunt antioxidan\u021bi \u0219i agen\u021bi de hidratare deosebit de eficien\u021bi.<\/span><\/li>\n<li><b>Acetat de vitamina E<\/b><span style=\"font-weight: 400;\">: se transform\u0103 \u00een piele \u00een vitamina E liber\u0103, un antioxidant. Stimuleaz\u0103 procesele de regenerare \u0219i re\u00eennoire celular\u0103, previne \u00eemb\u0103tr\u00e2nirea pielii.<\/span><\/li>\n<\/ul>\n<p><b><i>Mod de utilizare:<\/i><\/b><\/p>\n<p><span style=\"font-weight: 400;\">Ca balsam de cur\u0103\u021bare &#8211; aplica\u021bi o cantitate mic\u0103 pe pielea fe\u021bei, g\u00e2tului \u0219i decolteului diminea\u021ba \u0219i\/sau seara, masa\u021bi u\u0219or cu m\u00e2inile umede, apoi cl\u0103ti\u021bi.<\/span><\/p>\n<p><span style=\"font-weight: 400;\">\u00a0Ca masc\u0103: aplica\u021bi pe pielea curat\u0103 \u0219i o l\u0103sa\u021bi s\u0103 ac\u021bioneze 5-10 minute. Masa\u021bi \u0219i apoi cl\u0103ti\u021bi sau \u00eendep\u0103rta\u021bi cu comprese calde \u0219i umede.<\/span><\/p>\n<p><span style=\"font-weight: 400;\">\u00a0Ca balsam SOS pentru pielea uscata sau pe vreme rece: aplica\u021bi o cantitate mic\u0103 pe zonele uscate \u0219i masa\u021bi p\u00e2n\u0103 la absorb\u021bie. \u0218terge\u021bi cu un \u0219erve\u021bel. Nu cl\u0103ti\u021bi.<\/span><\/p>","protected":false},"excerpt":{"rendered":"<p>Multi action cleansing balm, 50 ml<\/p>\n","protected":false},"featured_media":313,"template":"","meta":[],"product_cat":[40,41],"product_tag":[],"_links":{"self":[{"href":"https:\/\/shop.belar.md\/ro\/wp-json\/wp\/v2\/product\/283"}],"collection":[{"href":"https:\/\/shop.belar.md\/ro\/wp-json\/wp\/v2\/product"}],"about":[{"href":"https:\/\/shop.belar.md\/ro\/wp-json\/wp\/v2\/types\/product"}],"wp:featuredmedia":[{"embeddable":true,"href":"https:\/\/shop.belar.md\/ro\/wp-json\/wp\/v2\/media\/313"}],"wp:attachment":[{"href":"https:\/\/shop.belar.md\/ro\/wp-json\/wp\/v2\/media?parent=283"}],"wp:term":[{"taxonomy":"product_cat","embeddable":true,"href":"https:\/\/shop.belar.md\/ro\/wp-json\/wp\/v2\/product_cat?post=283"},{"taxonomy":"product_tag","embeddable":true,"href":"https:\/\/shop.belar.md\/ro\/wp-json\/wp\/v2\/product_tag?post=283"}],"curies":[{"name":"wp","href":"https:\/\/api.w.org\/{rel}","templated":true}]}}