{"id":282,"date":"2021-01-12T16:41:17","date_gmt":"2021-01-12T16:41:17","guid":{"rendered":"http:\/\/shop.belar.md\/product\/import-placeholder-for-288\/"},"modified":"2026-04-19T05:00:33","modified_gmt":"2026-04-19T05:00:33","slug":"luxury-oil-cleanser","status":"publish","type":"product","link":"https:\/\/shop.belar.md\/ro\/product\/luxury-oil-cleanser\/","title":{"rendered":"Ulei demachiant cu formul\u0103 luxoas\u0103"},"content":{"rendered":"<p><span style=\"font-weight: 400;\">Luxury Oil Cleanser este un ulei lejer, cu o textur\u0103 luxoas\u0103, pentru cur\u0103\u021barea \u0219i \u00eengrijirea delicat\u0103 \u0219i confortabil\u0103 a tenului. Con\u021bine uleiuri 100% naturale, extract de calendul\u0103 \u0219i componente speciale de cur\u0103\u021bare. \u00cendep\u0103rteaz\u0103 perfect machiajul, elibereaz\u0103 pielea de impurit\u0103\u021bi, nu las\u0103 o senza\u021bie uleioas\u0103 pe fa\u021b\u0103. Ingredientul unic <\/span><i><span style=\"font-weight: 400;\">Gold of Pleasure Oil<\/span><\/i><span style=\"font-weight: 400;\"> (ulei vegetal Camelina Sativa) cu un con\u021binut ridicat de acizi gra\u0219i omega-3 \u0219i -6 hidrateaz\u0103 perfect, hr\u0103ne\u0219te, catifeleaz\u0103, neteze\u0219te pielea \u0219i \u00eei \u00eent\u0103re\u0219te bariera protectoare. Extractul de Calendul\u0103 calmeaz\u0103, reduce irita\u021biile \u0219i descuamarea. Men\u021bine nivelul fiziologic al pH-ului pielii. Rezultatul dup\u0103 sp\u0103lare este o piele curat\u0103, moale, neted\u0103 \u0219i o senza\u021bie de confort.<\/span><\/p>\n<p><b><i>Avantaje:<\/i><\/b><\/p>\n<ul>\n<li style=\"font-weight: 400;\" aria-level=\"1\"><span style=\"font-weight: 400;\">super produs cu textur\u0103 luxoas\u0103 2 \u00een 1: cur\u0103\u021bare \u0219i \u00eengrijire a pielii la cel mai \u00eenalt nivel;<\/span><\/li>\n<li style=\"font-weight: 400;\" aria-level=\"1\"><span style=\"font-weight: 400;\">las\u0103 pielea absolut curat\u0103, men\u021bin\u00e2nd \u00een acela\u0219i timp bariera protectoare;<\/span><\/li>\n<li style=\"font-weight: 400;\" aria-level=\"1\"><span style=\"font-weight: 400;\">con\u021bine 100% uleiuri naturale pre\u021bioase \u0219i ingrediente vegetale biomimetice;<\/span><\/li>\n<li style=\"font-weight: 400;\" aria-level=\"1\"><span style=\"font-weight: 400;\">ofer\u0103 un efect imediat de piele neted\u0103 \u0219i ferm\u0103;<\/span><\/li>\n<li style=\"font-weight: 400;\" aria-level=\"1\"><span style=\"font-weight: 400;\">nu las\u0103 senza\u021bie de ulei pe fa\u021b\u0103, nu provoac\u0103 formarea de comedoane;<\/span><\/li>\n<li style=\"font-weight: 400;\" aria-level=\"1\"><span style=\"font-weight: 400;\">cur\u0103\u021bare perfect\u0103 pentru orice tip de piele, cu modific\u0103ri legate de \u00eenaintarea \u00een v\u00e2rst\u0103, \u00een special pentru pielea uscat\u0103 \u0219i sensibil\u0103;<\/span><\/li>\n<li style=\"font-weight: 400;\" aria-level=\"1\"><span style=\"font-weight: 400;\">ajut\u0103 pielea s\u0103 se adapteze la apa dur\u0103;<\/span><\/li>\n<li style=\"font-weight: 400;\" aria-level=\"1\"><span style=\"font-weight: 400;\">reface bariera hidrolipidic\u0103 a pielii, datorit\u0103 uleiurilor din compozi\u021bia acestuia;<\/span><\/li>\n<li style=\"font-weight: 400;\" aria-level=\"1\"><span style=\"font-weight: 400;\">este pl\u0103cut la aplicare \u0219i se spal\u0103 u\u0219or cu ap\u0103;<\/span><\/li>\n<li style=\"font-weight: 400;\" aria-level=\"1\"><span style=\"font-weight: 400;\">potrivit pentru \u00eendep\u0103rtarea machiajului rezistent la ap\u0103;<\/span><\/li>\n<li style=\"font-weight: 400;\" aria-level=\"1\"><span style=\"font-weight: 400;\">ambalare avantajos cu dozator \u2013 consum econom.<\/span><\/li>\n<\/ul>\n<p><b><i>Inova\u021bii, ingrediente active<\/i><\/b><\/p>\n<ul>\n<li><b>Ulei vegetal Camelina sativa:<\/b><span style=\"font-weight: 400;\"> \u00een englez\u0103 se nume\u0219te<\/span><i><span style=\"font-weight: 400;\"> Gold of pleasure.<\/span><\/i><span style=\"font-weight: 400;\"> Uleiul vegetal galben-auriu este bogat \u00een acizi gra\u0219i nesatura\u021bi omega-3 \u0219i -6. Stimuleaz\u0103 regenerarea pielii la nivel celular, men\u021bine echilibrul hidrolipidic, protejeaz\u0103 pielea de radia\u021biile ultraviolete, regleaz\u0103 activitatea glandelor sebacee. Neteze\u0219te pielea, \u00eei confer\u0103 fermitate \u0219i elasticitate.<\/span><\/li>\n<li><b>Extract liposolubil de calendul\u0103 <\/b><span style=\"font-weight: 400;\">: contine ingrediente lipofile \u0219i substan\u021be active din florile de calendul\u0103 (flavonoide, carotenoide). Are propriet\u0103\u021bi pronun\u021bate antiinflamatoare \u0219i de catifelare, elimin\u0103 deshidratarea \u0219i descuamarea pielii.<\/span><\/li>\n<li><b>Glyceryl Cocoat PEG-7 (ester al acidului gras de glicerol)<\/b><span style=\"font-weight: 400;\">: un ingredient pe baz\u0103 de plante derivat din uleiul de cocos. Cur\u0103\u021b\u0103 delicat \u0219i atent f\u0103r\u0103 a deteriora bariera epidermic\u0103. Potrivit chiar \u0219i pentru pielea sensibil\u0103.<\/span><\/li>\n<\/ul>\n<p><b><i>Mod de utilizare: <\/i><\/b><span style=\"font-weight: 400;\">Diminea\u021ba \u0219i\/sau seara, aplica\u021bi o cantitate mic\u0103 de ulei pe pielea fe\u021bei, distribui\u021bi uniform cu v\u00e2rfurile degetelor umezite, cl\u0103ti\u021bi cu ap\u0103 cald\u0103. Pentru un rezultat mai bun, aplica\u021bi apoi solu\u021bia <a href=\"https:\/\/shop.belar.md\/ro\/product\/micellar-skin-tonic\/\">tonic\u0103 <\/a><\/span><i><span style=\"font-weight: 400;\">Micelar Skin Tonic.<\/span><\/i><\/p>","protected":false},"excerpt":{"rendered":"<p>Luxury oil cleanser, 100 ml<\/p>\n","protected":false},"featured_media":312,"template":"","meta":[],"product_cat":[40,41],"product_tag":[],"_links":{"self":[{"href":"https:\/\/shop.belar.md\/ro\/wp-json\/wp\/v2\/product\/282"}],"collection":[{"href":"https:\/\/shop.belar.md\/ro\/wp-json\/wp\/v2\/product"}],"about":[{"href":"https:\/\/shop.belar.md\/ro\/wp-json\/wp\/v2\/types\/product"}],"wp:featuredmedia":[{"embeddable":true,"href":"https:\/\/shop.belar.md\/ro\/wp-json\/wp\/v2\/media\/312"}],"wp:attachment":[{"href":"https:\/\/shop.belar.md\/ro\/wp-json\/wp\/v2\/media?parent=282"}],"wp:term":[{"taxonomy":"product_cat","embeddable":true,"href":"https:\/\/shop.belar.md\/ro\/wp-json\/wp\/v2\/product_cat?post=282"},{"taxonomy":"product_tag","embeddable":true,"href":"https:\/\/shop.belar.md\/ro\/wp-json\/wp\/v2\/product_tag?post=282"}],"curies":[{"name":"wp","href":"https:\/\/api.w.org\/{rel}","templated":true}]}}