{"id":2819,"date":"2022-12-06T12:54:02","date_gmt":"2022-12-06T12:54:02","guid":{"rendered":"https:\/\/shop.belar.md\/?post_type=product&#038;p=2819"},"modified":"2026-04-18T05:03:20","modified_gmt":"2026-04-18T05:03:20","slug":"line-repair-fix-retinol-e-eye-cream","status":"publish","type":"product","link":"https:\/\/shop.belar.md\/ro\/product\/line-repair-fix-retinol-e-eye-cream\/","title":{"rendered":"Line Repair Fix Retinol E Eye Cream"},"content":{"rendered":"<p><span style=\"color: #800080;\"><strong>NOU<\/strong><\/span> crem\u0103 \u00eembog\u0103\u021bit\u0103 cu vitamine \u0219i antioxidan\u021bi cre\u0219te elasticitatea, amelioreaz\u0103 umfl\u0103turile, lumineaz\u0103 cearc\u0103nele, neteze\u0219te ridurile fine, red\u0103 str\u0103lucirea pielii din jurul ochilor.<\/p>\n<p>Retinolul accelereaz\u0103 re\u00eennoirea epidermei, uniformizeaz\u0103 tonul, sigileaz\u0103 pielea \u0219i neteze\u0219te relieful. Complexul de \u00eenfrumuse\u021bare a ochilor bazat pe peptide naturale \u00eembun\u0103t\u0103\u021be\u0219te nutri\u021bia pielii prin stimularea circula\u021biei s\u00e2ngelui. Vitamina E neutralizeaz\u0103 radicalii liberi \u0219i restabile\u0219te celulele deja deteriorate.<\/p>\n<p>Con\u021bine 3 tipuri de acid hialuronic: high\u2013molecular \u2013 pentru hidratarea \u0219i refacerea barierei, mediu\u2013molecular &#8211; pentru reten\u021bia de umiditate pe termen lung, low-molecular-ca &#8220;umplutur\u0103&#8221; pentru ridurile din straturile superioare ale dermei.<\/p>\n<p><strong>V\u00e2rst\u0103<\/strong>: 30-45, 45+<\/p>\n<p><strong>Ingrediente Active<\/strong>: Retinol (0,015%), complex de \u00eenfrumuse\u021bare a ochilor, acid 3-hialuronic, acetat de tocoferol, glicerin\u0103, dimeticon\u0103<\/p>\n<p><strong>Aplicare<\/strong>: Aplica\u021bi o cantitate mic\u0103 de produs pe pielea din jurul ochilor. Aplica\u021bi cu mi\u0219c\u0103ri u\u0219oare de masaj \u0219i b\u0103t\u0103i p\u00e2n\u0103 c\u00e2nd se absoarbe complet. Utiliza\u021bi de 1-2 ori pe s\u0103pt\u0103m\u00e2n\u0103 seara.<\/p>\n<p><strong>Tipul De Piele<\/strong>: Orice<\/p>\n<p><strong>Rezolv\u0103 problema<\/strong>: modific\u0103ri legate de v\u00e2rst\u0103, semne de \u00eemb\u0103tr\u00e2nire, elasticitate sc\u0103zut\u0103, cearc\u0103ne<\/p>\n<p><strong>Efectul produsului<\/strong>: netezirea pielii, \u00eentinerire, iluminare, cre\u0219terea elasticit\u0103\u021bii<\/p>","protected":false},"excerpt":{"rendered":"<p>Crema de ochi cu retinol, 30 ml<\/p>\n","protected":false},"featured_media":2820,"template":"","meta":[],"product_cat":[41],"product_tag":[],"_links":{"self":[{"href":"https:\/\/shop.belar.md\/ro\/wp-json\/wp\/v2\/product\/2819"}],"collection":[{"href":"https:\/\/shop.belar.md\/ro\/wp-json\/wp\/v2\/product"}],"about":[{"href":"https:\/\/shop.belar.md\/ro\/wp-json\/wp\/v2\/types\/product"}],"wp:featuredmedia":[{"embeddable":true,"href":"https:\/\/shop.belar.md\/ro\/wp-json\/wp\/v2\/media\/2820"}],"wp:attachment":[{"href":"https:\/\/shop.belar.md\/ro\/wp-json\/wp\/v2\/media?parent=2819"}],"wp:term":[{"taxonomy":"product_cat","embeddable":true,"href":"https:\/\/shop.belar.md\/ro\/wp-json\/wp\/v2\/product_cat?post=2819"},{"taxonomy":"product_tag","embeddable":true,"href":"https:\/\/shop.belar.md\/ro\/wp-json\/wp\/v2\/product_tag?post=2819"}],"curies":[{"name":"wp","href":"https:\/\/api.w.org\/{rel}","templated":true}]}}