{"id":2813,"date":"2022-12-06T12:30:16","date_gmt":"2022-12-06T12:30:16","guid":{"rendered":"https:\/\/shop.belar.md\/?post_type=product&#038;p=2813"},"modified":"2026-04-20T05:06:39","modified_gmt":"2026-04-20T05:06:39","slug":"line-repair-fix-hydra-perfect","status":"publish","type":"product","link":"https:\/\/shop.belar.md\/ro\/product\/line-repair-fix-hydra-perfect\/","title":{"rendered":"Line Repair Fix Hydra Perfect"},"content":{"rendered":"<p><span style=\"color: #800080;\"><strong>NOU<\/strong><\/span> ser puternic hidratant cu acid hialuronic. Are un efect antiage vizibil, regleaz\u0103 hidratarea, amelioreaz\u0103 inflama\u021bia.<\/p>\n<p>Izomerat de zaharid\u0103, extract de plante 100% natural, protejeaz\u0103 \u00eempotriva deshidrat\u0103rii \u0219i calmeaz\u0103 pielea, asigur\u0103 o hidratare instantanee \u0219i de lung\u0103 durat\u0103 timp de p\u00e2n\u0103 la 72 de ore. Protejeaz\u0103 fiabil \u00eempotriva stresului oxidativ.<\/p>\n<p>Acidul hialuronic atrage \u0219i re\u021bine un num\u0103r mare de molecule de ap\u0103, cresc\u00e2nd semnificativ hidratarea \u0219i elasticitatea pielii. Extractele de hamamelis \u0219i lemn dulce reduc inflama\u021bia, elimin\u0103 disconfortul \u0219i iritarea \u0219i reduc reactivitatea pielii. Contribuie la vindecarea daunelor.<\/p>\n<p><strong>V\u00e2rst\u0103<\/strong>: 30-45, 45+<\/p>\n<p><strong>Ingrediente Active<\/strong>: Izomerat de zaharid\u0103, acid hialuronic, extract de hamamelis, extract de lemn dulce, extract de Centella asiatica, celuloz\u0103, extract de r\u0103d\u0103cin\u0103 de lemn dulce, glicerin\u0103<\/p>\n<p><strong>Aplicare<\/strong>: Aplica\u021bi pe zona fe\u021bei, g\u00e2tului \u0219i decolteului. Aplica\u021bi cu mi\u0219c\u0103ri u\u0219oare de masaj p\u00e2n\u0103 la absorb\u021bia complet\u0103.<\/p>\n<p><strong>Tipul de piele<\/strong>: orice tip<\/p>\n<p><strong>Rezolv\u0103 problema<\/strong>: modific\u0103ri legate de v\u00e2rst\u0103, deshidratare, pigmentare, semne de \u00eemb\u0103tr\u00e2nire, elasticitate sc\u0103zut\u0103, usc\u0103ciune, peeling<\/p>\n<p><strong>Efectul produsului<\/strong>: \u00eentinerire, iluminare, cre\u0219terea elasticit\u0103\u021bii, hidratare<\/p>","protected":false},"excerpt":{"rendered":"<p>Ser hidratant &#8220;perfec\u021biune&#8221;, 30 ml<\/p>\n","protected":false},"featured_media":2814,"template":"","meta":[],"product_cat":[41],"product_tag":[],"_links":{"self":[{"href":"https:\/\/shop.belar.md\/ro\/wp-json\/wp\/v2\/product\/2813"}],"collection":[{"href":"https:\/\/shop.belar.md\/ro\/wp-json\/wp\/v2\/product"}],"about":[{"href":"https:\/\/shop.belar.md\/ro\/wp-json\/wp\/v2\/types\/product"}],"wp:featuredmedia":[{"embeddable":true,"href":"https:\/\/shop.belar.md\/ro\/wp-json\/wp\/v2\/media\/2814"}],"wp:attachment":[{"href":"https:\/\/shop.belar.md\/ro\/wp-json\/wp\/v2\/media?parent=2813"}],"wp:term":[{"taxonomy":"product_cat","embeddable":true,"href":"https:\/\/shop.belar.md\/ro\/wp-json\/wp\/v2\/product_cat?post=2813"},{"taxonomy":"product_tag","embeddable":true,"href":"https:\/\/shop.belar.md\/ro\/wp-json\/wp\/v2\/product_tag?post=2813"}],"curies":[{"name":"wp","href":"https:\/\/api.w.org\/{rel}","templated":true}]}}