{"id":2807,"date":"2022-12-06T12:10:56","date_gmt":"2022-12-06T12:10:56","guid":{"rendered":"https:\/\/shop.belar.md\/?post_type=product&#038;p=2807"},"modified":"2026-04-16T05:01:19","modified_gmt":"2026-04-16T05:01:19","slug":"line-repair-fix-retinol-e-active-cream","status":"publish","type":"product","link":"https:\/\/shop.belar.md\/ro\/product\/line-repair-fix-retinol-e-active-cream\/","title":{"rendered":"Line Repair Fix Retinol E Active Cream"},"content":{"rendered":"<p><span style=\"color: #800080;\"><strong>NOU<\/strong> <\/span>Crem\u0103 este conceput\u0103 pentru restaurarea intensiv\u0103 a pielii fe\u021bei \u0219i a g\u00e2tului. P\u0103trunde instantaneu \u00een straturile profunde ale pielii: str\u00e2nge, \u00eent\u0103re\u0219te, uniformizeaz\u0103 tonul, red\u0103 str\u0103lucirea, corecteaz\u0103 cicatricile.<\/p>\n<p>Retinolul accelereaz\u0103 re\u00eennoirea epidermei, neteze\u0219te relieful. Reduce aspectul pigment\u0103rii \u0219i uniformizeaz\u0103 tonul. Cu o utilizare regulat\u0103, \u00eengroa\u0219\u0103 semnificativ pielea. Vitamina C \u00eentr-o form\u0103 solubil\u0103 \u00een gr\u0103simi, datorit\u0103 capacit\u0103\u021bii sale ridicate de penetrare, inhib\u0103 produc\u021bia de melanin\u0103 \u0219i u\u0219ureaz\u0103 pigmentarea. Vitamina E previne deteriorarea oxidativ\u0103 a lipidelor, neutralizeaz\u0103 radicalii liberi \u0219i restabile\u0219te celulele deja deteriorate. Promoveaz\u0103 regenerarea.<\/p>\n<p><strong>V\u00e2rst\u0103<\/strong>: 30-45, 45+<\/p>\n<p><strong>Ingrediente Active<\/strong>: Retinol (0,015%), ascorbil tetraisopalmitat, acetat de tocoferol, dimeticon\u0103<\/p>\n<p><strong>Tip de piele<\/strong>: Normal, uscat<\/p>\n<p><strong>Rezolv\u0103 probleme<\/strong>: acnee, modific\u0103ri legate de v\u00e2rst\u0103, elemente inflamatorii, str\u0103lucire gras\u0103, rozacee, pigmentare, semne de \u00eemb\u0103tr\u00e2nire, elasticitate sc\u0103zut\u0103, piele deteriorat\u0103<\/p>\n<p><strong>Efectul produsului<\/strong>: antiinflamator, alinierea pielii, \u00eentinerire, iluminare, \u00eembun\u0103t\u0103\u021bire a elasticit\u0103\u021bii, regenerare, hidratare<\/p>","protected":false},"excerpt":{"rendered":"<p>Crem\u0103 activ\u0103 cu retinol, 60 ml<\/p>\n","protected":false},"featured_media":2808,"template":"","meta":[],"product_cat":[41],"product_tag":[],"_links":{"self":[{"href":"https:\/\/shop.belar.md\/ro\/wp-json\/wp\/v2\/product\/2807"}],"collection":[{"href":"https:\/\/shop.belar.md\/ro\/wp-json\/wp\/v2\/product"}],"about":[{"href":"https:\/\/shop.belar.md\/ro\/wp-json\/wp\/v2\/types\/product"}],"wp:featuredmedia":[{"embeddable":true,"href":"https:\/\/shop.belar.md\/ro\/wp-json\/wp\/v2\/media\/2808"}],"wp:attachment":[{"href":"https:\/\/shop.belar.md\/ro\/wp-json\/wp\/v2\/media?parent=2807"}],"wp:term":[{"taxonomy":"product_cat","embeddable":true,"href":"https:\/\/shop.belar.md\/ro\/wp-json\/wp\/v2\/product_cat?post=2807"},{"taxonomy":"product_tag","embeddable":true,"href":"https:\/\/shop.belar.md\/ro\/wp-json\/wp\/v2\/product_tag?post=2807"}],"curies":[{"name":"wp","href":"https:\/\/api.w.org\/{rel}","templated":true}]}}