{"id":2804,"date":"2022-12-06T09:57:05","date_gmt":"2022-12-06T09:57:05","guid":{"rendered":"https:\/\/shop.belar.md\/?post_type=product&#038;p=2804"},"modified":"2026-04-20T05:06:41","modified_gmt":"2026-04-20T05:06:41","slug":"line-repair-nutrient-bio-satin-serum","status":"publish","type":"product","link":"https:\/\/shop.belar.md\/ro\/product\/line-repair-nutrient-bio-satin-serum\/","title":{"rendered":"Line Repair Nutrient Bio Satin Serum"},"content":{"rendered":"<p><span style=\"color: #800080;\"><strong>NEW!<\/strong><\/span> ser cu o textur\u0103 m\u0103t\u0103soas\u0103 pl\u0103cut\u0103 este \u00eembog\u0103\u021bit cu substan\u021be nutritive \u0219i vitamine care ofer\u0103 un efect antiage. Ca urmare, pielea este neted\u0103, hidratat\u0103 \u0219i radiant\u0103.<\/p>\n<p>Vitamina C ofer\u0103 o protec\u021bie antioxidant\u0103 puternic\u0103 \u0219i promoveaz\u0103 sinteza colagenului. Uniformizeaz\u0103 tonul pielii, reduce vizibilitatea petelor de v\u00e2rst\u0103, \u00eembun\u0103t\u0103\u021be\u0219te tonusul \u0219i face ridurile mai pu\u021bin vizibile. Retinolul \u00eentr-o form\u0103 u\u0219oar\u0103 are un efect antioxidant, regenerant \u0219i \u00eentineritor. Squalane ajut\u0103 la restabilirea barierei pielii \u0219i amelioreaz\u0103 ro\u0219ea\u021ba.<\/p>\n<p><strong>V\u00e2rsta<\/strong>: nelimitat<\/p>\n<p><strong>Ingrediente Active<\/strong>: vitamina C, palmitat de retinil, squalan, dimeticon\u0103, ulei din semin\u021be de struguri, acetat de tocoferol, ulei din semin\u021be de floarea soarelui<\/p>\n<p><strong>Aplicare<\/strong>: aplica\u021bi serul pe pielea fe\u021bei, g\u00e2tului \u0219i decolteului. Aplica\u021bi cu mi\u0219c\u0103ri u\u0219oare de masaj.<\/p>\n<p><strong>Tip de piele<\/strong>: Normal, uscat<\/p>\n<p><strong>Rezolv\u0103 probleme<\/strong>: modific\u0103ri legate de v\u00e2rst\u0103, sc\u0103derea elasticit\u0103\u021bii, usc\u0103ciune, peeling, sensibilitate, piele deteriorat\u0103<\/p>\n<p><strong>Efectul produsului<\/strong>: alinierea pielii, nutri\u021bie, regenerare<\/p>","protected":false},"excerpt":{"rendered":"<p>Ser Bio-satinat, 30 ml<\/p>\n","protected":false},"featured_media":2805,"template":"","meta":[],"product_cat":[41],"product_tag":[],"_links":{"self":[{"href":"https:\/\/shop.belar.md\/ro\/wp-json\/wp\/v2\/product\/2804"}],"collection":[{"href":"https:\/\/shop.belar.md\/ro\/wp-json\/wp\/v2\/product"}],"about":[{"href":"https:\/\/shop.belar.md\/ro\/wp-json\/wp\/v2\/types\/product"}],"wp:featuredmedia":[{"embeddable":true,"href":"https:\/\/shop.belar.md\/ro\/wp-json\/wp\/v2\/media\/2805"}],"wp:attachment":[{"href":"https:\/\/shop.belar.md\/ro\/wp-json\/wp\/v2\/media?parent=2804"}],"wp:term":[{"taxonomy":"product_cat","embeddable":true,"href":"https:\/\/shop.belar.md\/ro\/wp-json\/wp\/v2\/product_cat?post=2804"},{"taxonomy":"product_tag","embeddable":true,"href":"https:\/\/shop.belar.md\/ro\/wp-json\/wp\/v2\/product_tag?post=2804"}],"curies":[{"name":"wp","href":"https:\/\/api.w.org\/{rel}","templated":true}]}}