{"id":279,"date":"2021-01-12T16:41:16","date_gmt":"2021-01-12T16:41:16","guid":{"rendered":"http:\/\/shop.belar.md\/product\/import-placeholder-for-282\/"},"modified":"2026-04-16T05:01:43","modified_gmt":"2026-04-16T05:01:43","slug":"effect-serum","status":"publish","type":"product","link":"https:\/\/shop.belar.md\/ro\/product\/effect-serum\/","title":{"rendered":"Ser intens rejuvenant, miorelaxant, restructurant cu platin\u0103 coloidal\u0103"},"content":{"rendered":"<p><span style=\"font-weight: 400;\">Un ser intens rejuvenant, cu cea mai u\u0219oar\u0103 textur\u0103 luxoas\u0103 din linia de lux <\/span><i><span style=\"font-weight: 400;\">PLATINUM CARE<\/span><\/i><span style=\"font-weight: 400;\"> ofer\u0103 instantaneu pielii str\u0103lucire \u0219i prospe\u021bime. Con\u021bine un ingredient inovator &#8211; <\/span><i><span style=\"font-weight: 400;\">\u201eHerbal Botox\u201d Gatuline\u00ae Expression <\/span><\/i><span style=\"font-weight: 400;\">\u0219i un complex de ingrediente anti-age extrem de eficiente, datorit\u0103 c\u0103rora afecteaz\u0103 \u00een mod specific ridurile, \u201e\u0219terg\u00e2nd\u201d pe cele existente \u0219i prevenind formarea altora noi. Hidrateaz\u0103 intens \u0219i re\u021bine umiditatea \u00een piele timp de 24 de ore, oferind un efect de lifting de durat\u0103. Pielea devine elastic\u0103, neted\u0103, str\u0103lucitoare din interior. Textura: u\u0219oar\u0103. Aroma: delicat floral\u0103 .<\/span><\/p>\n<p><b><i>Avantaje:<\/i><\/b><\/p>\n<ul>\n<li style=\"font-weight: 400;\" aria-level=\"1\"><span style=\"font-weight: 400;\">super activ pentru piele &#8211; hidrateaz\u0103, \u00eent\u0103re\u0219te, reduce ridurile;<\/span><\/li>\n<li style=\"font-weight: 400;\" aria-level=\"1\"><span style=\"font-weight: 400;\">textura u\u0219oar\u0103, nu supra\u00eencarc\u0103 pielea &#8211; se absoarbe rapid;<\/span><\/li>\n<li style=\"font-weight: 400;\" aria-level=\"1\"><span style=\"font-weight: 400;\">complex de componente active anti-age cu biodisponibilitate ridicat\u0103 pentru regenerarea \u0219i \u00eentinerirea pielii;<\/span><\/li>\n<li style=\"font-weight: 400;\" aria-level=\"1\"><span style=\"font-weight: 400;\">efectul de lifting \u0219i netezire a ridurilor este vizibil imediat;<\/span><\/li>\n<li style=\"font-weight: 400;\" aria-level=\"1\"><span style=\"font-weight: 400;\">intensific\u0103 efectul cremei \u0219i al m\u0103\u0219tii;<\/span><\/li>\n<li style=\"font-weight: 400;\" aria-level=\"1\"><span style=\"font-weight: 400;\">potrivit pentru toate tipurile de piele;<\/span><\/li>\n<li style=\"font-weight: 400;\" aria-level=\"1\"><span style=\"font-weight: 400;\">econom \u00een utilizare;<\/span><\/li>\n<li style=\"font-weight: 400;\" aria-level=\"1\"><span style=\"font-weight: 400;\">ambalaj avantajos \u0219i elegant.<\/span><\/li>\n<\/ul>\n<p><b><i>Inova\u021bii, ingrediente active<\/i><\/b><\/p>\n<ul>\n<li><b>Gatuline\u00ae Expression (Acmella oleracea)<\/b><span style=\"font-weight: 400;\">: o alternativ\u0103 natural\u0103 \u0219i sigur\u0103 la toxina botulinic\u0103, un cunoscut relaxant muscular \u0219i instrument de combatere a ridurilor.<\/span><\/li>\n<li><b>Instensyl\u00ae (extract de r\u0103d\u0103cin\u0103 de manioc)<\/b><span style=\"font-weight: 400;\">: Ofer\u0103 efect de fermitate \u0219i lifting imediat \u0219i de lung\u0103 durat\u0103.<\/span><\/li>\n<li><b>Platin\u0103 coloidal\u0103:<\/b><span style=\"font-weight: 400;\"> amelioreaz\u0103 starea pielii, red\u0103 o culoare s\u0103n\u0103toas\u0103 \u0219i prospe\u021bime tenului.<\/span><\/li>\n<li><b>Extract de r\u0103d\u0103cin\u0103 de Imperata cylindrica<\/b><span style=\"font-weight: 400;\">: contribuie la o hidratare instantanee, satur\u00e2nd celulele cu potasiu \u0219i sporind imunitatea local\u0103.<\/span><\/li>\n<li><b>Acid hialuronic (greutate molecular\u0103 mare \u0219i mic\u0103):<\/b><span style=\"font-weight: 400;\"> hidrateaz\u0103, \u00eemprosp\u0103teaz\u0103, neteze\u0219te ridurile.<\/span><\/li>\n<li><b>Izomerat de zaharide:<\/b><span style=\"font-weight: 400;\"> o component\u0103 hidratant\u0103 de origine natural\u0103.<\/span><\/li>\n<li><b>Pigmen\u021bi care reflect\u0103 lumina<\/b><span style=\"font-weight: 400;\">: ofer\u0103 un efect vizual instantaneu de umplere a ridurilor \u0219i de netezire a pielii.<\/span><\/li>\n<\/ul>\n<p><b><i>Mod de utilizare: <\/i><\/b><span style=\"font-weight: 400;\">Diminea\u021ba \u0219i\/sau seara aplica\u021bi o cantitate mic\u0103 de ser pe pielea fe\u021bei, g\u00e2tului, decolteului \u0219i apoi aplica\u021bi crema de zi sau crema de noapte din <a href=\"https:\/\/shop.belar.md\/ro\/product-category\/kosmetika\/dlya-lica\/?filter_liniya=platinum-care&amp;query_type_liniya=or\">linia Platinum Care<\/a>.<\/span><\/p>","protected":false},"excerpt":{"rendered":"<p>Effect serum, 30 ml<\/p>\n","protected":false},"featured_media":309,"template":"","meta":[],"product_cat":[40,41],"product_tag":[],"_links":{"self":[{"href":"https:\/\/shop.belar.md\/ro\/wp-json\/wp\/v2\/product\/279"}],"collection":[{"href":"https:\/\/shop.belar.md\/ro\/wp-json\/wp\/v2\/product"}],"about":[{"href":"https:\/\/shop.belar.md\/ro\/wp-json\/wp\/v2\/types\/product"}],"wp:featuredmedia":[{"embeddable":true,"href":"https:\/\/shop.belar.md\/ro\/wp-json\/wp\/v2\/media\/309"}],"wp:attachment":[{"href":"https:\/\/shop.belar.md\/ro\/wp-json\/wp\/v2\/media?parent=279"}],"wp:term":[{"taxonomy":"product_cat","embeddable":true,"href":"https:\/\/shop.belar.md\/ro\/wp-json\/wp\/v2\/product_cat?post=279"},{"taxonomy":"product_tag","embeddable":true,"href":"https:\/\/shop.belar.md\/ro\/wp-json\/wp\/v2\/product_tag?post=279"}],"curies":[{"name":"wp","href":"https:\/\/api.w.org\/{rel}","templated":true}]}}