{"id":2782,"date":"2022-12-05T14:20:48","date_gmt":"2022-12-05T14:20:48","guid":{"rendered":"https:\/\/shop.belar.md\/?post_type=product&#038;p=2782"},"modified":"2026-04-18T05:03:20","modified_gmt":"2026-04-18T05:03:20","slug":"line-repair-nutrient-wood-pulp-scrub","status":"publish","type":"product","link":"https:\/\/shop.belar.md\/ro\/product\/line-repair-nutrient-wood-pulp-scrub\/","title":{"rendered":"Line Repair Nutrient Wood Pulp Scrub"},"content":{"rendered":"<p><span style=\"color: #800080;\"><strong>NEW!<\/strong><\/span> scrub cu o textur\u0103 cremoas\u0103 \u00eendep\u0103rteaz\u0103 delicat murd\u0103ria de pe suprafa\u021ba pielii \u0219i din ad\u00e2ncimea porilor, lumineaz\u0103 tonul, face pielea neted\u0103 \u0219i proasp\u0103t\u0103.<\/p>\n<p>Con\u021bine granule unice de pulp\u0103 de lemn-particule biodegradabile bogate \u00een bioflavonoide citrice. Ele ac\u021bioneaz\u0103 nu numai ca un exfoliant, ci \u0219i ca un antioxidant, elimin\u00e2nd efectele efectelor negative ale razelor UV. Lumineaz\u0103 pielea datorit\u0103 vitaminei C con\u021binute \u00een citrice. Extractul de Centella Asiatica este un puternic antioxidant cu un con\u021binut ridicat de flavonoide \u0219i aminoacizi. Stimuleaz\u0103 microcircula\u021bia, asigur\u0103 un efect de \u00eentinerire, hidratare \u0219i calmare.<\/p>\n<p><strong>V\u00e2rsta<\/strong>: nelimitat<\/p>\n<p><strong>Ingrediente Active<\/strong>: granule de pulp\u0103 de lemn de citrice Multiex, extract de Centella asiatica, squalan, mentol, glucoz\u0103, acetat de tocoferol.<\/p>\n<p><strong>Aplicare<\/strong>: Aplica\u021bi un strat sub\u021bire \u0219i uniform pe fa\u021b\u0103 \u0219i masa\u021bi cu mi\u0219c\u0103ri circulare u\u0219oare, evit\u00e2nd zona ochilor. Cl\u0103ti\u021bi bine cu ap\u0103 cald\u0103. Not\u0103: nu utiliza\u021bi \u00een zone cu elemente inflamatorii.<\/p>\n<p><strong>Tipul de piele<\/strong>: orice.<\/p>\n<p><strong>Rezolv\u0103 problema<\/strong>: modific\u0103ri legate de v\u00e2rst\u0103, piele aspr\u0103, pigmentare, post-acnee, puncte negre, peeling.<\/p>\n<p><strong>Efectul produsului<\/strong>: netezirea pielii, luminarea<\/p>","protected":false},"excerpt":{"rendered":"<p>Scrub cu particule de coaj\u0103 de citrice, 75 ml<\/p>\n","protected":false},"featured_media":2783,"template":"","meta":[],"product_cat":[41],"product_tag":[],"_links":{"self":[{"href":"https:\/\/shop.belar.md\/ro\/wp-json\/wp\/v2\/product\/2782"}],"collection":[{"href":"https:\/\/shop.belar.md\/ro\/wp-json\/wp\/v2\/product"}],"about":[{"href":"https:\/\/shop.belar.md\/ro\/wp-json\/wp\/v2\/types\/product"}],"wp:featuredmedia":[{"embeddable":true,"href":"https:\/\/shop.belar.md\/ro\/wp-json\/wp\/v2\/media\/2783"}],"wp:attachment":[{"href":"https:\/\/shop.belar.md\/ro\/wp-json\/wp\/v2\/media?parent=2782"}],"wp:term":[{"taxonomy":"product_cat","embeddable":true,"href":"https:\/\/shop.belar.md\/ro\/wp-json\/wp\/v2\/product_cat?post=2782"},{"taxonomy":"product_tag","embeddable":true,"href":"https:\/\/shop.belar.md\/ro\/wp-json\/wp\/v2\/product_tag?post=2782"}],"curies":[{"name":"wp","href":"https:\/\/api.w.org\/{rel}","templated":true}]}}