{"id":2776,"date":"2022-12-05T12:53:06","date_gmt":"2022-12-05T12:53:06","guid":{"rendered":"https:\/\/shop.belar.md\/?post_type=product&#038;p=2776"},"modified":"2026-04-30T08:01:14","modified_gmt":"2026-04-30T05:01:14","slug":"pure-natural-cleanser","status":"publish","type":"product","link":"https:\/\/shop.belar.md\/ro\/product\/pure-natural-cleanser\/","title":{"rendered":"Line Repair Nutrient Pure Natural Cleanser"},"content":{"rendered":"<p>Gelul NOVELTY \u00eendep\u0103rteaz\u0103 u\u0219or excesul de sebum, reziduurile de machiaj \u0219i alte impurit\u0103\u021bi.<\/p>\n<p>Datorit\u0103 extractelor de kale \u0219i ceai verde, bogate \u00een vitamine \u0219i minerale, are un efect antioxidant, antiinflamator \u0219i detoxifiant. Extractul de hamamelis calmeaz\u0103, are propriet\u0103\u021bi antibacteriene. Vindec\u0103 daunele pe piele \u0219i \u00eengust\u0103 porii. Extractul de citrice este un ingredient activ bogat \u00een bioflavonoide \u0219i antioxidan\u021bi.<\/p>\n<p><strong>V\u00e2rsta<\/strong>: nelimitat<\/p>\n<p><strong>Ingrediente Active<\/strong>: extract de kale, extract de ceai verde, extract de hamamelis, extract de citrice, uree, pantenol, extract de castravete, mentol, extract de broccoli.<\/p>\n<p><strong>Aplica\u021bie<\/strong>: aplica\u021bi produsul pe m\u00e2inile \u00eenmuiate \u00een ap\u0103, spuma\u021bi bine, lucra\u021bi pe pielea fe\u021bei \u0219i a g\u00e2tului. \u00cendep\u0103rta\u021bi cu o c\u00e2rp\u0103 umed\u0103 sau cl\u0103ti\u021bi. Poate fi aplicat pe pielea buzelor \u0219i zona din jurul ochilor.<\/p>\n<p><strong>Tipul de piele<\/strong>: orice tip de piele<\/p>\n<p><strong>Rezolv\u0103 probleme<\/strong>: piele aspr\u0103, deshidratare, usc\u0103ciune, peeling, piele deteriorat\u0103.<\/p>\n<p><strong>Efectul remedierii<\/strong>: combaterea inflama\u021biei, cur\u0103\u021barea, ameliorarea irita\u021biei, hidratarea.<\/p>","protected":false},"excerpt":{"rendered":"<p>Gel de cur\u0103\u021bare natural u\u0219or, 250 ml<\/p>\n","protected":false},"featured_media":2777,"template":"","meta":[],"product_cat":[40,41],"product_tag":[],"_links":{"self":[{"href":"https:\/\/shop.belar.md\/ro\/wp-json\/wp\/v2\/product\/2776"}],"collection":[{"href":"https:\/\/shop.belar.md\/ro\/wp-json\/wp\/v2\/product"}],"about":[{"href":"https:\/\/shop.belar.md\/ro\/wp-json\/wp\/v2\/types\/product"}],"wp:featuredmedia":[{"embeddable":true,"href":"https:\/\/shop.belar.md\/ro\/wp-json\/wp\/v2\/media\/2777"}],"wp:attachment":[{"href":"https:\/\/shop.belar.md\/ro\/wp-json\/wp\/v2\/media?parent=2776"}],"wp:term":[{"taxonomy":"product_cat","embeddable":true,"href":"https:\/\/shop.belar.md\/ro\/wp-json\/wp\/v2\/product_cat?post=2776"},{"taxonomy":"product_tag","embeddable":true,"href":"https:\/\/shop.belar.md\/ro\/wp-json\/wp\/v2\/product_tag?post=2776"}],"curies":[{"name":"wp","href":"https:\/\/api.w.org\/{rel}","templated":true}]}}