{"id":2750,"date":"2022-11-15T13:07:47","date_gmt":"2022-11-15T13:07:47","guid":{"rendered":"https:\/\/shop.belar.md\/?post_type=product&#038;p=2750"},"modified":"2026-04-20T05:06:31","modified_gmt":"2026-04-20T05:06:31","slug":"regulating-retinol-cream","status":"publish","type":"product","link":"https:\/\/shop.belar.md\/ro\/product\/regulating-retinol-cream\/","title":{"rendered":"Crem\u0103 reglatoare, cu retinol incapsulat"},"content":{"rendered":"<p><span style=\"font-weight: 400;\">\u00cengrijirea anti-age a pielii \u0219i lupta \u00eempotriva elementelor inflamatorii nu se exclud reciproc. Crema reglatoare cu retinol este conceput\u0103 pentru \u00eengrijirea intens\u0103 a pielii predispuse la inflama\u021bii. \u00cencep\u00e2nd cu v\u00e2rsta de 28-30 de ani \u2013 c\u00e2nd pielea are nevoie de ajutor pentru re\u00eennoire \u0219i regenerare, o crem\u0103 hr\u0103nitoare bogat\u0103, cu retinol incapsulat \u0219i inovatorul Equal Refining Complex, care ac\u021bioneaz\u0103 timp de 24 de ore, are un efect complex: reduce riscul de apari\u021bie a acneei \u0219i ofer\u0103 un efect anti-age. Regleaz\u0103 activitatea glandelor sebacee, \u00eenchide porii, stimul\u00e2nd \u00een acela\u0219i timp produc\u021bia de colagen \u0219i re\u00eennoirea celular\u0103. Acidul hialuronic hidrateaz\u0103, netezind ridurile, untul de shea hr\u0103ne\u0219te \u0219i catifeleaz\u0103. Imediat dup\u0103 aplicare, pielea este moale, neted\u0103, senza\u021bia de piele str\u00e2ns\u0103 \u0219i disconfort dispare. Prin utilizarea regulat\u0103, starea \u0219i aspectul pielii se \u00eembun\u0103t\u0103\u021besc &#8211; inflama\u021bia este redus\u0103, tonul \u0219i textura sunt uniformizate, ridurile sunt reduse. Textur\u0103 bogat\u0103 de crem\u0103. Aroma este delicat\u0103 \u0219i pl\u0103cut\u0103.<\/span><\/p>\n<p><b><i>Avantaje:<\/i><\/b><\/p>\n<ul>\n<li style=\"font-weight: 400;\" aria-level=\"1\"><span style=\"font-weight: 400;\">inova\u021bie: \u00eengrijire anti-age a pielii (28+) \u0219i combatere a elementelor inflamatorii;<\/span><\/li>\n<li style=\"font-weight: 400;\" aria-level=\"1\"><span style=\"font-weight: 400;\">normalizeaz\u0103 secre\u021bia de sebum;<\/span><\/li>\n<li style=\"font-weight: 400;\" aria-level=\"1\"><span style=\"font-weight: 400;\">ajut\u0103 la \u00eengustarea porilor, uniformizeaz\u0103 textura pielii, matifiaz\u0103 u\u0219or;<\/span><\/li>\n<li style=\"font-weight: 400;\" aria-level=\"1\"><span style=\"font-weight: 400;\">calmeaz\u0103 pielea, reduce ro\u0219ea\u021ba \u0219i inflama\u021bia;<\/span><\/li>\n<li style=\"font-weight: 400;\" aria-level=\"1\"><span style=\"font-weight: 400;\">hidrateaz\u0103 intens, catifeleaz\u0103, ofer\u0103 prospe\u021bime \u0219i un aspect s\u0103n\u0103tos;<\/span><\/li>\n<li style=\"font-weight: 400;\" aria-level=\"1\"><span style=\"font-weight: 400;\">are efect de rejuvenare, \u00eembun\u0103t\u0103\u021be\u0219te structura \u0219i calitatea pielii;<\/span><\/li>\n<li style=\"font-weight: 400;\" aria-level=\"1\"><span style=\"font-weight: 400;\">reduce apari\u021bia ridurilor;<\/span><\/li>\n<li style=\"font-weight: 400;\" aria-level=\"1\"><span style=\"font-weight: 400;\">textur\u0103 confortabil\u0103, se distribuie \u0219i se absoarbe u\u0219or.<\/span><\/li>\n<\/ul>\n<p><b><i>Inova\u021bii, componente active<\/i><\/b><\/p>\n<ul>\n<li><b>Retinol incapsulat:<\/b><span style=\"font-weight: 400;\"> o form\u0103 stabil\u0103 \u0219i eficient\u0103 de retinol, p\u0103trunde \u00een straturile profunde ale pielii, stimuleaz\u0103 produc\u021bia de colagen \u0219i re\u00eennoirea celular\u0103, contracareaz\u0103 \u00eemb\u0103tr\u00e2nirea pielii, reduce ridurile, este eficient \u00eempotriva acneei \u0219i hiperpigment\u0103rii.<\/span><\/li>\n<li><b>Equal-Refining Complex<\/b><b>:<\/b><span style=\"font-weight: 400;\"> o combina\u021bie de acid oleanolic \u0219i extract de scoar\u021b\u0103 de Enantia Chlorantha. Inhib\u0103 activitatea enzimei 5-alfa-reductaz\u0103 \u0219i reduce produc\u021bia de sebum, reduc\u00e2nd sebumul cu 21,7% \u0219i dimensiunea porilor cu 16% dup\u0103 28 de zile de utilizare.<\/span><\/li>\n<li><b>Acid hialuronic (greutate molecular\u0103 mic\u0103 \u0219i mare):<\/b><span style=\"font-weight: 400;\"> hidrateaz\u0103 \u0219i re\u021bine umiditatea \u00een piele, neteze\u0219te ridurile.<\/span><\/li>\n<li><b>Extract de Aloe Vera:<\/b><span style=\"font-weight: 400;\"> catifeleaz\u0103, cur\u0103\u021b\u0103, hidrateaz\u0103, are efecte antiinflamatorii \u0219i antibacteriene.<\/span><\/li>\n<li><b>Unt de shea:<\/b><span style=\"font-weight: 400;\"> hr\u0103ne\u0219te pielea, o catifeleaz\u0103 \u0219i \u00eei cre\u0219te fermitatea.<\/span><\/li>\n<li><b>Glicerin\u0103:<\/b><span style=\"font-weight: 400;\"> hidrateaz\u0103 \u0219i catifeleaz\u0103 pielea.<\/span><\/li>\n<\/ul>\n<p><b><i>Mod de utilizare: <\/i><\/b><span style=\"font-weight: 400;\">Aplica\u021bi Crema reglatoare cu retinol pe pielea curat\u0103 diminea\u021ba \u0219i\/sau seara. Poate fi folosit ca baz\u0103 pentru machiaj. Vara, este mai bine s\u0103 folosi\u021bi aceast\u0103 crem\u0103 seara. Pentru a v\u0103 proteja pielea de razele UV pe tot parcursul zilei, aplica\u021bi Face Guard Advanced SPF-30 diminea\u021ba.<\/span><\/p>","protected":false},"excerpt":{"rendered":"<p>REGULATING RETINOL CREAM, 50 ml<\/p>\n","protected":false},"featured_media":2751,"template":"","meta":[],"product_cat":[40,41],"product_tag":[],"_links":{"self":[{"href":"https:\/\/shop.belar.md\/ro\/wp-json\/wp\/v2\/product\/2750"}],"collection":[{"href":"https:\/\/shop.belar.md\/ro\/wp-json\/wp\/v2\/product"}],"about":[{"href":"https:\/\/shop.belar.md\/ro\/wp-json\/wp\/v2\/types\/product"}],"wp:featuredmedia":[{"embeddable":true,"href":"https:\/\/shop.belar.md\/ro\/wp-json\/wp\/v2\/media\/2751"}],"wp:attachment":[{"href":"https:\/\/shop.belar.md\/ro\/wp-json\/wp\/v2\/media?parent=2750"}],"wp:term":[{"taxonomy":"product_cat","embeddable":true,"href":"https:\/\/shop.belar.md\/ro\/wp-json\/wp\/v2\/product_cat?post=2750"},{"taxonomy":"product_tag","embeddable":true,"href":"https:\/\/shop.belar.md\/ro\/wp-json\/wp\/v2\/product_tag?post=2750"}],"curies":[{"name":"wp","href":"https:\/\/api.w.org\/{rel}","templated":true}]}}