{"id":2748,"date":"2022-11-15T12:50:57","date_gmt":"2022-11-15T12:50:57","guid":{"rendered":"https:\/\/shop.belar.md\/?post_type=product&#038;p=2748"},"modified":"2026-04-16T05:01:10","modified_gmt":"2026-04-16T05:01:10","slug":"light-mattifying-cream","status":"publish","type":"product","link":"https:\/\/shop.belar.md\/ro\/product\/light-mattifying-cream\/","title":{"rendered":"Crem\u0103 matifiant\u0103 pentru \u00eengrijirea zilnic\u0103 a tenului gras \u0219i mixt"},"content":{"rendered":"<p><span style=\"font-weight: 400;\">Crem\u0103 u\u0219oar\u0103, cu efect de 24 de ore, este o solu\u021bie ideal\u0103 pentru \u00eengrijirea zilnic\u0103 a tenului gras \u0219i mixt, at\u00e2t pentru tenul\u00a0 t\u00e2n\u0103r, c\u00e2t \u0219i pentru cel matur. Pute\u021bi\u00a0 utiliza crema de la v\u00e2rsta de 14-16 ani. Aceast\u0103 crem\u0103 va ajuta la \u00eembun\u0103t\u0103\u021birea st\u0103rii \u0219i aspectului tenului atunci c\u00e2nd exist\u0103 probleme precum luciul gras, porii dilata\u021bi, comedoanele, acneea. Con\u021bine complexul activ <\/span><i><span style=\"font-weight: 400;\">Equal Refining<\/span><\/i><span style=\"font-weight: 400;\">, care \u00eenchide porii, <\/span><i><span style=\"font-weight: 400;\">extract de aloe vera <\/span><\/i><span style=\"font-weight: 400;\">cu propriet\u0103\u021bi calmante \u0219i antiinflamatorii \u0219i <\/span><i><span style=\"font-weight: 400;\">silice<\/span><\/i><span style=\"font-weight: 400;\">, care ofer\u0103 un efect matifiant de lung\u0103 durat\u0103. Crema matifiant\u0103 u\u0219oar\u0103 are efect hidratant, catifeleaz\u0103 \u0219i elimin\u0103 rapid disconfortul, neteze\u0219te ridurile fine, ceea ce este deosebit de important pentru pielea matur\u0103, problematic\u0103, deshidratat\u0103, predispus\u0103 la inflama\u021bii. Textura delicat\u0103 se absoarbe rapid, iar aroma pl\u0103cut\u0103 ofer\u0103 o senza\u021bie de prospe\u021bime. Imediat dup\u0103 aplicarea cremei, pielea devine mat\u0103 \u0219i bine hidratat\u0103. Prin utilizarea regulat\u0103, produc\u021bia de sebum este normalizat\u0103, porii sunt vizibil \u00eengusta\u021bi \u0219i inflama\u021bia este redus\u0103. Pielea arat\u0103 mai s\u0103n\u0103toas\u0103 \u0219i \u00eengrijit\u0103 la orice v\u00e2rst\u0103. Textura este cremoas\u0103 \u0219i u\u0219oar\u0103. Aroma este pl\u0103cut\u0103 \u0219i r\u0103coritoare.<\/span><\/p>\n<p><b><i>Avantaje:<\/i><\/b><\/p>\n<ul>\n<li style=\"font-weight: 400;\" aria-level=\"1\"><span style=\"font-weight: 400;\">crem\u0103 \u201eunisex\u201d, ideal\u0103 pentru ten gras \u0219i mixt la orice v\u00e2rst\u0103 (\u00eencep\u00e2nd de la 14-16 ani);<\/span><\/li>\n<li style=\"font-weight: 400;\" aria-level=\"1\"><span style=\"font-weight: 400;\">hidrateaz\u0103 instantaneu pielea \u0219i elimin\u0103 luciul gras;<\/span><\/li>\n<li style=\"font-weight: 400;\" aria-level=\"1\"><span style=\"font-weight: 400;\">ofer\u0103 efectul de piele mat\u0103 \u0219i \u201epudrat\u0103\u201d;<\/span><\/li>\n<li style=\"font-weight: 400;\" aria-level=\"1\"><span style=\"font-weight: 400;\">normalizeaz\u0103 secre\u021bia de sebum;<\/span><\/li>\n<li style=\"font-weight: 400;\" aria-level=\"1\"><span style=\"font-weight: 400;\">\u00eembun\u0103t\u0103\u021be\u0219te starea porilor, \u00eei face mai pu\u021bin vizibili;<\/span><\/li>\n<li style=\"font-weight: 400;\" aria-level=\"1\"><span style=\"font-weight: 400;\">calmeaz\u0103 pielea, reduce inflama\u021bia \u0219i ro\u0219ea\u021ba;<\/span><\/li>\n<li style=\"font-weight: 400;\" aria-level=\"1\"><span style=\"font-weight: 400;\">are o textur\u0103 u\u0219oar\u0103 \u0219i confortabil\u0103;<\/span><\/li>\n<li style=\"font-weight: 400;\" aria-level=\"1\"><span style=\"font-weight: 400;\">uniformizeaz\u0103 textura pielii, neteze\u0219te ridurile;<\/span><\/li>\n<li style=\"font-weight: 400;\" aria-level=\"1\"><span style=\"font-weight: 400;\">previne formarea comedoanelor \u0219i a acneei;<\/span><\/li>\n<li style=\"font-weight: 400;\" aria-level=\"1\"><span style=\"font-weight: 400;\">textur\u0103 u\u0219oar\u0103, f\u0103r\u0103 greutate \u2013 o baz\u0103 excelent\u0103 pentru machiaj;<\/span><\/li>\n<li style=\"font-weight: 400;\" aria-level=\"1\"><span style=\"font-weight: 400;\">utilizare universal\u0103 diminea\u021ba\/seara \u00een orice perioad\u0103 a anului;<\/span><\/li>\n<li style=\"font-weight: 400;\" aria-level=\"1\"><span style=\"font-weight: 400;\">consum foarte econom.<\/span><\/li>\n<\/ul>\n<p><b><i>Inova\u021bii, componente active<\/i><\/b><\/p>\n<ul>\n<li><b>Equal-Refining Complex<\/b><b>:<\/b><span style=\"font-weight: 400;\"> O combina\u021bie de acid oleanolic \u0219i <\/span><i><span style=\"font-weight: 400;\">extract de scoar\u021b\u0103 de Enantia Chlorantha<\/span><\/i><span style=\"font-weight: 400;\">. Inhib\u0103 activitatea enzimei 5-alfa-reductaz\u0103 \u0219i reduce produc\u021bia de sebum, reduc\u00e2nd sebumul cu 21,7% \u0219i dimensiunea porilor cu 16% dup\u0103 28 de zile de utilizare.<\/span><\/li>\n<li><b>Acid hialuronic (greutate molecular\u0103 mic\u0103 \u0219i mare):<\/b><span style=\"font-weight: 400;\"> hidrateaz\u0103 \u0219i re\u021bine umiditatea \u00een piele, neteze\u0219te ridurile.<\/span><\/li>\n<li><b>Extract de Aloe Vera:<\/b><span style=\"font-weight: 400;\"> catifeleaz\u0103, cur\u0103\u021b\u0103, hidrateaz\u0103, are efecte antiinflamatorii \u0219i antibacteriene.<\/span><\/li>\n<li><b>Unt de shea:<\/b><span style=\"font-weight: 400;\"> hr\u0103ne\u0219te pielea, o catifeleaz\u0103 \u0219i \u00eei cre\u0219te elasticitatea.<\/span><\/li>\n<li><b>Silice:<\/b><span style=\"font-weight: 400;\"> adsorbent, elimin\u0103 luciul gras al pielii, matifiaz\u0103.<\/span><\/li>\n<\/ul>\n<p><b><i>Mod de utilizare:\u00a0<\/i><\/b><span style=\"font-weight: 400;\">Aplica\u021bi o cantitate mic\u0103 de crem\u0103 pe pielea curat\u0103 \u00een fiecare diminea\u021b\u0103 \u0219i\/sau sear\u0103.<\/span><\/p>","protected":false},"excerpt":{"rendered":"<p>LIGHT MATTIFYING CREAM, 50 ml<\/p>\n","protected":false},"featured_media":2749,"template":"","meta":[],"product_cat":[40,41],"product_tag":[],"_links":{"self":[{"href":"https:\/\/shop.belar.md\/ro\/wp-json\/wp\/v2\/product\/2748"}],"collection":[{"href":"https:\/\/shop.belar.md\/ro\/wp-json\/wp\/v2\/product"}],"about":[{"href":"https:\/\/shop.belar.md\/ro\/wp-json\/wp\/v2\/types\/product"}],"wp:featuredmedia":[{"embeddable":true,"href":"https:\/\/shop.belar.md\/ro\/wp-json\/wp\/v2\/media\/2749"}],"wp:attachment":[{"href":"https:\/\/shop.belar.md\/ro\/wp-json\/wp\/v2\/media?parent=2748"}],"wp:term":[{"taxonomy":"product_cat","embeddable":true,"href":"https:\/\/shop.belar.md\/ro\/wp-json\/wp\/v2\/product_cat?post=2748"},{"taxonomy":"product_tag","embeddable":true,"href":"https:\/\/shop.belar.md\/ro\/wp-json\/wp\/v2\/product_tag?post=2748"}],"curies":[{"name":"wp","href":"https:\/\/api.w.org\/{rel}","templated":true}]}}