{"id":2703,"date":"2022-10-12T14:58:41","date_gmt":"2022-10-12T14:58:41","guid":{"rendered":"https:\/\/shop.belar.md\/?post_type=product&#038;p=2703"},"modified":"2026-04-15T05:06:30","modified_gmt":"2026-04-15T05:06:30","slug":"purifying-tonic","status":"publish","type":"product","link":"https:\/\/shop.belar.md\/ro\/product\/purifying-tonic\/","title":{"rendered":"Lo\u021biune tonic\u0103 de cur\u0103\u021bare \u0219i \u00eengustare a porilor"},"content":{"rendered":"<p><span style=\"font-weight: 400;\">Piele curat\u0103, hidratat\u0103, \u00eengrijit\u0103, cu pori invizibili \u0219i f\u0103r\u0103 inflama\u021bii \u2013 la orice v\u00e2rst\u0103. De la aproximativ 14 ani, c\u00e2nd apare luciul gras \u0219i prima acnee adolescentin\u0103 \u2013 o lo\u021biune tonic\u0103 activ\u0103, moale, f\u0103r\u0103 alcool, va ajuta la men\u021binerea pielii s\u0103n\u0103toase \u0219i curate. Complexul inovator <\/span><i><span style=\"font-weight: 400;\">Equal Refining<\/span><\/i><span style=\"font-weight: 400;\"> \u00eembun\u0103t\u0103\u021be\u0219te starea porilor, normalizeaz\u0103 produc\u021bia de sebum, prevenind apari\u021bia elementelor inflamatorii. Un produs esen\u021bial pentru tenul matur, sensibil \u0219i deshidratat: glicerina vegetal\u0103 hidrateaz\u0103, catifeleaz\u0103, calmeaz\u0103 \u0219i elimin\u0103 senza\u021bia de usturime. Porii sunt redu\u0219i, nu exist\u0103 elemente inflamatorii noi, pielea este uniformizat\u0103, cap\u0103t\u0103 o str\u0103lucire natural\u0103 \u0219i un aspect \u00eengrijit. Aroma este proasp\u0103t\u0103 \u0219i revigorant\u0103.<\/span><\/p>\n<p><b><i>Avantaje:<\/i><\/b><\/p>\n<ul>\n<li style=\"font-weight: 400;\" aria-level=\"1\"><span style=\"font-weight: 400;\">lo\u021biune tonic\u0103 activ\u0103, pentru ten gras, cu probleme caracteristice diferitor v\u00e2rste;<\/span><\/li>\n<li style=\"font-weight: 400;\" aria-level=\"1\"><span style=\"font-weight: 400;\">potrivit\u0103 pentru adolescen\u021bi (de la aproximativ 14 ani) pentru combaterea \u0219i prevenirea acneei adolescentine;<\/span><\/li>\n<li style=\"font-weight: 400;\" aria-level=\"1\"><span style=\"font-weight: 400;\">ideal\u0103 pentru tenul matur, predispus la formarea elementelor inflamatorii;<\/span><\/li>\n<li style=\"font-weight: 400;\" aria-level=\"1\"><span style=\"font-weight: 400;\">cur\u0103\u021b\u0103, hidrateaz\u0103 \u0219i calmeaz\u0103 pielea, elimin\u0103 senza\u021bia de piele str\u00e2ns\u0103;<\/span><\/li>\n<li style=\"font-weight: 400;\" aria-level=\"1\"><span style=\"font-weight: 400;\">are propriet\u0103\u021bi antiinflamatorii \u0219i antibacteriene;<\/span><\/li>\n<li style=\"font-weight: 400;\" aria-level=\"1\"><span style=\"font-weight: 400;\">efect instantaneu \u2013 piele curat\u0103, hidratat\u0103, f\u0103r\u0103 luciu gras;<\/span><\/li>\n<li style=\"font-weight: 400;\" aria-level=\"1\"><span style=\"font-weight: 400;\">efect cumulativ \u2013 piele s\u0103n\u0103toas\u0103, frumoas\u0103, f\u0103r\u0103 inflama\u021bii, cu pori invizibili;<\/span><\/li>\n<li style=\"font-weight: 400;\" aria-level=\"1\"><span style=\"font-weight: 400;\">produs \u201eunisex\u201d.<\/span><\/li>\n<\/ul>\n<p><b><i>Inova\u021bii, componente active<\/i><\/b><\/p>\n<ul>\n<li><b>Equal-Refining Complex:<\/b> <span style=\"font-weight: 400;\">o combina\u021bie de acid oleanolic \u0219i extract de scoar\u021b\u0103 de Enantia Chlorantha. Inhib\u0103 activitatea enzimei 5-alfa-reductaz\u0103 \u0219i reduce produc\u021bia de sebum, reduc\u00e2nd sebumul cu 21,7% \u0219i dimensiunea porilor cu 16% dup\u0103 28 de zile de utilizare.<\/span><\/li>\n<li><b>Glicerin\u0103:<\/b><span style=\"font-weight: 400;\"> hidrateaz\u0103 \u0219i catifeleaz\u0103 pielea.<\/span><\/li>\n<\/ul>\n<p><b><i>Mod de utilizare: <\/i><\/b><span style=\"font-weight: 400;\">Aplica\u021bi o cantitate mic\u0103 de <\/span><i><span style=\"font-weight: 400;\">Purifying Tonic<\/span><\/i><span style=\"font-weight: 400;\"> pe o dischet\u0103 demachiant\u0103 \u0219i \u0219terge\u021bi u\u0219or fa\u021ba \u0219i g\u00e2tul. Folosi\u021bi de fiecare dat\u0103 dup\u0103 sp\u0103larea fe\u021bei.<\/span><\/p>","protected":false},"excerpt":{"rendered":"<p>PURIFYING TONIC, 200 ml<\/p>\n","protected":false},"featured_media":2704,"template":"","meta":[],"product_cat":[40,41],"product_tag":[530,531],"_links":{"self":[{"href":"https:\/\/shop.belar.md\/ro\/wp-json\/wp\/v2\/product\/2703"}],"collection":[{"href":"https:\/\/shop.belar.md\/ro\/wp-json\/wp\/v2\/product"}],"about":[{"href":"https:\/\/shop.belar.md\/ro\/wp-json\/wp\/v2\/types\/product"}],"wp:featuredmedia":[{"embeddable":true,"href":"https:\/\/shop.belar.md\/ro\/wp-json\/wp\/v2\/media\/2704"}],"wp:attachment":[{"href":"https:\/\/shop.belar.md\/ro\/wp-json\/wp\/v2\/media?parent=2703"}],"wp:term":[{"taxonomy":"product_cat","embeddable":true,"href":"https:\/\/shop.belar.md\/ro\/wp-json\/wp\/v2\/product_cat?post=2703"},{"taxonomy":"product_tag","embeddable":true,"href":"https:\/\/shop.belar.md\/ro\/wp-json\/wp\/v2\/product_tag?post=2703"}],"curies":[{"name":"wp","href":"https:\/\/api.w.org\/{rel}","templated":true}]}}