{"id":2701,"date":"2022-10-12T14:43:00","date_gmt":"2022-10-12T14:43:00","guid":{"rendered":"https:\/\/shop.belar.md\/?post_type=product&#038;p=2701"},"modified":"2026-04-22T05:01:06","modified_gmt":"2026-04-22T05:01:06","slug":"purifying-cleansing-gel","status":"publish","type":"product","link":"https:\/\/shop.belar.md\/ro\/product\/purifying-cleansing-gel\/","title":{"rendered":"Gel de sp\u0103lare pentru ten gras, indispensabil pentru cur\u0103\u021barea de \u00eenalt\u0103 calitate"},"content":{"rendered":"<p><span style=\"font-weight: 400;\">Gel de sp\u0103lare delicat, cu pantenol este un produs indispensabil pentru cur\u0103\u021barea de \u00eenalt\u0103 calitate a pielii grase sau pentru prevenirea inflama\u021biilor, la orice v\u00e2rst\u0103. Formula inovatoare este conceput\u0103 pentru a satisface nevoile at\u00e2t ale pielii tinere cu probleme, c\u00e2t \u0219i ale pielii mai mature, deshidratate, sensibile \u0219i predispuse la erup\u021bii cutanate. \u00cencep\u00e2nd cu adolescen\u021ba, c\u00e2nd apare prima \u201eacnee adolescentin\u0103\u201d, este cea mai bun\u0103 alegere pentru utilizare zilnic\u0103, pentru a \u00eendep\u0103rta cu bl\u00e2nde\u021be murd\u0103ria \u0219i excesul de sebum de pe piele, a reduce inflama\u021bia, a elimina luciul gras \u0219i a preveni formarea de noi elemente inflamatorii. Datorit\u0103 surfactan\u021bilor de origine vegetal\u0103, gelul de sp\u0103lare purificator cur\u0103\u021b\u0103 pielea deosebit de delicat, pantenolul din compozi\u021bie ofer\u0103 hidratare suplimentar\u0103 \u0219i calmeaz\u0103, reduce ro\u0219ea\u021ba \u0219i irita\u021biile. V\u00e2rsta nu conteaz\u0103: rezultatul utiliz\u0103rii regulate a gelului este o piele curat\u0103, frumoas\u0103 \u0219i s\u0103n\u0103toas\u0103.\u00a0 Aroma este proasp\u0103t\u0103 \u0219i revigorant\u0103.<\/span><\/p>\n<p><b><i>Avantaje:<\/i><\/b><\/p>\n<ul>\n<li style=\"font-weight: 400;\" aria-level=\"1\"><span style=\"font-weight: 400;\">un produs de cur\u0103\u021bare absolut universal, dezvoltat \u021bin\u00e2nd cont de nevoile pielii grase, problematice de diferite v\u00e2rste;<\/span><\/li>\n<li style=\"font-weight: 400;\" aria-level=\"1\"><span style=\"font-weight: 400;\">cur\u0103\u021b\u0103 eficient pielea de impurit\u0103\u021bi, l\u0103s\u00e2nd o senza\u021bie de cur\u0103\u021benie absolut\u0103, prospe\u021bime \u0219i \u00eengrijire;<\/span><\/li>\n<li style=\"font-weight: 400;\" aria-level=\"1\"><span style=\"font-weight: 400;\">amelioreaz\u0103 starea porilor, previne formarea comedoanelor \u0219i a acneei;<\/span><\/li>\n<li style=\"font-weight: 400;\" aria-level=\"1\"><span style=\"font-weight: 400;\">nu perturb\u0103 bariera protectoare a pielii, nu usuc\u0103, nu provoac\u0103 senza\u021bia de piele str\u00e2ns\u0103;<\/span><\/li>\n<li style=\"font-weight: 400;\" aria-level=\"1\"><span style=\"font-weight: 400;\">potrivit pentru \u00eendep\u0103rtarea machiajului, poate fi folosit cu gene false;<\/span><\/li>\n<li style=\"font-weight: 400;\" aria-level=\"1\"><span style=\"font-weight: 400;\">efect instantaneu \u0219i cumulativ \u2013 piele hidratat\u0103, moale \u0219i s\u0103n\u0103toas\u0103;<\/span><\/li>\n<li style=\"font-weight: 400;\" aria-level=\"1\"><span style=\"font-weight: 400;\">textur\u0103 de gel \u0219i arom\u0103 u\u0219oar\u0103 \u0219i revigorant\u0103;<\/span><\/li>\n<li style=\"font-weight: 400;\" aria-level=\"1\"><span style=\"font-weight: 400;\">produs \u201eunisex\u201d pentru \u00eentreaga familie, inclusiv adolescen\u021bi;<\/span><\/li>\n<li style=\"font-weight: 400;\" aria-level=\"1\"><span style=\"font-weight: 400;\">consum econom.<\/span><\/li>\n<\/ul>\n<p><b><i>Inova\u021bii, componente active<\/i><\/b><\/p>\n<ul>\n<li><b>Decil glucozid\u0103 (surfactant pe baz\u0103 de zah\u0103r):<\/b><span style=\"font-weight: 400;\"> component\u0103 natural\u0103, cur\u0103\u021b\u0103 \u0219i hidrateaz\u0103 pielea.<\/span><\/li>\n<li><b>Panthenol (provitamina B5):<\/b><span style=\"font-weight: 400;\"> stimuleaz\u0103 regenerarea celular\u0103, hidrateaz\u0103, calmeaz\u0103, amelioreaz\u0103 cicatrizarea \u0219i restaureaz\u0103 pielea deteriorat\u0103.<\/span><\/li>\n<\/ul>\n<p><b><i>Mod de utilizare:\u00a0<\/i><\/b><span style=\"font-weight: 400;\">Folosind palmele umede, aplica\u021bi o cantitate mic\u0103 de gel pe piele, masa\u021bi u\u0219or \u0219i apoi cl\u0103ti\u021bi. \u0218terge\u021bi pielea cu lo\u021biunea tonic\u0103 <\/span><a href=\"https:\/\/shop.belar.md\/ro\/product\/purifying-tonic\/\"><i><span style=\"font-weight: 400;\">Purifying Tonic<\/span><\/i><\/a><span style=\"font-weight: 400;\">.<\/span><\/p>","protected":false},"excerpt":{"rendered":"<p>PURIFYING CLEANSING GEL, 200 ml<\/p>\n","protected":false},"featured_media":2702,"template":"","meta":[],"product_cat":[40,41],"product_tag":[530,531],"_links":{"self":[{"href":"https:\/\/shop.belar.md\/ro\/wp-json\/wp\/v2\/product\/2701"}],"collection":[{"href":"https:\/\/shop.belar.md\/ro\/wp-json\/wp\/v2\/product"}],"about":[{"href":"https:\/\/shop.belar.md\/ro\/wp-json\/wp\/v2\/types\/product"}],"wp:featuredmedia":[{"embeddable":true,"href":"https:\/\/shop.belar.md\/ro\/wp-json\/wp\/v2\/media\/2702"}],"wp:attachment":[{"href":"https:\/\/shop.belar.md\/ro\/wp-json\/wp\/v2\/media?parent=2701"}],"wp:term":[{"taxonomy":"product_cat","embeddable":true,"href":"https:\/\/shop.belar.md\/ro\/wp-json\/wp\/v2\/product_cat?post=2701"},{"taxonomy":"product_tag","embeddable":true,"href":"https:\/\/shop.belar.md\/ro\/wp-json\/wp\/v2\/product_tag?post=2701"}],"curies":[{"name":"wp","href":"https:\/\/api.w.org\/{rel}","templated":true}]}}