{"id":2682,"date":"2022-09-29T09:16:44","date_gmt":"2022-09-29T09:16:44","guid":{"rendered":"https:\/\/shop.belar.md\/?post_type=product&#038;p=2682"},"modified":"2026-05-02T08:03:00","modified_gmt":"2026-05-02T05:03:00","slug":"fruit-peel-cream-mask","status":"publish","type":"product","link":"https:\/\/shop.belar.md\/ro\/product\/fruit-peel-cream-mask\/","title":{"rendered":"FRUIT PEEL CREAM MASK"},"content":{"rendered":"<p>O masc\u0103 crem\u0103 cu o textur\u0103 delicat\u0103 \u0219i o arom\u0103 pl\u0103cut\u0103 este dezvoltat\u0103 pe baza unui complex de acizi de fructe special pentru pielea plictisitoare, atonic\u0103 predispus\u0103 la inflama\u021bie. \u00cengro\u0219area stratului cornos al epidermei \u0219i a porilor contamina\u021bi ? o cauz\u0103 comun\u0103 a proceselor inflamatorii. Atunci c\u00e2nd pielea nu are timp s\u0103 se re\u00eennoiasc\u0103, devine plictisitoare, exist\u0103 o tendin\u021b\u0103 de peeling, formarea de elemente inflamatorii \u0219i pete de pigment. Masca cu acizi de fructe activeaz\u0103 procesul natural de re\u00eennoire a pielii, \u00eempiedic\u00e2nd dezvoltarea inflama\u021biei, uniformizeaz\u0103 tonul \u0219i relieful, elibereaz\u0103 porii, \u00eembun\u0103t\u0103\u021be\u0219te tenul.<\/p>\n<p>Complexul de acizi de fructe (glicolic, malic, tartric \u0219i citric) are un efect keratolitic asupra pielii, dizolv\u00e2nd celulele keratinizate &#8220;extra&#8221; \u0219i ajut\u00e2nd astfel celulele tinere noi s\u0103 ias\u0103 la suprafa\u021b\u0103 nestingherite.<br \/>\nUn rapel hidratant pe baz\u0103 de zaharuri \u0219i glicerin\u0103, combinat cu izomerat de zaharide, asigur\u0103 un nivel optim de hidratare. Aloe vera \u0219i bisabolol calmeaz\u0103 \u0219i \u00eenmoaie pielea.<\/p>\n<p>Folosind regulat (o dat\u0103 pe s\u0103pt\u0103m\u00e2n\u0103), porii sunt cur\u0103\u021ba\u021bi \u0219i redu\u0219i, pielea cap\u0103t\u0103 o culoare \u0219i o str\u0103lucire s\u0103n\u0103toas\u0103, uniform\u0103, arat\u0103 mai neted\u0103 \u0219i mai proasp\u0103t\u0103.<\/p>\n<ul>\n<li>\u00cendep\u0103rteaz\u0103 celulele keratinizate ale epidermei<\/li>\n<li>Previne formarea elementelor inflamatorii<\/li>\n<li>Cur\u0103\u021b\u0103 profund porii<\/li>\n<li>Uniformizeaz\u0103 tonul \u0219i relieful pielii<\/li>\n<li>Hidrateaz\u0103 \u0219i re\u021bine umezeala \u00een piele<\/li>\n<li>Lumineaz\u0103 pete pigmentate, inclusiv post-acnee<\/li>\n<li>Ofer\u0103 un efect de \u00eentinerire, un must-have pentru pielea matur\u0103<\/li>\n<li>Restabile\u0219te prospe\u021bimea \u0219i str\u0103lucirea natural\u0103 a pielii<\/li>\n<\/ul>\n<p><\/p>","protected":false},"excerpt":{"rendered":"<p>Masc\u0103 crem\u0103 de cur\u0103\u021bare cu acizi AHA<\/p>\n","protected":false},"featured_media":2683,"template":"","meta":[],"product_cat":[40,41],"product_tag":[],"_links":{"self":[{"href":"https:\/\/shop.belar.md\/ro\/wp-json\/wp\/v2\/product\/2682"}],"collection":[{"href":"https:\/\/shop.belar.md\/ro\/wp-json\/wp\/v2\/product"}],"about":[{"href":"https:\/\/shop.belar.md\/ro\/wp-json\/wp\/v2\/types\/product"}],"wp:featuredmedia":[{"embeddable":true,"href":"https:\/\/shop.belar.md\/ro\/wp-json\/wp\/v2\/media\/2683"}],"wp:attachment":[{"href":"https:\/\/shop.belar.md\/ro\/wp-json\/wp\/v2\/media?parent=2682"}],"wp:term":[{"taxonomy":"product_cat","embeddable":true,"href":"https:\/\/shop.belar.md\/ro\/wp-json\/wp\/v2\/product_cat?post=2682"},{"taxonomy":"product_tag","embeddable":true,"href":"https:\/\/shop.belar.md\/ro\/wp-json\/wp\/v2\/product_tag?post=2682"}],"curies":[{"name":"wp","href":"https:\/\/api.w.org\/{rel}","templated":true}]}}