{"id":2653,"date":"2022-09-28T07:14:17","date_gmt":"2022-09-28T07:14:17","guid":{"rendered":"https:\/\/shop.belar.md\/?post_type=product&#038;p=2653"},"modified":"2026-04-20T05:06:15","modified_gmt":"2026-04-20T05:06:15","slug":"magic-glow-serum-50ml","status":"publish","type":"product","link":"https:\/\/shop.belar.md\/ro\/product\/magic-glow-serum-50ml\/","title":{"rendered":"Ser hidratant anti-age, cu efect de str\u0103lucire instantanee"},"content":{"rendered":"<p><span style=\"font-weight: 400;\">Ser hidratant anti-age, cu efect WOW: doar c\u00e2teva atingeri \u0219i pielea ta str\u0103luce\u0219te din interior! Un fluid u\u0219or, aproape imponderabil, de culoarea perlei, se a\u0219terne pe piele ca un voal aerisit de sidef, satur\u00e2nd-o instantaneu cu umiditate, netezind ridurile \u0219i oferindu-i o str\u0103lucire uimitor de frumoas\u0103, foarte calm\u0103, cu adev\u0103rat \u201emagic\u0103\u201d. Hidrateaz\u0103 intens \u0219i re\u021bine umiditatea \u00een piele timp de 72 de ore, \u00eei cre\u0219te elasticitatea \u0219i fermitatea, reduce ridurile. Extractul de alge oceanice stimuleaz\u0103 re\u00eennoirea celular\u0103, uniformizeaz\u0103 nuan\u021ba pielii \u0219i \u00eembun\u0103t\u0103\u021be\u0219te tenul. Un complex special de \u00eenchidere a porilor elimin\u0103 luciul gras \u0219i ofer\u0103 pielii o netezime perfect\u0103. <\/span><i><span style=\"font-weight: 400;\">Pigmen\u021bii Soft Focus<\/span><\/i><span style=\"font-weight: 400;\"> creeaz\u0103 efectul unei str\u0103luciri delicate, \u201eumede\u201d. Cu fiecare utilizare, pielea arat\u0103 din ce \u00een ce mai bine \u2013 perfect hidratat\u0103, odihnit\u0103, \u00eengrijit\u0103. Textura este o emulsie u\u0219oar\u0103, sidefat\u0103. Aroma este delicat\u0103 \u0219i frumoas\u0103.<\/span><\/p>\n<p><b><i>Avantaje:<\/i><\/b><\/p>\n<ul>\n<li style=\"font-weight: 400;\" aria-level=\"1\"><span style=\"font-weight: 400;\">efect instantaneu \u201ewow\u201d de \u201ephotoshop\u201d \u2013 piele proasp\u0103t\u0103, radiant\u0103, u\u0219or hidratat\u0103, frumoas\u0103, chiar \u0219i f\u0103r\u0103 fond de ten;<\/span><\/li>\n<li style=\"font-weight: 400;\" aria-level=\"1\"><span style=\"font-weight: 400;\">efect cumulativ, \u00een cre\u0219tere: pielea re\u00eennoit\u0103 devine perfect neted\u0103 \u0219i arat\u0103 impecabil;<\/span><\/li>\n<li style=\"font-weight: 400;\" aria-level=\"1\"><span style=\"font-weight: 400;\">compozi\u021bie unic\u0103 \u2013 concentra\u021bie mare de ingrediente anti-age inovatoare \u0219i efectul lor sinergic;<\/span><\/li>\n<li style=\"font-weight: 400;\" aria-level=\"1\"><span style=\"font-weight: 400;\">hidrateaz\u0103 intens, elimin\u0103 luciul gras, \u00eenchide \u0219i cur\u0103\u021b\u0103 porii, previne inflama\u021bia, \u201e\u0219terge\u201d urmele post-acneice;<\/span><\/li>\n<li style=\"font-weight: 400;\" aria-level=\"1\"><span style=\"font-weight: 400;\">protejeaz\u0103 pielea de influen\u021bele negative ale mediului, previne \u00eemb\u0103tr\u00e2nirea prematur\u0103;<\/span><\/li>\n<li style=\"font-weight: 400;\" aria-level=\"1\"><span style=\"font-weight: 400;\">diverse op\u021biuni de aplicare: sub crem\u0103, pe crem\u0103, local ca iluminator;<\/span><\/li>\n<li style=\"font-weight: 400;\" aria-level=\"1\"><span style=\"font-weight: 400;\">textur\u0103 fluid\u0103 \u0219i imponderabil\u0103 \u0219i arom\u0103 rafinat\u0103.<\/span><\/li>\n<\/ul>\n<p><b><i>Inova\u021bii, componente active:<\/i><\/b><\/p>\n<ul>\n<li><b>Extract de alge din Oceanul Indian:<\/b><span style=\"font-weight: 400;\"> con\u021bine ferment de Bacillus, care stimuleaz\u0103 re\u00eennoirea celular\u0103 \u0219i creeaz\u0103 o structur\u0103 uniform\u0103 a stratului superior al epidermei, necesar\u0103 pentru str\u0103lucirea natural\u0103 inerent\u0103 pielii tinere. Dovedit clinic &#8211;\u00a0 cre\u0219te str\u0103lucirea pielii cu 28% dup\u0103 28 de zile. \u00cembun\u0103t\u0103\u021be\u0219te hidratarea pielii \u0219i reduce pierderea transepidermic\u0103 de ap\u0103 (TEWL), cre\u0219te elasticitatea pielii.<\/span><\/li>\n<li><b>Equal Refining Complex:<\/b><span style=\"font-weight: 400;\"> O combina\u021bie de acid oleanolic \u0219i extract de scoar\u021b\u0103 de Enantia Chlorantha. Elimin\u0103 luciul gras \u0219i \u00eenchide porii, ofer\u0103 o textur\u0103 impecabil\u0103 \u0219i \u00eembun\u0103t\u0103\u021be\u0219te capacitatea pielii de a reflecta lumina, are efect seboregulator \u0219i antiinflamator.<\/span><\/li>\n<li><b>Acid hialuronic cu greutate molecular\u0103 mare \u0219i mic\u0103:<\/b><span style=\"font-weight: 400;\"> hidrateaz\u0103 \u0219i protejeaz\u0103 pielea de pierderea umidit\u0103\u021bii, neteze\u0219te ridurile, are efect de lifting.<\/span><\/li>\n<li><b>Izomerat de zaharid\u0103:<\/b><span style=\"font-weight: 400;\">. Are propriet\u0103\u021bi de re\u021binere a umidit\u0103\u021bii de lung\u0103 durat\u0103. Regleaz\u0103 umiditatea pielii \u0219i ofer\u0103 un nivel ridicat de hidratare timp de 72 de ore.<\/span><\/li>\n<li><b>Cafeina:<\/b><span style=\"font-weight: 400;\"> \u00eembun\u0103t\u0103\u021be\u0219te microcircula\u021bia, are un efect drenant antiedematos pronun\u021bat, red\u0103 pielii prospe\u021bimea.<\/span><\/li>\n<li><b>Extract de alge Chondrus Crispus:<\/b><span style=\"font-weight: 400;\"> con\u021bine molecule de caragenan \u00eenrudite cu pielea uman\u0103, care se leag\u0103 de proteinele epidermei \u0219i o fac impermeabil\u0103 la factorii de mediu adver\u0219i, reduc TEWL (extractul de piele uscat\u0103), hidrateaz\u0103 \u0219i calmeaz\u0103. Ofer\u0103 un efect antioxidant rejuvenant \u0219i sus\u021bine sinteza colagenului.<\/span><\/li>\n<li><b>Niacinamid\u0103 (vitamina B3):<\/b><span style=\"font-weight: 400;\"> regleaz\u0103 produc\u021bia de sebum, are un efect puternic\u00a0 antioxidant. Hidrateaz\u0103, calmeaz\u0103 pielea, stimuleaz\u0103 microcircula\u021bia.<\/span><\/li>\n<li><b>Combina\u021bie de pigmen\u021bi Soft Focus:<\/b><span style=\"font-weight: 400;\"> cei mai mici pigmen\u021bi, care corecteaz\u0103 vizual imperfec\u021biunile pielii, cre\u00e2nd un efect optic de \u201ePhotoshop\u201d. Pigmen\u021bi minerali speciali &#8211; ac\u021bioneaz\u0103 ca o prism\u0103 pe piele, transmi\u021b\u00e2nd \u0219i reflect\u00e2nd lumina de la ridurile \u0219i liniile de pe piele, f\u0103c\u00e2ndu-le mai pu\u021bin vizibile. Datorit\u0103 nuan\u021bei violet, u\u0219or sidefate, uniformizeaz\u0103 nuan\u021ba pielii \u0219i camufleaz\u0103 micile imperfec\u021biuni estetice.<\/span><\/li>\n<li><b><i>Mod de utilizare:\u00a0<\/i><\/b><span style=\"font-weight: 400;\">Aplica\u021bi serul diminea\u021ba dup\u0103 cur\u0103\u021bare \u0219i tonifiere, sub crema <\/span><i><span style=\"font-weight: 400;\">Sensational Glow Cream<\/span><\/i><span style=\"font-weight: 400;\"> sau crema \u00een func\u021bie de tipul dumneavoastr\u0103 de ten. Pentru o str\u0103lucire mai pronun\u021bat\u0103, aplic\u0103 mai \u00eent\u00e2i crema \u0219i apoi Serul Magic Glow deasupra.<\/span><\/li>\n<\/ul>\n<p><b>\u00a0Sfat:<\/b><span style=\"font-weight: 400;\"> Folose\u0219te-l ca iluminator pentru zone specifice sau ca primer sub machiaj.<\/span><\/p>","protected":false},"excerpt":{"rendered":"<p>MAGIC GLOW SERUM 50ml<\/p>\n","protected":false},"featured_media":2655,"template":"","meta":[],"product_cat":[40,41],"product_tag":[],"_links":{"self":[{"href":"https:\/\/shop.belar.md\/ro\/wp-json\/wp\/v2\/product\/2653"}],"collection":[{"href":"https:\/\/shop.belar.md\/ro\/wp-json\/wp\/v2\/product"}],"about":[{"href":"https:\/\/shop.belar.md\/ro\/wp-json\/wp\/v2\/types\/product"}],"wp:featuredmedia":[{"embeddable":true,"href":"https:\/\/shop.belar.md\/ro\/wp-json\/wp\/v2\/media\/2655"}],"wp:attachment":[{"href":"https:\/\/shop.belar.md\/ro\/wp-json\/wp\/v2\/media?parent=2653"}],"wp:term":[{"taxonomy":"product_cat","embeddable":true,"href":"https:\/\/shop.belar.md\/ro\/wp-json\/wp\/v2\/product_cat?post=2653"},{"taxonomy":"product_tag","embeddable":true,"href":"https:\/\/shop.belar.md\/ro\/wp-json\/wp\/v2\/product_tag?post=2653"}],"curies":[{"name":"wp","href":"https:\/\/api.w.org\/{rel}","templated":true}]}}