{"id":2645,"date":"2022-09-27T14:13:14","date_gmt":"2022-09-27T14:13:14","guid":{"rendered":"https:\/\/shop.belar.md\/?post_type=product&#038;p=2645"},"modified":"2026-04-19T05:00:49","modified_gmt":"2026-04-19T05:00:49","slug":"soothing-face-mask-200ml","status":"publish","type":"product","link":"https:\/\/shop.belar.md\/ro\/product\/soothing-face-mask-200ml\/","title":{"rendered":"Masc\u0103 instantant calmant\u0103, primul ajutor pentru pielea iritat\u0103"},"content":{"rendered":"<p><span style=\"font-weight: 400;\">Ajutor de urgen\u021b\u0103 pentru pielea iritat\u0103 &#8211; o masc\u0103 calmant\u0103 cu o textur\u0103 cremoas\u0103 \u0219i delicat\u0103, amelioreaz\u0103 instantaneu irita\u021bia, ro\u0219ea\u021ba \u0219i senza\u021bia de piele str\u00e2ns\u0103. Cre\u0219te rezisten\u021ba pielii la iritan\u021bii externi. Hidrateaz\u0103 \u0219i catifeleaz\u0103 pielea, \u00eei restabile\u0219te bariera protectoare. Con\u021bine fitocomplexul inovator <\/span><i><span style=\"font-weight: 400;\">Skin Defense Complex+<\/span><\/i><span style=\"font-weight: 400;\"> cu propriet\u0103\u021bi unice de calmare \u0219i antiinflamatorii, precum \u0219i o component\u0103 special\u0103 &#8211; un <\/span><i><span style=\"font-weight: 400;\">polizaharid biotehnologic Fucogel <\/span><\/i><span style=\"font-weight: 400;\">care reduce ro\u0219ea\u021ba \u00een doar 5 minute. Indispensabil dup\u0103 orice impact agresiv (insola\u021bie, proceduri cosmetice active).<\/span><\/p>\n<p><b><i>Avantaje:<\/i><\/b><\/p>\n<ul>\n<li style=\"font-weight: 400;\" aria-level=\"1\"><span style=\"font-weight: 400;\">efect calmant instantaneu \u2013 elimin\u0103 toate semnele de irita\u021bie;<\/span><\/li>\n<li style=\"font-weight: 400;\" aria-level=\"1\"><span style=\"font-weight: 400;\">efect cumulativ \u2013 reduce reactivitatea pielii;<\/span><\/li>\n<li style=\"font-weight: 400;\" aria-level=\"1\"><span style=\"font-weight: 400;\">prevenire hipersensibilitatea cutanat\u0103;<\/span><\/li>\n<li style=\"font-weight: 400;\" aria-level=\"1\"><span style=\"font-weight: 400;\">produs pentru trusa de\u00a0 medicamente de acas\u0103 \u2013 potrivit pentru \u00eentreaga familie;<\/span><\/li>\n<li style=\"font-weight: 400;\" aria-level=\"1\"><span style=\"font-weight: 400;\">textur\u0103 delicat\u0103 care \u00eenv\u0103luie;<\/span><\/li>\n<li style=\"font-weight: 400;\" aria-level=\"1\"><span style=\"font-weight: 400;\">f\u0103r\u0103 parfum intens;<\/span><\/li>\n<li style=\"font-weight: 400;\" aria-level=\"1\"><span style=\"font-weight: 400;\">poate fi l\u0103sat\u0103 peste noapte \u0219i nu se spal\u0103;<\/span><\/li>\n<li style=\"font-weight: 400;\" aria-level=\"1\"><span style=\"font-weight: 400;\">nu provoac\u0103 edeme diminea\u021ba.<\/span><\/li>\n<li style=\"font-weight: 400;\" aria-level=\"1\"><span style=\"font-weight: 400;\">produs hipoalergenic, siguran\u021b\u0103 \u0219i eficacitate dovedite \u00een studii clinice.<\/span><\/li>\n<\/ul>\n<p><b><i>Inova\u021bii, componente active<\/i><\/b><\/p>\n<ul>\n<li><b>Pudr\u0103 Fucogel:<\/b><span style=\"font-weight: 400;\"> polizaharid\u0103 cu greutate molecular\u0103 mare, const\u00e2nd din L-fructoz\u0103, D-galactoz\u0103 \u0219i acid galacturonic; formeaz\u0103 o pelicul\u0103 protectoare pe piele \u0219i calmeaz\u0103 instantaneu.<\/span><\/li>\n<li><b>Complex de protec\u021bie a pielii+ activ:<\/b><span style=\"font-weight: 400;\"> fitocomplex de ulei de semin\u021be de coac\u0103ze negre, bogat \u00een acizi gra\u0219i omega-3 \u0219i -6, extract din planta medicinal\u0103 cardiospermum cu un con\u021binut ridicat de fitosteroli \u0219i ac\u021biune similar\u0103 hidrocortizonului, frac\u021bie nesaponificabil\u0103 a uleiului de floarea-soarelui. Amelioreaz\u0103 inflama\u021bia, restabile\u0219te \u0219i \u00eent\u0103re\u0219te bariera epidermic\u0103, reduce hiperreactivitatea pielii \u0219i reduce riscul de reac\u021bii alergice.<\/span><\/li>\n<li><b>ISIS:<\/b><span style=\"font-weight: 400;\"> emolient de origine vegetal\u0103; se integreaz\u0103 \u00een lipidele intercelulare, restabile\u0219te \u0219i \u00eent\u0103re\u0219te func\u021bia de barier\u0103 a pielii.<\/span><\/li>\n<li><b>Alantoin\u0103: <\/b><span style=\"font-weight: 400;\">calmeaz\u0103, catifeleaz\u0103, hidrateaz\u0103, promoveaz\u0103 regenerarea pielii, \u00eei restabile\u0219te propriet\u0103\u021bile de barier\u0103. Adesea folosit \u00een cosmetice pentru \u00eengrijirea pielii \u00een caz de dermatit\u0103.<\/span><\/li>\n<li><b>Izomerat de zaharid\u0103: <\/b><span style=\"font-weight: 400;\">Ofer\u0103 hidratare suplimentar\u0103 pielii timp de 72 de ore.<\/span><\/li>\n<\/ul>\n<p><b><i>Mod de utilizare: <\/i><\/b><span style=\"font-weight: 400;\">Regulat (de 2-3 ori pe s\u0103pt\u0103m\u00e2n\u0103) \u0219i la nevoie. Aplica\u021bi masca pe pielea fe\u021bei, g\u00e2tului \u0219i decolteului, l\u0103sa\u021bi s\u0103 ac\u021bioneze 15-20 de minute, cl\u0103ti\u021bi reziduurile sau tampona\u021bi cu un \u0219erve\u021bel. Dac\u0103 dori\u021bi, pute\u021bi aplica \u0219i l\u0103sa peste noapte.<\/span><\/p>","protected":false},"excerpt":{"rendered":"<p>Soothing face mask, 200ml<\/p>\n","protected":false},"featured_media":2646,"template":"","meta":[],"product_cat":[40,41],"product_tag":[],"_links":{"self":[{"href":"https:\/\/shop.belar.md\/ro\/wp-json\/wp\/v2\/product\/2645"}],"collection":[{"href":"https:\/\/shop.belar.md\/ro\/wp-json\/wp\/v2\/product"}],"about":[{"href":"https:\/\/shop.belar.md\/ro\/wp-json\/wp\/v2\/types\/product"}],"wp:featuredmedia":[{"embeddable":true,"href":"https:\/\/shop.belar.md\/ro\/wp-json\/wp\/v2\/media\/2646"}],"wp:attachment":[{"href":"https:\/\/shop.belar.md\/ro\/wp-json\/wp\/v2\/media?parent=2645"}],"wp:term":[{"taxonomy":"product_cat","embeddable":true,"href":"https:\/\/shop.belar.md\/ro\/wp-json\/wp\/v2\/product_cat?post=2645"},{"taxonomy":"product_tag","embeddable":true,"href":"https:\/\/shop.belar.md\/ro\/wp-json\/wp\/v2\/product_tag?post=2645"}],"curies":[{"name":"wp","href":"https:\/\/api.w.org\/{rel}","templated":true}]}}