{"id":2486,"date":"2022-08-24T09:04:46","date_gmt":"2022-08-24T09:04:46","guid":{"rendered":"https:\/\/shop.belar.md\/?post_type=product&#038;p=2486"},"modified":"2026-04-19T05:01:36","modified_gmt":"2026-04-19T05:01:36","slug":"total-comfort-light-creme","status":"publish","type":"product","link":"https:\/\/shop.belar.md\/ro\/product\/total-comfort-light-creme\/","title":{"rendered":"TOTAL COMFORT LIGHT CREME"},"content":{"rendered":"<p>Crema cu o textura usoara, aroma delicata de afine si frisca are un puternic efect de intinerire.<br \/>\nDatorit\u0103&#8221; moleculei de tineret &#8221; \u0219i a biocomplexelor antiage, activeaz\u0103 re\u00eennoirea celulelor, \u00eembun\u0103t\u0103\u021be\u0219te sinteza colagenului \u0219i elastinei, previne deteriorarea ADN-ului de lumina soarelui, reduce ad\u00e2ncimea \u0219i severitatea ridurilor, \u00eent\u0103re\u0219te pielea, \u00eenmoaie \u0219i hidrateaz\u0103, previne \u00eemb\u0103tr\u00e2nirea rapid\u0103 a pielii dup\u0103 40 de ani. Crema este absorbit\u0103 rapid \u0219i poate servi ca o baz\u0103 excelent\u0103 de machiaj. Este potrivit pentru toate tipurile de piele decolorant\u0103.<br \/>\n<strong>Aplicare:<\/strong> aplica\u021bi serul Super-lifting zilnic diminea\u021ba \u0219i \/ sau seara pe pielea fe\u021bei \u0219i a g\u00e2tului, urmat\u0103 de o crem\u0103.<\/p>","protected":false},"excerpt":{"rendered":"<p>Crem\u0103 U\u0219oar\u0103 Comfort<\/p>\n","protected":false},"featured_media":2487,"template":"","meta":[],"product_cat":[41],"product_tag":[],"_links":{"self":[{"href":"https:\/\/shop.belar.md\/ro\/wp-json\/wp\/v2\/product\/2486"}],"collection":[{"href":"https:\/\/shop.belar.md\/ro\/wp-json\/wp\/v2\/product"}],"about":[{"href":"https:\/\/shop.belar.md\/ro\/wp-json\/wp\/v2\/types\/product"}],"wp:featuredmedia":[{"embeddable":true,"href":"https:\/\/shop.belar.md\/ro\/wp-json\/wp\/v2\/media\/2487"}],"wp:attachment":[{"href":"https:\/\/shop.belar.md\/ro\/wp-json\/wp\/v2\/media?parent=2486"}],"wp:term":[{"taxonomy":"product_cat","embeddable":true,"href":"https:\/\/shop.belar.md\/ro\/wp-json\/wp\/v2\/product_cat?post=2486"},{"taxonomy":"product_tag","embeddable":true,"href":"https:\/\/shop.belar.md\/ro\/wp-json\/wp\/v2\/product_tag?post=2486"}],"curies":[{"name":"wp","href":"https:\/\/api.w.org\/{rel}","templated":true}]}}