{"id":2482,"date":"2022-08-24T08:50:31","date_gmt":"2022-08-24T08:50:31","guid":{"rendered":"https:\/\/shop.belar.md\/?post_type=product&#038;p=2482"},"modified":"2026-04-18T05:03:45","modified_gmt":"2026-04-18T05:03:45","slug":"maximum-lifting-creme","status":"publish","type":"product","link":"https:\/\/shop.belar.md\/ro\/product\/maximum-lifting-creme\/","title":{"rendered":"MAXIMUM LIFTING CREME"},"content":{"rendered":"<p>Crema bl\u00e2nd\u0103 are un efect de ridicare puternic \u0219i de lung\u0103 durat\u0103, \u00eentinere\u0219te pielea la nivel celular.<br \/>\nEste o alegere ideal\u0103 pentru persoanele cu piele lent\u0103, atonic\u0103, &#8220;lipsit\u0103 de via\u021b\u0103&#8221;. Complexul inovator de \u00eent\u0103rire Matrixylsint &#8216; 6 stimuleaz\u0103 fibrele de sus\u021binere, cre\u0219te sinteza colagenului, elastinei, combate activ ridurile \u0219i alte semne de \u00eemb\u0103tr\u00e2nire. Crema m\u0103re\u0219te tonul \u0219i elasticitatea pielii, elimin\u0103 fr\u0103m\u00e2ntarea, \u00eembun\u0103t\u0103\u021be\u0219te ovalul fe\u021bei, protejeaz\u0103 \u00eempotriva factorilor de mediu negativi.<br \/>\n<strong>Aplicare:<\/strong> aplica\u021bi serul Super-lifting pe fa\u021b\u0103 \u0219i g\u00e2t zilnic diminea\u021ba \u0219i \/ sau seara, urmat de o crem\u0103.<\/p>","protected":false},"excerpt":{"rendered":"<p>Crem\u0103 maxim\u0103 de str\u00e2ngere<\/p>\n","protected":false},"featured_media":2483,"template":"","meta":[],"product_cat":[41],"product_tag":[],"_links":{"self":[{"href":"https:\/\/shop.belar.md\/ro\/wp-json\/wp\/v2\/product\/2482"}],"collection":[{"href":"https:\/\/shop.belar.md\/ro\/wp-json\/wp\/v2\/product"}],"about":[{"href":"https:\/\/shop.belar.md\/ro\/wp-json\/wp\/v2\/types\/product"}],"wp:featuredmedia":[{"embeddable":true,"href":"https:\/\/shop.belar.md\/ro\/wp-json\/wp\/v2\/media\/2483"}],"wp:attachment":[{"href":"https:\/\/shop.belar.md\/ro\/wp-json\/wp\/v2\/media?parent=2482"}],"wp:term":[{"taxonomy":"product_cat","embeddable":true,"href":"https:\/\/shop.belar.md\/ro\/wp-json\/wp\/v2\/product_cat?post=2482"},{"taxonomy":"product_tag","embeddable":true,"href":"https:\/\/shop.belar.md\/ro\/wp-json\/wp\/v2\/product_tag?post=2482"}],"curies":[{"name":"wp","href":"https:\/\/api.w.org\/{rel}","templated":true}]}}