{"id":2463,"date":"2022-08-23T12:38:23","date_gmt":"2022-08-23T12:38:23","guid":{"rendered":"https:\/\/shop.belar.md\/?post_type=product&#038;p=2463"},"modified":"2026-04-19T05:01:22","modified_gmt":"2026-04-19T05:01:22","slug":"lift-firming-cream","status":"publish","type":"product","link":"https:\/\/shop.belar.md\/ro\/product\/lift-firming-cream\/","title":{"rendered":"LIFT FIRMING CREAM"},"content":{"rendered":"<p>O crem\u0103 cu o textur\u0103 moale \u0219i confortabil\u0103 este un instrument indispensabil pentru combaterea semnelor de \u00eemb\u0103tr\u00e2nire a pielii.<br \/>\nDatorit\u0103 relax\u0103rii mu\u0219chilor faciali \u0219i a ac\u021biunii de umplere a microsferelor-umpluturi, medicamentul reduce semnificativ severitatea ridurilor de orice localizare \u0219i neteze\u0219te suprafa\u021ba pielii. Datorit\u0103 biocomplexelor bazate pe biopolimeri naturali, crema str\u00e2nge pielea, creeaz\u0103 un efect de ridicare de durat\u0103. Uleiurile vegetale valoroase \u0219i extractul de smochine, care fac parte din preparat, ajut\u0103 la restabilirea elasticit\u0103\u021bii \u0219i elasticit\u0103\u021bii pielii, la \u00eent\u0103rirea acesteia, au un efect pronun\u021bat de \u00eentinerire.<br \/>\n<strong>Aplicare:<\/strong> Aplica\u021bi o cantitate mic\u0103 de crem\u0103 diminea\u021ba \u0219i\/ sau seara. Poate fi combinat cu ser.<\/p>","protected":false},"excerpt":{"rendered":"<p>Crem\u0103 de \u00eent\u0103rire<\/p>\n","protected":false},"featured_media":2464,"template":"","meta":[],"product_cat":[41],"product_tag":[],"_links":{"self":[{"href":"https:\/\/shop.belar.md\/ro\/wp-json\/wp\/v2\/product\/2463"}],"collection":[{"href":"https:\/\/shop.belar.md\/ro\/wp-json\/wp\/v2\/product"}],"about":[{"href":"https:\/\/shop.belar.md\/ro\/wp-json\/wp\/v2\/types\/product"}],"wp:featuredmedia":[{"embeddable":true,"href":"https:\/\/shop.belar.md\/ro\/wp-json\/wp\/v2\/media\/2464"}],"wp:attachment":[{"href":"https:\/\/shop.belar.md\/ro\/wp-json\/wp\/v2\/media?parent=2463"}],"wp:term":[{"taxonomy":"product_cat","embeddable":true,"href":"https:\/\/shop.belar.md\/ro\/wp-json\/wp\/v2\/product_cat?post=2463"},{"taxonomy":"product_tag","embeddable":true,"href":"https:\/\/shop.belar.md\/ro\/wp-json\/wp\/v2\/product_tag?post=2463"}],"curies":[{"name":"wp","href":"https:\/\/api.w.org\/{rel}","templated":true}]}}