{"id":2457,"date":"2022-08-23T12:15:20","date_gmt":"2022-08-23T12:15:20","guid":{"rendered":"https:\/\/shop.belar.md\/?post_type=product&#038;p=2457"},"modified":"2026-04-16T05:01:21","modified_gmt":"2026-04-16T05:01:21","slug":"pro-density-cream-mask","status":"publish","type":"product","link":"https:\/\/shop.belar.md\/ro\/product\/pro-density-cream-mask\/","title":{"rendered":"PRO-DENSITY CREAM-MASK"},"content":{"rendered":"<p>Masca crem\u0103 de lux cu o textur\u0103 bogat\u0103 con\u021bine peptide inovatoare-relaxante musculare care ac\u021bioneaz\u0103 ca toxina botulinic\u0103, precum \u0219i microsfere-umpluturi din genera\u021bia a 4-A, care umple instantaneu at\u00e2t ridurile fine, c\u00e2t \u0219i cele profunde.<br \/>\n\u00cen plus, medicamentul con\u021bine o mul\u021bime de uleiuri vegetale deosebit de valoroase care hr\u0103nesc, hidrateaz\u0103, protejeaz\u0103 \u0219i \u00eent\u0103resc pielea. Atunci c\u00e2nd se utilizeaz\u0103 o masc\u0103 crem\u0103, pielea \u00ee\u0219i recap\u0103t\u0103 treptat elasticitatea \u0219i elasticitatea, suprafa\u021ba devine perfect neted\u0103 \u0219i uniform\u0103, ovalul fe\u021bei devine clar, ridurile fine \u0219i ad\u00e2nci sunt netezite.<br \/>\n<strong>Aplica\u021bie:<\/strong> aplica\u021bi o cantitate mic\u0103 de medicament ca o crem\u0103 de zi \u0219i \/ sau de noapte. Poate fi combinat cu ser. Poate fi folosit \u0219i ca masc\u0103: aplica\u021bi timp de 10-20 de minute pe pielea bine cur\u0103\u021bat\u0103, apoi \u00eendep\u0103rta\u021bi cu un \u0219erve\u021bel de h\u00e2rtie.<\/p>","protected":false},"excerpt":{"rendered":"<p>Masc\u0103 crem\u0103 ferm\u0103 cu efect de toxin\u0103 botulinic\u0103<\/p>\n","protected":false},"featured_media":2458,"template":"","meta":[],"product_cat":[41],"product_tag":[],"_links":{"self":[{"href":"https:\/\/shop.belar.md\/ro\/wp-json\/wp\/v2\/product\/2457"}],"collection":[{"href":"https:\/\/shop.belar.md\/ro\/wp-json\/wp\/v2\/product"}],"about":[{"href":"https:\/\/shop.belar.md\/ro\/wp-json\/wp\/v2\/types\/product"}],"wp:featuredmedia":[{"embeddable":true,"href":"https:\/\/shop.belar.md\/ro\/wp-json\/wp\/v2\/media\/2458"}],"wp:attachment":[{"href":"https:\/\/shop.belar.md\/ro\/wp-json\/wp\/v2\/media?parent=2457"}],"wp:term":[{"taxonomy":"product_cat","embeddable":true,"href":"https:\/\/shop.belar.md\/ro\/wp-json\/wp\/v2\/product_cat?post=2457"},{"taxonomy":"product_tag","embeddable":true,"href":"https:\/\/shop.belar.md\/ro\/wp-json\/wp\/v2\/product_tag?post=2457"}],"curies":[{"name":"wp","href":"https:\/\/api.w.org\/{rel}","templated":true}]}}