{"id":2450,"date":"2022-08-22T13:46:34","date_gmt":"2022-08-22T13:46:34","guid":{"rendered":"https:\/\/shop.belar.md\/?post_type=product&#038;p=2450"},"modified":"2026-04-18T05:03:23","modified_gmt":"2026-04-18T05:03:23","slug":"d-tox-scrub-mask","status":"publish","type":"product","link":"https:\/\/shop.belar.md\/ro\/product\/d-tox-scrub-mask\/","title":{"rendered":"D-TOX SCRUB &#038; MASK"},"content":{"rendered":"<p>Un produs 2 \u00een 1 pe baz\u0103 de argil\u0103 moale, particule de siliciu \u0219i extracte de plante medicinale ac\u021bioneaz\u0103 ca o masc\u0103 de cur\u0103\u021bare \u0219i detoxifiere.<br \/>\nBiocomplexele avansate LIGNACELL \u0219i LIGHT &#8216;Enis ofer\u0103 efectul de&#8221; repornire &#8221; a pielii. Ac\u021biunea complexelor este sporit\u0103 de iris phytamis (este un extract 100% natural cu un con\u021binut ridicat de molecule active). Combate ro\u0219ea\u021ba pielii prin \u00eent\u0103rirea vaselor de s\u00e2nge. Alantoina calmeaz\u0103 \u0219i protejeaz\u0103 \u00eempotriva deshidrat\u0103rii. Uleiurile esen\u021biale de portocale, rozmarin, geranium \u0219i lavand\u0103 elimin\u0103 toxinele \u0219i tonific\u0103. Extractul de brusture are un efect puternic de cur\u0103\u021bare.<br \/>\n<strong>Aplicare<\/strong>: Aplica\u021bi un strat sub\u021bire de masc\u0103 pe fa\u021b\u0103, masa\u021bi u\u0219or \u00eentr-o mi\u0219care circular\u0103 timp de 2-3 minute, l\u0103sa\u021bi masca timp de 10 minute. Cl\u0103ti\u021bi cu ap\u0103. Utiliza\u021bi de 1-2 ori pe s\u0103pt\u0103m\u00e2n\u0103.<\/p>","protected":false},"excerpt":{"rendered":"<p>Scrub \u0219i masc\u0103 antitoxic\u0103<\/p>\n","protected":false},"featured_media":2451,"template":"","meta":[],"product_cat":[41],"product_tag":[],"_links":{"self":[{"href":"https:\/\/shop.belar.md\/ro\/wp-json\/wp\/v2\/product\/2450"}],"collection":[{"href":"https:\/\/shop.belar.md\/ro\/wp-json\/wp\/v2\/product"}],"about":[{"href":"https:\/\/shop.belar.md\/ro\/wp-json\/wp\/v2\/types\/product"}],"wp:featuredmedia":[{"embeddable":true,"href":"https:\/\/shop.belar.md\/ro\/wp-json\/wp\/v2\/media\/2451"}],"wp:attachment":[{"href":"https:\/\/shop.belar.md\/ro\/wp-json\/wp\/v2\/media?parent=2450"}],"wp:term":[{"taxonomy":"product_cat","embeddable":true,"href":"https:\/\/shop.belar.md\/ro\/wp-json\/wp\/v2\/product_cat?post=2450"},{"taxonomy":"product_tag","embeddable":true,"href":"https:\/\/shop.belar.md\/ro\/wp-json\/wp\/v2\/product_tag?post=2450"}],"curies":[{"name":"wp","href":"https:\/\/api.w.org\/{rel}","templated":true}]}}